{"id":387370,"date":"2025-09-02T10:21:36","date_gmt":"2025-09-02T10:21:36","guid":{"rendered":"https:\/\/glotomania.com\/p\/nata-vegetal-omega-1-l-2\/"},"modified":"2026-04-28T02:35:07","modified_gmt":"2026-04-28T02:35:07","slug":"nata-vegetal-omega-1-l-2","status":"publish","type":"product","link":"https:\/\/glotomania.com\/pt-pt\/p\/nata-vegetal-omega-1-l-2\/","title":{"rendered":"Nata Vegetal Omega 1 L"},"content":{"rendered":"<p>&nbsp;<\/p>\n<p><span style=\"font-size:14px\">Ideal para a produ&ccedil;&atilde;o e decora&ccedil;&atilde;o de bolos, gelados, etc.<\/span><\/p>\n<p><span style=\"font-size:14px\">Adequado para bater (substitui as natas frescas), est&aacute;vel durante horas. Pode ser batido sozinho, com 25% de leite ou misturado com 50% de natas.<\/span><\/p>\n<p><span style=\"font-size:14px\"><strong>Conselhos de utiliza&ccedil;&atilde;o:<\/strong><\/span><\/p>\n<ul>\n<li><span style=\"font-size:14px\">Para obter melhores resultados, recomenda-se refrigerar a 5 &#8211; 8 &ordm;C antes de bater.<\/span><\/li>\n<li><span style=\"font-size:14px\">Pode ser batido &agrave; m&atilde;o ou com uma batedeira el&eacute;ctrica.<\/span><\/li>\n<li><span style=\"font-size:14px\">Bater durante cerca de 4 minutos, ou at&eacute; obter a textura desejada.<\/span><\/li>\n<\/ul>\n","protected":false},"excerpt":{"rendered":"<p>Mix vegetal \u00d3mega com a\u00e7\u00facar incorporado, ideal para cremes e recheios, com sabor rico e grande estabilidade.<\/p>\n","protected":false},"featured_media":39169,"comment_status":"open","ping_status":"closed","template":"","meta":{"_acf_changed":false},"pwb-brand":[],"product_brand":[],"product_cat":[1832,1833,1893,3036,2996,3004],"product_tag":[],"class_list":{"0":"post-387370","1":"product","2":"type-product","3":"status-publish","4":"has-post-thumbnail","6":"product_cat-diestas-especiales","7":"product_cat-dieta-sin-gluten","8":"product_cat-nata-vegetal","9":"product_cat-natas-vegetais-2","10":"product_cat-produtos-vegetarianos","11":"product_cat-sem-gluten-2","13":"first","14":"instock","15":"taxable","16":"shipping-taxable","17":"purchasable","18":"product-type-simple"},"acf":[],"df_price":3.9,"df_sale_price":"","df_regular_price":3.9,"df_image_link":"https:\/\/glotomania.com\/wp-content\/uploads\/2024\/04\/img_7146_c14c90f5de3da4068676b67522ec77bb_1-300x300.png","brands":[],"_links":{"self":[{"href":"https:\/\/glotomania.com\/pt-pt\/wp-json\/wp\/v2\/product\/387370","targetHints":{"allow":["GET"]}}],"collection":[{"href":"https:\/\/glotomania.com\/pt-pt\/wp-json\/wp\/v2\/product"}],"about":[{"href":"https:\/\/glotomania.com\/pt-pt\/wp-json\/wp\/v2\/types\/product"}],"replies":[{"embeddable":true,"href":"https:\/\/glotomania.com\/pt-pt\/wp-json\/wp\/v2\/comments?post=387370"}],"wp:featuredmedia":[{"embeddable":true,"href":"https:\/\/glotomania.com\/pt-pt\/wp-json\/wp\/v2\/media\/39169"}],"wp:attachment":[{"href":"https:\/\/glotomania.com\/pt-pt\/wp-json\/wp\/v2\/media?parent=387370"}],"wp:term":[{"taxonomy":"pwb-brand","embeddable":true,"href":"https:\/\/glotomania.com\/pt-pt\/wp-json\/wp\/v2\/pwb-brand?post=387370"},{"taxonomy":"product_brand","embeddable":true,"href":"https:\/\/glotomania.com\/pt-pt\/wp-json\/wp\/v2\/product_brand?post=387370"},{"taxonomy":"product_cat","embeddable":true,"href":"https:\/\/glotomania.com\/pt-pt\/wp-json\/wp\/v2\/product_cat?post=387370"},{"taxonomy":"product_tag","embeddable":true,"href":"https:\/\/glotomania.com\/pt-pt\/wp-json\/wp\/v2\/product_tag?post=387370"}],"curies":[{"name":"wp","href":"https:\/\/api.w.org\/{rel}","templated":true}]}}