{"id":387379,"date":"2025-09-02T10:21:50","date_gmt":"2025-09-02T10:21:50","guid":{"rendered":"https:\/\/glotomania.com\/p\/boquilla-de-acero-inoxidable-corola-de-flor-no1-2\/"},"modified":"2026-04-26T00:17:02","modified_gmt":"2026-04-26T00:17:02","slug":"boquilla-de-acero-inoxidable-corola-de-flor-no1-2","status":"publish","type":"product","link":"https:\/\/glotomania.com\/pt-pt\/p\/boquilla-de-acero-inoxidable-corola-de-flor-no1-2\/","title":{"rendered":"Bico De A\u00c7o Inoxid\u00c1vel &#8211; Corola De Flores N\u00ba1"},"content":{"rendered":"<p>&nbsp;<\/p>\n<p><span style=\"color:#000000\"><span style=\"font-size:14px\">Gra&ccedil;as ao seu design inovador, pode fazer flores de glac&eacute; ou de creme de manteiga de forma muito f&aacute;cil e r&aacute;pida: pode fixar o bico&nbsp;diretamente no saco de pasteleiro ou utilizar um adaptador de tamanho grande. Num instante, ter&aacute; uma flor delicada perfeita para decorar as suas sobremesas!<\/span><\/span><\/p>\n<p><span style=\"color:#000000\"><span style=\"font-size:14px\">Fabricado em <strong>a&ccedil;o inoxid&aacute;vel de alta qualidade<\/strong> sem pontos de soldadura, este <\/span><span style=\"font-size: 14px\">bico<\/span><span style=\"font-size:14px\"> &eacute; resistente, dur&aacute;vel e f&aacute;cil de limpar. Acrescente criatividade e sofistica&ccedil;&atilde;o &agrave;s suas decora&ccedil;&otilde;es com uma ferramenta profissional e fi&aacute;vel.<\/span><\/span><\/p>\n<p><span style=\"color:#000000\"><span style=\"font-size:14px\"><strong>Dimens&otilde;es aproximadas:<\/strong> <\/span><span style=\"font-family: Helvetica;font-size: 14px\">H 4,3 cm &#8211;&nbsp;<\/span><span style=\"font-family: Helvetica;font-size: 14px\">&Oslash; inferior 3,7&nbsp;cm &#8211;&nbsp;&Oslash; superior 2,4 cm.<\/span><\/span><\/p>\n","protected":false},"excerpt":{"rendered":"<p>D\u00ea um toque \u00fanico e elegante \u00e0s vossas flores com este bico de a\u00e7o inoxid\u00e1vel com 7 orif\u00edcios em forma de estrela, perfeito para criar bonitas corolas de flores ou mesmo para criar um efeito de relva.<\/p>\n","protected":false},"featured_media":151901,"comment_status":"open","ping_status":"closed","template":"","meta":{"_acf_changed":false},"pwb-brand":[],"product_brand":[],"product_cat":[1770,3087,3157,1869,1767],"product_tag":[],"class_list":{"0":"post-387379","1":"product","2":"type-product","3":"status-publish","4":"has-post-thumbnail","6":"product_cat-boquilas","7":"product_cat-ordem-e-armazenamento","8":"product_cat-sets-de-bicos","9":"product_cat-ultimas-unidades","10":"product_cat-utensilios","12":"first","13":"instock","14":"taxable","15":"shipping-taxable","16":"purchasable","17":"product-type-simple"},"acf":[],"df_price":0.61,"df_sale_price":0.61,"df_regular_price":1.5,"df_image_link":"https:\/\/glotomania.com\/wp-content\/uploads\/2025\/09\/img_11929_718adc0d19f617afa2bebad1a2c001bb_1-300x300.jpg","brands":[],"_links":{"self":[{"href":"https:\/\/glotomania.com\/pt-pt\/wp-json\/wp\/v2\/product\/387379","targetHints":{"allow":["GET"]}}],"collection":[{"href":"https:\/\/glotomania.com\/pt-pt\/wp-json\/wp\/v2\/product"}],"about":[{"href":"https:\/\/glotomania.com\/pt-pt\/wp-json\/wp\/v2\/types\/product"}],"replies":[{"embeddable":true,"href":"https:\/\/glotomania.com\/pt-pt\/wp-json\/wp\/v2\/comments?post=387379"}],"wp:featuredmedia":[{"embeddable":true,"href":"https:\/\/glotomania.com\/pt-pt\/wp-json\/wp\/v2\/media\/151901"}],"wp:attachment":[{"href":"https:\/\/glotomania.com\/pt-pt\/wp-json\/wp\/v2\/media?parent=387379"}],"wp:term":[{"taxonomy":"pwb-brand","embeddable":true,"href":"https:\/\/glotomania.com\/pt-pt\/wp-json\/wp\/v2\/pwb-brand?post=387379"},{"taxonomy":"product_brand","embeddable":true,"href":"https:\/\/glotomania.com\/pt-pt\/wp-json\/wp\/v2\/product_brand?post=387379"},{"taxonomy":"product_cat","embeddable":true,"href":"https:\/\/glotomania.com\/pt-pt\/wp-json\/wp\/v2\/product_cat?post=387379"},{"taxonomy":"product_tag","embeddable":true,"href":"https:\/\/glotomania.com\/pt-pt\/wp-json\/wp\/v2\/product_tag?post=387379"}],"curies":[{"name":"wp","href":"https:\/\/api.w.org\/{rel}","templated":true}]}}