{"id":387393,"date":"2025-09-02T10:21:59","date_gmt":"2025-09-02T10:21:59","guid":{"rendered":"https:\/\/glotomania.com\/p\/especiero-de-acero-2\/"},"modified":"2026-04-22T00:16:30","modified_gmt":"2026-04-22T00:16:30","slug":"especiero-de-acero-2","status":"publish","type":"product","link":"https:\/\/glotomania.com\/pt-pt\/p\/especiero-de-acero-2\/","title":{"rendered":"Porta-condimentos De Especiarias De A\u00c7o"},"content":{"rendered":"<p>&nbsp;<\/p>\n<p><span style=\"font-size:14px\">Com furos de tamanho m&eacute;dio. Em a&ccedil;o inoxid&aacute;vel.<\/span><\/p>\n<p><span style=\"font-size:14px\"><strong>Medidas<\/strong>: Altura 7 cm &#8211; 5 cm &Oslash;.<\/span><\/p>\n","protected":false},"excerpt":{"rendered":"<p>Em a\u00e7o inoxid\u00e1vel. Ideal para polvilhar a\u00e7\u00facar e todos os tipos de especiarias.<\/p>\n","protected":false},"featured_media":151921,"comment_status":"open","ping_status":"closed","template":"","meta":{"_acf_changed":false},"pwb-brand":[],"product_brand":[],"product_cat":[3076,3057,1867,1957,1869],"product_tag":[],"class_list":{"0":"post-387393","1":"product","2":"type-product","3":"status-publish","4":"has-post-thumbnail","6":"product_cat-moinhos-eletricos-e-porta-temperos-2","7":"product_cat-tapetes-de-microfibra","8":"product_cat-menaje","9":"product_cat-molinillos-electricos-y-especieros","10":"product_cat-ultimas-unidades","12":"first","13":"instock","14":"taxable","15":"shipping-taxable","16":"purchasable","17":"product-type-simple"},"acf":[],"df_price":1.29,"df_sale_price":1.29,"df_regular_price":3.25,"df_image_link":"https:\/\/glotomania.com\/wp-content\/uploads\/2025\/09\/img_21002_8a8ae7db0049a80bcab9532dbecdaf43_1-300x300.png","brands":[],"_links":{"self":[{"href":"https:\/\/glotomania.com\/pt-pt\/wp-json\/wp\/v2\/product\/387393","targetHints":{"allow":["GET"]}}],"collection":[{"href":"https:\/\/glotomania.com\/pt-pt\/wp-json\/wp\/v2\/product"}],"about":[{"href":"https:\/\/glotomania.com\/pt-pt\/wp-json\/wp\/v2\/types\/product"}],"replies":[{"embeddable":true,"href":"https:\/\/glotomania.com\/pt-pt\/wp-json\/wp\/v2\/comments?post=387393"}],"wp:featuredmedia":[{"embeddable":true,"href":"https:\/\/glotomania.com\/pt-pt\/wp-json\/wp\/v2\/media\/151921"}],"wp:attachment":[{"href":"https:\/\/glotomania.com\/pt-pt\/wp-json\/wp\/v2\/media?parent=387393"}],"wp:term":[{"taxonomy":"pwb-brand","embeddable":true,"href":"https:\/\/glotomania.com\/pt-pt\/wp-json\/wp\/v2\/pwb-brand?post=387393"},{"taxonomy":"product_brand","embeddable":true,"href":"https:\/\/glotomania.com\/pt-pt\/wp-json\/wp\/v2\/product_brand?post=387393"},{"taxonomy":"product_cat","embeddable":true,"href":"https:\/\/glotomania.com\/pt-pt\/wp-json\/wp\/v2\/product_cat?post=387393"},{"taxonomy":"product_tag","embeddable":true,"href":"https:\/\/glotomania.com\/pt-pt\/wp-json\/wp\/v2\/product_tag?post=387393"}],"curies":[{"name":"wp","href":"https:\/\/api.w.org\/{rel}","templated":true}]}}