{"id":387396,"date":"2025-09-02T10:22:02","date_gmt":"2025-09-02T10:22:02","guid":{"rendered":"https:\/\/glotomania.com\/p\/capsulas-mini-cupcake-borde-reforzado-bigotes-y-labios-2\/"},"modified":"2026-04-12T05:03:46","modified_gmt":"2026-04-12T05:03:46","slug":"capsulas-mini-cupcake-borde-reforzado-bigotes-y-labios-2","status":"publish","type":"product","link":"https:\/\/glotomania.com\/pt-pt\/p\/capsulas-mini-cupcake-borde-reforzado-bigotes-y-labios-2\/","title":{"rendered":"C\u00c1psulas Mini Cupcake (borda Refor\u00c7ada) &#8211; Bigodes E L\u00c0bios"},"content":{"rendered":"<p>&nbsp;<\/p>\n<p><span style=\"font-size: 14px\">Fabricado em papel de alta qualidade, adequado para uso em alimentos, com<strong>&nbsp;efeito antiaderente<\/strong>, resistente a geadas, microondas e cozimento at&eacute; 230&deg;C sem perder sua cor.<\/span><\/p>\n<p><span style=\"font-size: 14px\">Para um resultado perfeito, &eacute; recomend&aacute;vel usar com nossas bandejas e moldes de cavidades para cozinhar suas elabora&ccedil;&otilde;es.<\/span><\/p>\n<p><span style=\"font-family: Helvetica;font-size: 14px\"><span><strong>Medidas<\/strong><span>:&nbsp;<\/span>&Oslash;<\/span><\/span><span style=\"font-family: Helvetica;font-size: 14px\">&nbsp;base 4,5 cm &#8211; &Oslash; superior 5,5 cm &#8211;&nbsp;Alto 3,5 cm.<\/span><\/p>\n","protected":false},"excerpt":{"rendered":"<p>Embalagem de 50 c\u00e1psulas para cupcakes e muffins. Resistente ao congelador, micro-ondas e forno at\u00e9 230\u00b0C.<\/p>\n","protected":false},"featured_media":37881,"comment_status":"open","ping_status":"closed","template":"","meta":{"_acf_changed":false,"_joinchat":[]},"pwb-brand":[],"product_brand":[],"product_cat":[1852,3191,2009,2010,3193,2916,3087,1951,2924,1767],"product_tag":[],"class_list":{"0":"post-387396","1":"product","2":"type-product","3":"status-publish","4":"has-post-thumbnail","6":"product_cat-san-valentin","7":"product_cat-capacillos-de-papel-2","8":"product_cat-capsulas","9":"product_cat-capsulas-cupcakes","10":"product_cat-capsulas-para-cupcakes-2","11":"product_cat-dia-dos-pais-2","12":"product_cat-ordem-e-armazenamento","13":"product_cat-dia-del-padre","14":"product_cat-sao-valentim-2","15":"product_cat-utensilios","17":"first","18":"instock","19":"taxable","20":"shipping-taxable","21":"purchasable","22":"product-type-simple"},"acf":[],"df_price":1.95,"df_sale_price":0.77,"df_regular_price":1.95,"df_image_link":"https:\/\/e622tfk5wxd.exactdn.com\/wp-content\/uploads\/2022\/09\/img_20254_97bca843cdc3171efb79027fe87ac132_1-300x300.png?strip=all","brands":[],"_links":{"self":[{"href":"https:\/\/glotomania.com\/pt-pt\/wp-json\/wp\/v2\/product\/387396","targetHints":{"allow":["GET"]}}],"collection":[{"href":"https:\/\/glotomania.com\/pt-pt\/wp-json\/wp\/v2\/product"}],"about":[{"href":"https:\/\/glotomania.com\/pt-pt\/wp-json\/wp\/v2\/types\/product"}],"replies":[{"embeddable":true,"href":"https:\/\/glotomania.com\/pt-pt\/wp-json\/wp\/v2\/comments?post=387396"}],"wp:featuredmedia":[{"embeddable":true,"href":"https:\/\/glotomania.com\/pt-pt\/wp-json\/wp\/v2\/media\/37881"}],"wp:attachment":[{"href":"https:\/\/glotomania.com\/pt-pt\/wp-json\/wp\/v2\/media?parent=387396"}],"wp:term":[{"taxonomy":"pwb-brand","embeddable":true,"href":"https:\/\/glotomania.com\/pt-pt\/wp-json\/wp\/v2\/pwb-brand?post=387396"},{"taxonomy":"product_brand","embeddable":true,"href":"https:\/\/glotomania.com\/pt-pt\/wp-json\/wp\/v2\/product_brand?post=387396"},{"taxonomy":"product_cat","embeddable":true,"href":"https:\/\/glotomania.com\/pt-pt\/wp-json\/wp\/v2\/product_cat?post=387396"},{"taxonomy":"product_tag","embeddable":true,"href":"https:\/\/glotomania.com\/pt-pt\/wp-json\/wp\/v2\/product_tag?post=387396"}],"curies":[{"name":"wp","href":"https:\/\/api.w.org\/{rel}","templated":true}]}}