{"id":387409,"date":"2025-09-02T10:22:15","date_gmt":"2025-09-02T10:22:15","guid":{"rendered":"https:\/\/glotomania.com\/p\/capsulas-cupcakes-decora-cactus-2\/"},"modified":"2026-04-26T00:17:18","modified_gmt":"2026-04-26T00:17:18","slug":"capsulas-cupcakes-decora-cactus-2","status":"publish","type":"product","link":"https:\/\/glotomania.com\/pt-pt\/p\/capsulas-cupcakes-decora-cactus-2\/","title":{"rendered":"C\u00c1psulas Cupcakes Decora &#8211; Cactus"},"content":{"rendered":"<p>\n<span style=\"font-size:14px\">Feito de papel de alta qualidade adequado para uso alimentar, com efeito anti-aderente, resistente &agrave; cozedura at&eacute; 220&ordm;C sem perder a sua cor.<\/span><\/p>\n<p><span style=\"font-size:14px\"><strong>Medidas: <\/strong>5 x 3,2 cm.<\/span><\/p>\n","protected":false},"excerpt":{"rendered":"<p>Embalagem de 75 c\u00e1psulas para bolos e muffins, n\u00e3o aderentes e resistentes ao forno at\u00e9 220\u00baC<\/p>\n","protected":false},"featured_media":151929,"comment_status":"open","ping_status":"closed","template":"","meta":{"_acf_changed":false},"pwb-brand":[],"product_brand":[],"product_cat":[3191,3193,3087,2009,2010,1869,1767],"product_tag":[],"class_list":{"0":"post-387409","1":"product","2":"type-product","3":"status-publish","4":"has-post-thumbnail","6":"product_cat-capacillos-de-papel-2","7":"product_cat-capsulas-para-cupcakes-2","8":"product_cat-ordem-e-armazenamento","9":"product_cat-capsulas","10":"product_cat-capsulas-cupcakes","11":"product_cat-ultimas-unidades","12":"product_cat-utensilios","14":"first","15":"instock","16":"taxable","17":"shipping-taxable","18":"purchasable","19":"product-type-simple"},"acf":[],"df_price":1.94,"df_sale_price":1.94,"df_regular_price":3.87,"df_image_link":"https:\/\/glotomania.com\/wp-content\/uploads\/2025\/09\/img_13335_8b60b3b898fb83520f0e5be0949c8438_1-300x300.png","brands":[],"_links":{"self":[{"href":"https:\/\/glotomania.com\/pt-pt\/wp-json\/wp\/v2\/product\/387409","targetHints":{"allow":["GET"]}}],"collection":[{"href":"https:\/\/glotomania.com\/pt-pt\/wp-json\/wp\/v2\/product"}],"about":[{"href":"https:\/\/glotomania.com\/pt-pt\/wp-json\/wp\/v2\/types\/product"}],"replies":[{"embeddable":true,"href":"https:\/\/glotomania.com\/pt-pt\/wp-json\/wp\/v2\/comments?post=387409"}],"wp:featuredmedia":[{"embeddable":true,"href":"https:\/\/glotomania.com\/pt-pt\/wp-json\/wp\/v2\/media\/151929"}],"wp:attachment":[{"href":"https:\/\/glotomania.com\/pt-pt\/wp-json\/wp\/v2\/media?parent=387409"}],"wp:term":[{"taxonomy":"pwb-brand","embeddable":true,"href":"https:\/\/glotomania.com\/pt-pt\/wp-json\/wp\/v2\/pwb-brand?post=387409"},{"taxonomy":"product_brand","embeddable":true,"href":"https:\/\/glotomania.com\/pt-pt\/wp-json\/wp\/v2\/product_brand?post=387409"},{"taxonomy":"product_cat","embeddable":true,"href":"https:\/\/glotomania.com\/pt-pt\/wp-json\/wp\/v2\/product_cat?post=387409"},{"taxonomy":"product_tag","embeddable":true,"href":"https:\/\/glotomania.com\/pt-pt\/wp-json\/wp\/v2\/product_tag?post=387409"}],"curies":[{"name":"wp","href":"https:\/\/api.w.org\/{rel}","templated":true}]}}