{"id":387423,"date":"2025-09-02T10:22:21","date_gmt":"2025-09-02T10:22:21","guid":{"rendered":"https:\/\/glotomania.com\/p\/capsulas-cupcake-con-toppers-unicornio-2\/"},"modified":"2026-04-14T05:32:44","modified_gmt":"2026-04-14T05:32:44","slug":"capsulas-cupcake-con-toppers-unicornio-2","status":"publish","type":"product","link":"https:\/\/glotomania.com\/pt-pt\/p\/capsulas-cupcake-con-toppers-unicornio-2\/","title":{"rendered":"C\u00c1psulas Cupcake Com Toppers Unic\u00d3rnio"},"content":{"rendered":"<p>\n<span style=\"font-size:14px\">Feito de papel de alta qualidade adequado para uso alimentar, com efeito anti-aderente, resistente ao congelamento, microondas e cozedura at&eacute; 230&ordm;C sem perder a sua cor.&nbsp;<\/span><\/p>\n<p><span style=\"font-size:14px\">Para um resultado perfeito, recomenda-se a utiliza&ccedil;&atilde;o dos nossos tabuleiros e moldes de cavidades para assar as suas cria&ccedil;&otilde;es.<\/span><\/p>\n<p><span style=\"font-size:14px\"><strong>Conte&uacute;do<\/strong>: 24 c&aacute;psulas e 24 toppers em 2 cores diferentes.<\/span><\/p>\n<p><span style=\"font-size:14px\"><strong>Medidas das c&aacute;psulas de cupcake: <\/strong>&Oslash; base 5 cm &#8211; altura 3 cm.<\/span><\/p>\n<p><span style=\"font-size:14px\"><strong>Tamanho dos toppers:<\/strong> aprox. 5 cm.<\/span><\/p>\n","protected":false},"excerpt":{"rendered":"<p>Inclui 24 c\u00e1psulas de cupcake e 24 toppers, ideais para uma decora\u00e7\u00e3o muito especial.<\/p>\n","protected":false},"featured_media":35740,"comment_status":"open","ping_status":"closed","template":"","meta":{"_acf_changed":false,"_joinchat":[]},"pwb-brand":[],"product_brand":[],"product_cat":[3191,2009,2010,3193,3087,1767],"product_tag":[],"class_list":{"0":"post-387423","1":"product","2":"type-product","3":"status-publish","4":"has-post-thumbnail","6":"product_cat-capacillos-de-papel-2","7":"product_cat-capsulas","8":"product_cat-capsulas-cupcakes","9":"product_cat-capsulas-para-cupcakes-2","10":"product_cat-ordem-e-armazenamento","11":"product_cat-utensilios","13":"first","14":"instock","15":"taxable","16":"shipping-taxable","17":"purchasable","18":"product-type-simple"},"acf":[],"df_price":2.95,"df_sale_price":2.95,"df_regular_price":5.9,"df_image_link":"https:\/\/glotomania.com\/wp-content\/uploads\/2022\/09\/img_6976_c8a0241a12871029855a96f9724e6e5c_1-300x300.jpg","brands":[],"_links":{"self":[{"href":"https:\/\/glotomania.com\/pt-pt\/wp-json\/wp\/v2\/product\/387423","targetHints":{"allow":["GET"]}}],"collection":[{"href":"https:\/\/glotomania.com\/pt-pt\/wp-json\/wp\/v2\/product"}],"about":[{"href":"https:\/\/glotomania.com\/pt-pt\/wp-json\/wp\/v2\/types\/product"}],"replies":[{"embeddable":true,"href":"https:\/\/glotomania.com\/pt-pt\/wp-json\/wp\/v2\/comments?post=387423"}],"wp:featuredmedia":[{"embeddable":true,"href":"https:\/\/glotomania.com\/pt-pt\/wp-json\/wp\/v2\/media\/35740"}],"wp:attachment":[{"href":"https:\/\/glotomania.com\/pt-pt\/wp-json\/wp\/v2\/media?parent=387423"}],"wp:term":[{"taxonomy":"pwb-brand","embeddable":true,"href":"https:\/\/glotomania.com\/pt-pt\/wp-json\/wp\/v2\/pwb-brand?post=387423"},{"taxonomy":"product_brand","embeddable":true,"href":"https:\/\/glotomania.com\/pt-pt\/wp-json\/wp\/v2\/product_brand?post=387423"},{"taxonomy":"product_cat","embeddable":true,"href":"https:\/\/glotomania.com\/pt-pt\/wp-json\/wp\/v2\/product_cat?post=387423"},{"taxonomy":"product_tag","embeddable":true,"href":"https:\/\/glotomania.com\/pt-pt\/wp-json\/wp\/v2\/product_tag?post=387423"}],"curies":[{"name":"wp","href":"https:\/\/api.w.org\/{rel}","templated":true}]}}