{"id":387424,"date":"2025-09-02T10:22:22","date_gmt":"2025-09-02T10:22:22","guid":{"rendered":"https:\/\/glotomania.com\/p\/nata-vegetal-monna-lisa-pro-1-l-2\/"},"modified":"2026-04-21T00:30:04","modified_gmt":"2026-04-21T00:30:04","slug":"nata-vegetal-monna-lisa-pro-1-l-2","status":"publish","type":"product","link":"https:\/\/glotomania.com\/pt-pt\/p\/nata-vegetal-monna-lisa-pro-1-l-2\/","title":{"rendered":"Nata Vegetal Monna Lisa Pro 1 L"},"content":{"rendered":"<p>&nbsp;<\/p>\n<p><span style=\"color:#000000\"><span style=\"font-size:14px\">Ideal para recheios, coberturas e decora&ccedil;&otilde;es, tamb&eacute;m como base para qualquer tipo de sobremesa. Gra&ccedil;as ao seu<strong> sabor suave,<\/strong> &eacute; perfeito para misturar com outros ingredientes, como a&ccedil;&uacute;car, natas, licores, leite em p&oacute;, leite condensado, sumos&#8230; e muito mais! e muito mais!<\/span><\/span><\/p>\n<ul>\n<li><span style=\"color:#000000\"><span style=\"font-size:14px\">Com <u>menos a&ccedil;&uacute;car.<\/u><\/span><\/span><\/li>\n<li><span style=\"color:#000000\"><span style=\"font-size:14px\">De cor branca e sabor suave, pode ser aromatizado e colorido a gosto.<\/span><\/span><\/li>\n<li><span style=\"color:#000000\"><span style=\"font-size:14px\">Resistente a citrinos e &aacute;cidos: podemos adicionar, por exemplo, o sumo de qualquer fruta &aacute;cida, entre outras, sem alterar a sua consist&ecirc;ncia.<\/span><\/span><\/li>\n<\/ul>\n<p><span style=\"color:#000000\"><span style=\"font-size:14px\"><strong>Modo de utiliza&ccedil;&atilde;o:<\/strong><br \/>\n&Eacute; aconselh&aacute;vel conservar no frigor&iacute;fico durante pelo menos 12 horas, entre 5 e 10 &ordm;C, antes de utilizar.&nbsp;<br \/>\nBater em velocidade m&eacute;dia at&eacute; obter a consist&ecirc;ncia desejada.<\/span><\/span><\/p>\n","protected":false},"excerpt":{"rendered":"<p>O mix vegetal Monna Lisa, com um sabor suave, \u00e9 ideal para recheios, coberturas e decora\u00e7\u00f5es&#8230; tamb\u00e9m como base para qualquer sobremesa. Perfeito para prepara\u00e7\u00f5es de alto n\u00edvel.<\/p>\n","protected":false},"featured_media":38536,"comment_status":"open","ping_status":"closed","template":"","meta":{"_acf_changed":false},"pwb-brand":[],"product_brand":[],"product_cat":[2999,3036,3001,3004,1832,1902,1845,1833,1893],"product_tag":[],"class_list":{"0":"post-387424","1":"product","2":"type-product","3":"status-publish","4":"has-post-thumbnail","6":"product_cat-kosher-2","7":"product_cat-natas-vegetais-2","8":"product_cat-sem-e-171-2","9":"product_cat-sem-gluten-2","10":"product_cat-diestas-especiales","11":"product_cat-dieta-kosher","12":"product_cat-dieta-sin-e-171","13":"product_cat-dieta-sin-gluten","14":"product_cat-nata-vegetal","16":"first","17":"instock","18":"taxable","19":"shipping-taxable","20":"purchasable","21":"product-type-simple"},"acf":[],"df_price":4.6,"df_sale_price":"","df_regular_price":4.6,"df_image_link":"https:\/\/glotomania.com\/wp-content\/uploads\/2022\/09\/img_19268_a631f9fa82c26c8e98ae1a0e6f3d87a2_1-300x300.png","brands":[],"_links":{"self":[{"href":"https:\/\/glotomania.com\/pt-pt\/wp-json\/wp\/v2\/product\/387424","targetHints":{"allow":["GET"]}}],"collection":[{"href":"https:\/\/glotomania.com\/pt-pt\/wp-json\/wp\/v2\/product"}],"about":[{"href":"https:\/\/glotomania.com\/pt-pt\/wp-json\/wp\/v2\/types\/product"}],"replies":[{"embeddable":true,"href":"https:\/\/glotomania.com\/pt-pt\/wp-json\/wp\/v2\/comments?post=387424"}],"wp:featuredmedia":[{"embeddable":true,"href":"https:\/\/glotomania.com\/pt-pt\/wp-json\/wp\/v2\/media\/38536"}],"wp:attachment":[{"href":"https:\/\/glotomania.com\/pt-pt\/wp-json\/wp\/v2\/media?parent=387424"}],"wp:term":[{"taxonomy":"pwb-brand","embeddable":true,"href":"https:\/\/glotomania.com\/pt-pt\/wp-json\/wp\/v2\/pwb-brand?post=387424"},{"taxonomy":"product_brand","embeddable":true,"href":"https:\/\/glotomania.com\/pt-pt\/wp-json\/wp\/v2\/product_brand?post=387424"},{"taxonomy":"product_cat","embeddable":true,"href":"https:\/\/glotomania.com\/pt-pt\/wp-json\/wp\/v2\/product_cat?post=387424"},{"taxonomy":"product_tag","embeddable":true,"href":"https:\/\/glotomania.com\/pt-pt\/wp-json\/wp\/v2\/product_tag?post=387424"}],"curies":[{"name":"wp","href":"https:\/\/api.w.org\/{rel}","templated":true}]}}