{"id":387442,"date":"2025-09-02T10:22:31","date_gmt":"2025-09-02T10:22:31","guid":{"rendered":"https:\/\/glotomania.com\/p\/set-cortadores-primavera-pavoni-2\/"},"modified":"2026-04-25T00:27:53","modified_gmt":"2026-04-25T00:27:53","slug":"set-cortadores-primavera-pavoni-2","status":"publish","type":"product","link":"https:\/\/glotomania.com\/pt-pt\/p\/set-cortadores-primavera-pavoni-2\/","title":{"rendered":"Set Cortadores Primavera Pavoni"},"content":{"rendered":"<p>\n<span style=\"font-size:14px\">O conjunto inclui: uma estrela, um cora&ccedil;&atilde;o, um trevo, um gato, um pintainho e uma casa.<\/span><\/p>\n<p><span style=\"font-size:14px\">Feito de pl&aacute;stico de alta qualidade e seguro para os alimentos.<\/span><\/p>\n","protected":false},"excerpt":{"rendered":"<p>Inclui 6 cortadores de pl\u00e1stico, perfeitos para fazer os nossos biscoitos e decora\u00e7\u00f5es.<\/p>\n","protected":false},"featured_media":35610,"comment_status":"open","ping_status":"closed","template":"","meta":{"_acf_changed":false},"pwb-brand":[],"product_brand":[],"product_cat":[3199,3087,1788,1869,1767],"product_tag":[],"class_list":{"0":"post-387442","1":"product","2":"type-product","3":"status-publish","4":"has-post-thumbnail","6":"product_cat-cortadores-de-metal","7":"product_cat-ordem-e-armazenamento","8":"product_cat-cortadores-de-cobre","9":"product_cat-ultimas-unidades","10":"product_cat-utensilios","12":"first","13":"instock","14":"taxable","15":"shipping-taxable","16":"purchasable","17":"product-type-simple"},"acf":[],"df_price":4.84,"df_sale_price":2.42,"df_regular_price":4.84,"df_image_link":"https:\/\/glotomania.com\/wp-content\/uploads\/2022\/09\/img_13707_ff9249c3c5a305db68d62ca0d32f41bc_1-300x300.png","brands":[],"_links":{"self":[{"href":"https:\/\/glotomania.com\/pt-pt\/wp-json\/wp\/v2\/product\/387442","targetHints":{"allow":["GET"]}}],"collection":[{"href":"https:\/\/glotomania.com\/pt-pt\/wp-json\/wp\/v2\/product"}],"about":[{"href":"https:\/\/glotomania.com\/pt-pt\/wp-json\/wp\/v2\/types\/product"}],"replies":[{"embeddable":true,"href":"https:\/\/glotomania.com\/pt-pt\/wp-json\/wp\/v2\/comments?post=387442"}],"wp:featuredmedia":[{"embeddable":true,"href":"https:\/\/glotomania.com\/pt-pt\/wp-json\/wp\/v2\/media\/35610"}],"wp:attachment":[{"href":"https:\/\/glotomania.com\/pt-pt\/wp-json\/wp\/v2\/media?parent=387442"}],"wp:term":[{"taxonomy":"pwb-brand","embeddable":true,"href":"https:\/\/glotomania.com\/pt-pt\/wp-json\/wp\/v2\/pwb-brand?post=387442"},{"taxonomy":"product_brand","embeddable":true,"href":"https:\/\/glotomania.com\/pt-pt\/wp-json\/wp\/v2\/product_brand?post=387442"},{"taxonomy":"product_cat","embeddable":true,"href":"https:\/\/glotomania.com\/pt-pt\/wp-json\/wp\/v2\/product_cat?post=387442"},{"taxonomy":"product_tag","embeddable":true,"href":"https:\/\/glotomania.com\/pt-pt\/wp-json\/wp\/v2\/product_tag?post=387442"}],"curies":[{"name":"wp","href":"https:\/\/api.w.org\/{rel}","templated":true}]}}