{"id":387455,"date":"2025-09-02T10:22:36","date_gmt":"2025-09-02T10:22:36","guid":{"rendered":"https:\/\/glotomania.com\/p\/set-vajilla-de-melamina-3-piezas-minions-amarillo-2\/"},"modified":"2026-04-29T00:18:47","modified_gmt":"2026-04-29T00:18:47","slug":"set-vajilla-de-melamina-3-piezas-minions-amarillo-2","status":"publish","type":"product","link":"https:\/\/glotomania.com\/pt-pt\/p\/set-vajilla-de-melamina-3-piezas-minions-amarillo-2\/","title":{"rendered":"Set De Melamina (3 Pe\u00c7as) &#8220;minion&#8221; &#8211; Amarelo"},"content":{"rendered":"<p>\n<span style=\"font-size: 14px\"><strong>Dimens&otilde;es aproximadas:<\/strong>&nbsp;<em>Prato<\/em>&nbsp;&Oslash; 20 cm &#8211;&nbsp;<em>Tigela<\/em>&nbsp;&Oslash; 14,5 cm &#8211;&nbsp;<em>Copo<\/em>&nbsp;&Oslash; topo 6,2 \/ &Oslash; base 5,2 \/ altura 9 cm.<\/span><\/p>\n<p><span style=\"font-size: 14px\">Dispoe de licen&ccedil;a oficial.<\/span><\/p>\n","protected":false},"excerpt":{"rendered":"<p>Conjunto melam\u00ednico de 3 pe\u00e7as com desenho original Dory, inclui: ta\u00e7a, tigela e prato.<\/p>\n","protected":false},"featured_media":151980,"comment_status":"open","ping_status":"closed","template":"","meta":{"_acf_changed":false},"pwb-brand":[],"product_brand":[],"product_cat":[3057,3074,1867,1887,1869],"product_tag":[],"class_list":{"0":"post-387455","1":"product","2":"type-product","3":"status-publish","4":"has-post-thumbnail","6":"product_cat-tapetes-de-microfibra","7":"product_cat-utensilios-disney-2","8":"product_cat-menaje","9":"product_cat-menaje-disney","10":"product_cat-ultimas-unidades","12":"first","13":"instock","14":"taxable","15":"shipping-taxable","16":"purchasable","17":"product-type-simple"},"acf":[],"df_price":4.72,"df_sale_price":2.36,"df_regular_price":4.72,"df_image_link":"https:\/\/glotomania.com\/wp-content\/uploads\/2025\/09\/img_14673_2e7757d6d39a4b28c3d473b049ab5526_1-300x300.png","brands":[],"_links":{"self":[{"href":"https:\/\/glotomania.com\/pt-pt\/wp-json\/wp\/v2\/product\/387455","targetHints":{"allow":["GET"]}}],"collection":[{"href":"https:\/\/glotomania.com\/pt-pt\/wp-json\/wp\/v2\/product"}],"about":[{"href":"https:\/\/glotomania.com\/pt-pt\/wp-json\/wp\/v2\/types\/product"}],"replies":[{"embeddable":true,"href":"https:\/\/glotomania.com\/pt-pt\/wp-json\/wp\/v2\/comments?post=387455"}],"wp:featuredmedia":[{"embeddable":true,"href":"https:\/\/glotomania.com\/pt-pt\/wp-json\/wp\/v2\/media\/151980"}],"wp:attachment":[{"href":"https:\/\/glotomania.com\/pt-pt\/wp-json\/wp\/v2\/media?parent=387455"}],"wp:term":[{"taxonomy":"pwb-brand","embeddable":true,"href":"https:\/\/glotomania.com\/pt-pt\/wp-json\/wp\/v2\/pwb-brand?post=387455"},{"taxonomy":"product_brand","embeddable":true,"href":"https:\/\/glotomania.com\/pt-pt\/wp-json\/wp\/v2\/product_brand?post=387455"},{"taxonomy":"product_cat","embeddable":true,"href":"https:\/\/glotomania.com\/pt-pt\/wp-json\/wp\/v2\/product_cat?post=387455"},{"taxonomy":"product_tag","embeddable":true,"href":"https:\/\/glotomania.com\/pt-pt\/wp-json\/wp\/v2\/product_tag?post=387455"}],"curies":[{"name":"wp","href":"https:\/\/api.w.org\/{rel}","templated":true}]}}