{"id":387457,"date":"2025-09-02T10:22:37","date_gmt":"2025-09-02T10:22:37","guid":{"rendered":"https:\/\/glotomania.com\/p\/set-desayuno-apilable-3-piezas-minions-2\/"},"modified":"2026-04-25T00:28:06","modified_gmt":"2026-04-25T00:28:06","slug":"set-desayuno-apilable-3-piezas-minions-2","status":"publish","type":"product","link":"https:\/\/glotomania.com\/pt-pt\/p\/set-desayuno-apilable-3-piezas-minions-2\/","title":{"rendered":"Conjunto De Caf\u00c9 Da Manh\u00c3 Empilh\u00c1vel (3 Pe\u00c7as) &#8211; Minions"},"content":{"rendered":"<p>&nbsp;<\/p>\n<p><span style=\"font-size: 14px\"><strong>Dimens&otilde;es aproximadas:&nbsp;<\/strong><em>Prato<\/em>&nbsp;&Oslash; 15 cm &#8211;&nbsp;<em>Ta&ccedil;a<\/em>&nbsp;&Oslash; 15 cm &#8211;&nbsp;<em>Copo<\/em>&nbsp;9 cm de altura.<\/span><\/p>\n<p><em><span style=\"font-size: 14px\">Com licen&ccedil;a oficial.<\/span><\/em><\/p>\n","protected":false},"excerpt":{"rendered":"<p>Conjunto de 3 pe\u00e7as para o pequeno-almo\u00e7o (prato, tigela e copo) que, quando empilhados, fazem uma bonita figura animada.<\/p>\n","protected":false},"featured_media":151984,"comment_status":"open","ping_status":"closed","template":"","meta":{"_acf_changed":false},"pwb-brand":[],"product_brand":[],"product_cat":[1867,1887,3057,1869,3074],"product_tag":[],"class_list":{"0":"post-387457","1":"product","2":"type-product","3":"status-publish","4":"has-post-thumbnail","6":"product_cat-menaje","7":"product_cat-menaje-disney","8":"product_cat-tapetes-de-microfibra","9":"product_cat-ultimas-unidades","10":"product_cat-utensilios-disney-2","12":"first","13":"instock","14":"taxable","15":"shipping-taxable","16":"purchasable","17":"product-type-simple"},"acf":[],"df_price":8.71,"df_sale_price":4.36,"df_regular_price":8.71,"df_image_link":"https:\/\/glotomania.com\/wp-content\/uploads\/2025\/09\/img_14683_16cd26480315960f8ea34f06ec4f5f95_1-300x300.png","brands":[],"_links":{"self":[{"href":"https:\/\/glotomania.com\/pt-pt\/wp-json\/wp\/v2\/product\/387457","targetHints":{"allow":["GET"]}}],"collection":[{"href":"https:\/\/glotomania.com\/pt-pt\/wp-json\/wp\/v2\/product"}],"about":[{"href":"https:\/\/glotomania.com\/pt-pt\/wp-json\/wp\/v2\/types\/product"}],"replies":[{"embeddable":true,"href":"https:\/\/glotomania.com\/pt-pt\/wp-json\/wp\/v2\/comments?post=387457"}],"wp:featuredmedia":[{"embeddable":true,"href":"https:\/\/glotomania.com\/pt-pt\/wp-json\/wp\/v2\/media\/151984"}],"wp:attachment":[{"href":"https:\/\/glotomania.com\/pt-pt\/wp-json\/wp\/v2\/media?parent=387457"}],"wp:term":[{"taxonomy":"pwb-brand","embeddable":true,"href":"https:\/\/glotomania.com\/pt-pt\/wp-json\/wp\/v2\/pwb-brand?post=387457"},{"taxonomy":"product_brand","embeddable":true,"href":"https:\/\/glotomania.com\/pt-pt\/wp-json\/wp\/v2\/product_brand?post=387457"},{"taxonomy":"product_cat","embeddable":true,"href":"https:\/\/glotomania.com\/pt-pt\/wp-json\/wp\/v2\/product_cat?post=387457"},{"taxonomy":"product_tag","embeddable":true,"href":"https:\/\/glotomania.com\/pt-pt\/wp-json\/wp\/v2\/product_tag?post=387457"}],"curies":[{"name":"wp","href":"https:\/\/api.w.org\/{rel}","templated":true}]}}