{"id":387470,"date":"2025-09-02T10:22:43","date_gmt":"2025-09-02T10:22:43","guid":{"rendered":"https:\/\/glotomania.com\/p\/molde-silicona-cenefas-y-decoraciones-3d-2\/"},"modified":"2026-03-10T12:31:19","modified_gmt":"2026-03-10T12:31:19","slug":"molde-silicona-cenefas-y-decoraciones-3d-2","status":"publish","type":"product","link":"https:\/\/glotomania.com\/pt-pt\/p\/molde-silicona-cenefas-y-decoraciones-3d-2\/","title":{"rendered":"Molde De Silicone &#8211; Faixas E Decora\u00c7\u00d5es 3d (n1)"},"content":{"rendered":"<p>\u00a0<\/p>\n<p><span style=\"font-size: 14px\">\u00c9\u00a0<strong>antiaderente\u00a0<\/strong>e\u00a0<strong>flex\u00edvel\u00a0<\/strong>para uma lavagem confort\u00e1vel e f\u00e1cil de remover do molde, basta torcer de um lado para o outro e qualquer elabora\u00e7\u00e3o sai sem esfor\u00e7o.<\/span><\/p>\n<p><span style=\"font-size: 14px\">Suporta temperaturas de -40\u00baC a 230\u00baC, portanto, admite freezer, geladeira, forno, microondas e lava-lou\u00e7as.\u00a0<strong>Feito com silicone 100% platina.<\/strong><\/span><\/p>\n<p><span style=\"font-size: 14px\"><strong>Medidas<\/strong>: 17\u00a0cavidades &#8211; Comprimento 20 cm &#8211; Largura 13 cm &#8211; Altura 1 cm.<\/span><\/p>\n","protected":false},"excerpt":{"rendered":"<p>Molde de silicone com 17 motivos barrocos para criar e combinar, v\u00e1rias bordas e decora\u00e7\u00f5es, para bolos e outras elabora\u00e7\u00f5es.<\/p>\n","protected":false},"featured_media":152003,"comment_status":"open","ping_status":"closed","template":"","meta":{"_acf_changed":false},"pwb-brand":[],"product_brand":[],"product_cat":[3214,3222,3087,1801,1810,1869,1767],"product_tag":[],"class_list":{"0":"post-387470","1":"product","2":"type-product","3":"status-publish","4":"has-post-thumbnail","6":"product_cat-moldes-de-pastelaria","7":"product_cat-moldes-de-silicone","8":"product_cat-ordem-e-armazenamento","9":"product_cat-moldes","10":"product_cat-moldes-silicona","11":"product_cat-ultimas-unidades","12":"product_cat-utensilios","14":"first","15":"instock","16":"taxable","17":"shipping-taxable","18":"purchasable","19":"product-type-simple"},"acf":[],"df_price":3.8,"df_sale_price":"","df_regular_price":3.8,"df_image_link":"https:\/\/glotomania.com\/wp-content\/uploads\/2025\/09\/img_21074_26092a150abe4ce8cf6776f83a968f82_1-300x300.png","brands":[],"_links":{"self":[{"href":"https:\/\/glotomania.com\/pt-pt\/wp-json\/wp\/v2\/product\/387470","targetHints":{"allow":["GET"]}}],"collection":[{"href":"https:\/\/glotomania.com\/pt-pt\/wp-json\/wp\/v2\/product"}],"about":[{"href":"https:\/\/glotomania.com\/pt-pt\/wp-json\/wp\/v2\/types\/product"}],"replies":[{"embeddable":true,"href":"https:\/\/glotomania.com\/pt-pt\/wp-json\/wp\/v2\/comments?post=387470"}],"wp:featuredmedia":[{"embeddable":true,"href":"https:\/\/glotomania.com\/pt-pt\/wp-json\/wp\/v2\/media\/152003"}],"wp:attachment":[{"href":"https:\/\/glotomania.com\/pt-pt\/wp-json\/wp\/v2\/media?parent=387470"}],"wp:term":[{"taxonomy":"pwb-brand","embeddable":true,"href":"https:\/\/glotomania.com\/pt-pt\/wp-json\/wp\/v2\/pwb-brand?post=387470"},{"taxonomy":"product_brand","embeddable":true,"href":"https:\/\/glotomania.com\/pt-pt\/wp-json\/wp\/v2\/product_brand?post=387470"},{"taxonomy":"product_cat","embeddable":true,"href":"https:\/\/glotomania.com\/pt-pt\/wp-json\/wp\/v2\/product_cat?post=387470"},{"taxonomy":"product_tag","embeddable":true,"href":"https:\/\/glotomania.com\/pt-pt\/wp-json\/wp\/v2\/product_tag?post=387470"}],"curies":[{"name":"wp","href":"https:\/\/api.w.org\/{rel}","templated":true}]}}