{"id":387474,"date":"2025-09-02T10:22:44","date_gmt":"2025-09-02T10:22:44","guid":{"rendered":"https:\/\/glotomania.com\/p\/molde-de-aluminio-3d-con-relieve-carrito-bebe-2\/"},"modified":"2026-04-25T00:28:13","modified_gmt":"2026-04-25T00:28:13","slug":"molde-de-aluminio-3d-con-relieve-carrito-bebe-2","status":"publish","type":"product","link":"https:\/\/glotomania.com\/pt-pt\/p\/molde-de-aluminio-3d-con-relieve-carrito-bebe-2\/","title":{"rendered":"Molde De Alum\u00cdnio 3d Com Relevo &#8211; Carrinho Beb\u00ca"},"content":{"rendered":"<p>\u00a0<\/p>\n<p><span style=\"font-size: 14px\">Feito de\u00a0<strong>alum\u00ednio anodizado<\/strong>\u00a0seguro para m\u00e1quina de lavar lou\u00e7a e de f\u00e1cil lavagem.\u00a0<strong>Antiaderente<\/strong>,\u00a0<strong>leve<\/strong>\u00a0e\u00a0<strong>dur\u00e1vel<\/strong>. Resistente a altas e baixas temperaturas, aquece ou esfria muito rapidamente e seu\u00a0<strong>cozimento<\/strong>\u00a0\u00e9\u00a0<strong>muito homog\u00eaneo.<\/strong><\/span><\/p>\n<p><span style=\"font-size: 14px\"><strong>Medidas<\/strong>: Comprimento 27 cm &#8211; Largura 28\u00a0cm &#8211; Altura 7\u00a0cm.<\/span><\/p>\n","protected":false},"excerpt":{"rendered":"<p>Voc\u00ea poder\u00e1 facilmente fazer a base do bolo em 3D com todos os detalhes em relevo.<\/p>\n","protected":false},"featured_media":152008,"comment_status":"open","ping_status":"closed","template":"","meta":{"_acf_changed":false},"pwb-brand":[],"product_brand":[],"product_cat":[2908,3217,1802,3214,1801,3087,1885,1869,1767],"product_tag":[],"class_list":{"0":"post-387474","1":"product","2":"type-product","3":"status-publish","4":"has-post-thumbnail","6":"product_cat-batizados","7":"product_cat-moldes-de-formas-especiais","8":"product_cat-moldes-metal","9":"product_cat-moldes-de-pastelaria","10":"product_cat-moldes","11":"product_cat-ordem-e-armazenamento","12":"product_cat-bautizos","13":"product_cat-ultimas-unidades","14":"product_cat-utensilios","16":"first","17":"instock","18":"taxable","19":"shipping-taxable","20":"purchasable","21":"product-type-simple"},"acf":[],"df_price":5.9,"df_sale_price":2.95,"df_regular_price":5.9,"df_image_link":"https:\/\/glotomania.com\/wp-content\/uploads\/2025\/09\/img_21085_12e873dc83dc7b2adb99fadea16ded61_1-300x300.png","brands":[],"_links":{"self":[{"href":"https:\/\/glotomania.com\/pt-pt\/wp-json\/wp\/v2\/product\/387474","targetHints":{"allow":["GET"]}}],"collection":[{"href":"https:\/\/glotomania.com\/pt-pt\/wp-json\/wp\/v2\/product"}],"about":[{"href":"https:\/\/glotomania.com\/pt-pt\/wp-json\/wp\/v2\/types\/product"}],"replies":[{"embeddable":true,"href":"https:\/\/glotomania.com\/pt-pt\/wp-json\/wp\/v2\/comments?post=387474"}],"wp:featuredmedia":[{"embeddable":true,"href":"https:\/\/glotomania.com\/pt-pt\/wp-json\/wp\/v2\/media\/152008"}],"wp:attachment":[{"href":"https:\/\/glotomania.com\/pt-pt\/wp-json\/wp\/v2\/media?parent=387474"}],"wp:term":[{"taxonomy":"pwb-brand","embeddable":true,"href":"https:\/\/glotomania.com\/pt-pt\/wp-json\/wp\/v2\/pwb-brand?post=387474"},{"taxonomy":"product_brand","embeddable":true,"href":"https:\/\/glotomania.com\/pt-pt\/wp-json\/wp\/v2\/product_brand?post=387474"},{"taxonomy":"product_cat","embeddable":true,"href":"https:\/\/glotomania.com\/pt-pt\/wp-json\/wp\/v2\/product_cat?post=387474"},{"taxonomy":"product_tag","embeddable":true,"href":"https:\/\/glotomania.com\/pt-pt\/wp-json\/wp\/v2\/product_tag?post=387474"}],"curies":[{"name":"wp","href":"https:\/\/api.w.org\/{rel}","templated":true}]}}