{"id":387487,"date":"2025-09-02T10:22:49","date_gmt":"2025-09-02T10:22:49","guid":{"rendered":"https:\/\/glotomania.com\/p\/caja-picnic-con-asa-mediana-2\/"},"modified":"2026-03-10T12:31:50","modified_gmt":"2026-03-10T12:31:50","slug":"caja-picnic-con-asa-mediana-2","status":"publish","type":"product","link":"https:\/\/glotomania.com\/pt-pt\/p\/caja-picnic-con-asa-mediana-2\/","title":{"rendered":"Caixa Com Al\u00c7a Media"},"content":{"rendered":"<p>\u00a0<\/p>\n<p><span style=\"font-size: 14px\">Fabricado em cart\u00e3o resistente, adequado para uso alimentar.<\/span><\/p>\n<p><span style=\"font-size: 14px\"><strong>Medida:<\/strong>\u00a0<\/span><span style=\"font-family: Helvetica;font-size: 14px\">22 x 12\u00a0x 14 cm.<\/span><\/p>\n","protected":false},"excerpt":{"rendered":"<p>Fabricado em cart\u00e3o resistente, ideal para uma boa conserva\u00e7\u00e3o e um transporte confort\u00e1vel das nossas cria\u00e7\u00f5es.<\/p>\n","protected":false},"featured_media":152019,"comment_status":"open","ping_status":"closed","template":"","meta":{"_acf_changed":false},"pwb-brand":[],"product_brand":[],"product_cat":[3158,3168,3166,1784,1785,1782,3087,1767],"product_tag":[],"class_list":{"0":"post-387487","1":"product","2":"type-product","3":"status-publish","4":"has-post-thumbnail","6":"product_cat-caixas-de-pastelaria","7":"product_cat-caixas-para-bolachas-2","8":"product_cat-caixas-para-cupcakes-2","9":"product_cat-cajas-cupcakes","10":"product_cat-cajas-galletas","11":"product_cat-cajas","12":"product_cat-ordem-e-armazenamento","13":"product_cat-utensilios","15":"first","16":"instock","17":"taxable","18":"shipping-taxable","19":"purchasable","20":"product-type-simple"},"acf":[],"df_price":0.85,"df_sale_price":"","df_regular_price":0.85,"df_image_link":"https:\/\/glotomania.com\/wp-content\/uploads\/2025\/09\/img_11992_da4984c4f3af7a73351b23699f00e3cc_1-300x300.png","brands":[],"_links":{"self":[{"href":"https:\/\/glotomania.com\/pt-pt\/wp-json\/wp\/v2\/product\/387487","targetHints":{"allow":["GET"]}}],"collection":[{"href":"https:\/\/glotomania.com\/pt-pt\/wp-json\/wp\/v2\/product"}],"about":[{"href":"https:\/\/glotomania.com\/pt-pt\/wp-json\/wp\/v2\/types\/product"}],"replies":[{"embeddable":true,"href":"https:\/\/glotomania.com\/pt-pt\/wp-json\/wp\/v2\/comments?post=387487"}],"wp:featuredmedia":[{"embeddable":true,"href":"https:\/\/glotomania.com\/pt-pt\/wp-json\/wp\/v2\/media\/152019"}],"wp:attachment":[{"href":"https:\/\/glotomania.com\/pt-pt\/wp-json\/wp\/v2\/media?parent=387487"}],"wp:term":[{"taxonomy":"pwb-brand","embeddable":true,"href":"https:\/\/glotomania.com\/pt-pt\/wp-json\/wp\/v2\/pwb-brand?post=387487"},{"taxonomy":"product_brand","embeddable":true,"href":"https:\/\/glotomania.com\/pt-pt\/wp-json\/wp\/v2\/product_brand?post=387487"},{"taxonomy":"product_cat","embeddable":true,"href":"https:\/\/glotomania.com\/pt-pt\/wp-json\/wp\/v2\/product_cat?post=387487"},{"taxonomy":"product_tag","embeddable":true,"href":"https:\/\/glotomania.com\/pt-pt\/wp-json\/wp\/v2\/product_tag?post=387487"}],"curies":[{"name":"wp","href":"https:\/\/api.w.org\/{rel}","templated":true}]}}