{"id":387499,"date":"2025-09-02T10:23:05","date_gmt":"2025-09-02T10:23:05","guid":{"rendered":"https:\/\/glotomania.com\/p\/set-9-rotuladores-comestibles-punta-fina-2\/"},"modified":"2026-03-16T21:21:35","modified_gmt":"2026-03-16T21:21:35","slug":"set-9-rotuladores-comestibles-punta-fina-2","status":"publish","type":"product","link":"https:\/\/glotomania.com\/pt-pt\/p\/set-9-rotuladores-comestibles-punta-fina-2\/","title":{"rendered":"Set 9 Marcadores Aliment\u00cdcios Ponta Fina"},"content":{"rendered":"<p>&nbsp;<\/p>\n<p><span style=\"font-size:14px\">S&atilde;o marcadores comest&iacute;veis<strong> n&atilde;o t&oacute;xicos<\/strong>. Ideal para todo tipo&nbsp;de superf&iacute;cie, gra&ccedil;as &agrave; sua ponta<strong> fina e flex&iacute;vel<\/strong>, pode obter decora&ccedil;&otilde;es finas com v&aacute;rios detalhes.<\/span><\/p>\n<p><span style=\"font-size:14px\">Tem tempo de <strong>secagem r&aacute;pido<\/strong>.<\/span><\/p>\n","protected":false},"excerpt":{"rendered":"<p>Marcadores comest\u00edveis para decora\u00e7\u00e3o, ideais para todos os tipos de superf\u00edcies.<\/p>\n","protected":false},"featured_media":35477,"comment_status":"open","ping_status":"closed","template":"","meta":{"_acf_changed":false,"_joinchat":[]},"pwb-brand":[],"product_brand":[],"product_cat":[2975,2953,1835,1837],"product_tag":[],"class_list":{"0":"post-387499","1":"product","2":"type-product","3":"status-publish","4":"has-post-thumbnail","6":"product_cat-canetas-alimentares-2","7":"product_cat-corantes-e-pinturas","8":"product_cat-colorantes","9":"product_cat-rotuladores-comestibles","11":"first","12":"instock","13":"taxable","14":"shipping-taxable","15":"purchasable","16":"product-type-simple"},"acf":[],"df_price":13.95,"df_sale_price":"","df_regular_price":13.95,"df_image_link":"https:\/\/e622tfk5wxd.exactdn.com\/wp-content\/uploads\/2023\/07\/img_19779_f537b5f32d79a4b9eb36f9cfe0bccef9_1-300x300.png?strip=all","brands":[],"_links":{"self":[{"href":"https:\/\/glotomania.com\/pt-pt\/wp-json\/wp\/v2\/product\/387499","targetHints":{"allow":["GET"]}}],"collection":[{"href":"https:\/\/glotomania.com\/pt-pt\/wp-json\/wp\/v2\/product"}],"about":[{"href":"https:\/\/glotomania.com\/pt-pt\/wp-json\/wp\/v2\/types\/product"}],"replies":[{"embeddable":true,"href":"https:\/\/glotomania.com\/pt-pt\/wp-json\/wp\/v2\/comments?post=387499"}],"wp:featuredmedia":[{"embeddable":true,"href":"https:\/\/glotomania.com\/pt-pt\/wp-json\/wp\/v2\/media\/35477"}],"wp:attachment":[{"href":"https:\/\/glotomania.com\/pt-pt\/wp-json\/wp\/v2\/media?parent=387499"}],"wp:term":[{"taxonomy":"pwb-brand","embeddable":true,"href":"https:\/\/glotomania.com\/pt-pt\/wp-json\/wp\/v2\/pwb-brand?post=387499"},{"taxonomy":"product_brand","embeddable":true,"href":"https:\/\/glotomania.com\/pt-pt\/wp-json\/wp\/v2\/product_brand?post=387499"},{"taxonomy":"product_cat","embeddable":true,"href":"https:\/\/glotomania.com\/pt-pt\/wp-json\/wp\/v2\/product_cat?post=387499"},{"taxonomy":"product_tag","embeddable":true,"href":"https:\/\/glotomania.com\/pt-pt\/wp-json\/wp\/v2\/product_tag?post=387499"}],"curies":[{"name":"wp","href":"https:\/\/api.w.org\/{rel}","templated":true}]}}