{"id":387501,"date":"2025-09-02T10:23:06","date_gmt":"2025-09-02T10:23:06","guid":{"rendered":"https:\/\/glotomania.com\/p\/set-4-cortadores-con-expulsor-pavoni-lirio-2\/"},"modified":"2026-04-30T00:18:19","modified_gmt":"2026-04-30T00:18:19","slug":"set-4-cortadores-con-expulsor-pavoni-lirio-2","status":"publish","type":"product","link":"https:\/\/glotomania.com\/pt-pt\/p\/set-4-cortadores-con-expulsor-pavoni-lirio-2\/","title":{"rendered":"Set 4 Cortadores Con Ejetor Pavoni &#8211; Lirio"},"content":{"rendered":"<p>\n<span style=\"font-size:14px\">Gra&ccedil;as ao ejector que incorpora, o corte &eacute; limpo sem tocar com a esp&aacute;tula, evitando deforma&ccedil;&otilde;es.<\/span><\/p>\n<p><span style=\"font-size:14px\">Fabricado em pl&aacute;stico de alta qualidade, adequado para uso alimentar.&nbsp;<\/span><\/p>\n<p><span style=\"font-size:14px\"><strong>M&eacute;todo de utiliza&ccedil;&atilde;o:&nbsp;<\/strong><br \/>\nColar na massa, pressionar e soltar o &ecirc;mbolo, deixar cair suavemente o biscoito na bandeja e no forno. Sem lhe tocar, n&atilde;o deforma, e a gravura &eacute; impressa no seu contorno e superf&iacute;cie dando-lhe um efeito 3D peculiar.&nbsp;<\/span><\/p>\n<p><span style=\"font-size:14px\"><strong>Medidas<\/strong>: 50 &#8211; 70 &#8211; 90 &#8211; 110 mm.<\/span><\/p>\n","protected":false},"excerpt":{"rendered":"<p>Conjunto de 4 cortadores em forma de p\u00e9tala com ejector de \u00eambolo para fazer l\u00edrios bonitos de forma f\u00e1cil e precisa.<\/p>\n","protected":false},"featured_media":152032,"comment_status":"open","ping_status":"closed","template":"","meta":{"_acf_changed":false},"pwb-brand":[],"product_brand":[],"product_cat":[1788,3199,3087,1869,1767],"product_tag":[],"class_list":{"0":"post-387501","1":"product","2":"type-product","3":"status-publish","4":"has-post-thumbnail","6":"product_cat-cortadores-de-cobre","7":"product_cat-cortadores-de-metal","8":"product_cat-ordem-e-armazenamento","9":"product_cat-ultimas-unidades","10":"product_cat-utensilios","12":"first","13":"instock","14":"taxable","15":"shipping-taxable","16":"purchasable","17":"product-type-simple"},"acf":[],"df_price":4.11,"df_sale_price":4.11,"df_regular_price":8.23,"df_image_link":"https:\/\/glotomania.com\/wp-content\/uploads\/2025\/09\/img_13675_1393c0718e7232ee6d02d7d9efc9b0fc_1-300x300.png","brands":[],"_links":{"self":[{"href":"https:\/\/glotomania.com\/pt-pt\/wp-json\/wp\/v2\/product\/387501","targetHints":{"allow":["GET"]}}],"collection":[{"href":"https:\/\/glotomania.com\/pt-pt\/wp-json\/wp\/v2\/product"}],"about":[{"href":"https:\/\/glotomania.com\/pt-pt\/wp-json\/wp\/v2\/types\/product"}],"replies":[{"embeddable":true,"href":"https:\/\/glotomania.com\/pt-pt\/wp-json\/wp\/v2\/comments?post=387501"}],"wp:featuredmedia":[{"embeddable":true,"href":"https:\/\/glotomania.com\/pt-pt\/wp-json\/wp\/v2\/media\/152032"}],"wp:attachment":[{"href":"https:\/\/glotomania.com\/pt-pt\/wp-json\/wp\/v2\/media?parent=387501"}],"wp:term":[{"taxonomy":"pwb-brand","embeddable":true,"href":"https:\/\/glotomania.com\/pt-pt\/wp-json\/wp\/v2\/pwb-brand?post=387501"},{"taxonomy":"product_brand","embeddable":true,"href":"https:\/\/glotomania.com\/pt-pt\/wp-json\/wp\/v2\/product_brand?post=387501"},{"taxonomy":"product_cat","embeddable":true,"href":"https:\/\/glotomania.com\/pt-pt\/wp-json\/wp\/v2\/product_cat?post=387501"},{"taxonomy":"product_tag","embeddable":true,"href":"https:\/\/glotomania.com\/pt-pt\/wp-json\/wp\/v2\/product_tag?post=387501"}],"curies":[{"name":"wp","href":"https:\/\/api.w.org\/{rel}","templated":true}]}}