{"id":387521,"date":"2025-09-02T10:23:18","date_gmt":"2025-09-02T10:23:18","guid":{"rendered":"https:\/\/glotomania.com\/p\/stencil-plantilla-para-decorar-pavoni-love-happy-easter-2\/"},"modified":"2026-04-25T00:28:35","modified_gmt":"2026-04-25T00:28:35","slug":"stencil-plantilla-para-decorar-pavoni-love-happy-easter-2","status":"publish","type":"product","link":"https:\/\/glotomania.com\/pt-pt\/p\/stencil-plantilla-para-decorar-pavoni-love-happy-easter-2\/","title":{"rendered":"Stencil Para Decorar Pavoni &#8211; Love \/ Happy Easter"},"content":{"rendered":"<p>&nbsp;<\/p>\n<p><strong style=\"font-size: 14px\">Medidas aprox.:<\/strong><span style=\"font-size: 14px\">&nbsp;20 x 18,5 cm.<\/span><\/p>\n","protected":false},"excerpt":{"rendered":"<p>Inclui 2 modelos para decorar os nossos bolos com a\u00e7\u00facar de confeiteiro ou cacau, com desenhos perfeitos para o Dia dos Namorados e para a P\u00e1scoa.<\/p>\n","protected":false},"featured_media":47477,"comment_status":"open","ping_status":"closed","template":"","meta":{"_acf_changed":false},"pwb-brand":[],"product_brand":[],"product_cat":[1852,3135,2907,3214,1801,3087,2921,1919,1849,1858,2924,1869,1767],"product_tag":[],"class_list":{"0":"post-387521","1":"product","2":"type-product","3":"status-publish","4":"has-post-thumbnail","6":"product_cat-san-valentin","7":"product_cat-estencils-2","8":"product_cat-festas","9":"product_cat-moldes-de-pastelaria","10":"product_cat-moldes","11":"product_cat-ordem-e-armazenamento","12":"product_cat-pascoa","13":"product_cat-plantillas-tartas","14":"product_cat-fiestas","15":"product_cat-pascua","16":"product_cat-sao-valentim-2","17":"product_cat-ultimas-unidades","18":"product_cat-utensilios","20":"first","21":"instock","22":"taxable","23":"shipping-taxable","24":"purchasable","25":"product-type-simple"},"acf":[],"df_price":4.11,"df_sale_price":2.06,"df_regular_price":4.11,"df_image_link":"https:\/\/glotomania.com\/wp-content\/uploads\/2022\/09\/img_14637_9c86e9dc0433f2f48709e4d0b23061d2_1-300x300.jpg","brands":[],"_links":{"self":[{"href":"https:\/\/glotomania.com\/pt-pt\/wp-json\/wp\/v2\/product\/387521","targetHints":{"allow":["GET"]}}],"collection":[{"href":"https:\/\/glotomania.com\/pt-pt\/wp-json\/wp\/v2\/product"}],"about":[{"href":"https:\/\/glotomania.com\/pt-pt\/wp-json\/wp\/v2\/types\/product"}],"replies":[{"embeddable":true,"href":"https:\/\/glotomania.com\/pt-pt\/wp-json\/wp\/v2\/comments?post=387521"}],"wp:featuredmedia":[{"embeddable":true,"href":"https:\/\/glotomania.com\/pt-pt\/wp-json\/wp\/v2\/media\/47477"}],"wp:attachment":[{"href":"https:\/\/glotomania.com\/pt-pt\/wp-json\/wp\/v2\/media?parent=387521"}],"wp:term":[{"taxonomy":"pwb-brand","embeddable":true,"href":"https:\/\/glotomania.com\/pt-pt\/wp-json\/wp\/v2\/pwb-brand?post=387521"},{"taxonomy":"product_brand","embeddable":true,"href":"https:\/\/glotomania.com\/pt-pt\/wp-json\/wp\/v2\/product_brand?post=387521"},{"taxonomy":"product_cat","embeddable":true,"href":"https:\/\/glotomania.com\/pt-pt\/wp-json\/wp\/v2\/product_cat?post=387521"},{"taxonomy":"product_tag","embeddable":true,"href":"https:\/\/glotomania.com\/pt-pt\/wp-json\/wp\/v2\/product_tag?post=387521"}],"curies":[{"name":"wp","href":"https:\/\/api.w.org\/{rel}","templated":true}]}}