{"id":387523,"date":"2025-09-02T10:23:19","date_gmt":"2025-09-02T10:23:19","guid":{"rendered":"https:\/\/glotomania.com\/p\/set-accesorios-para-te-pavoni-rosa-y-verde-2\/"},"modified":"2026-04-25T00:28:37","modified_gmt":"2026-04-25T00:28:37","slug":"set-accesorios-para-te-pavoni-rosa-y-verde-2","status":"publish","type":"product","link":"https:\/\/glotomania.com\/pt-pt\/p\/set-accesorios-para-te-pavoni-rosa-y-verde-2\/","title":{"rendered":"Conjunto De Acess\u00d3rios Para Ch\u00c1 Pavoni &#8211; Rosa E Verde"},"content":{"rendered":"<p>\n<span style=\"font-size: 14px\">Feito de&nbsp;<strong>silicone 100% platina<\/strong>, que garante grandes qualidades antiaderentes, higi&eacute;nicas e resistentes a temperaturas extremas, de -40 a 240 &ordm;C.<\/span><\/p>\n<p><span style=\"font-size: 14px\">O conjunto inclui 2 filtros de ch&aacute; e 2 tampas \/ bases para copos.<\/span><\/p>\n","protected":false},"excerpt":{"rendered":"<p>Acess\u00f3rios coloridos e divertidos que tornam a prepara\u00e7\u00e3o de infus\u00f5es e ch\u00e1s um ritual.<\/p>\n","protected":false},"featured_media":152074,"comment_status":"open","ping_status":"closed","template":"","meta":{"_acf_changed":false},"pwb-brand":[],"product_brand":[],"product_cat":[3072,1941,1867,3057,1869],"product_tag":[],"class_list":{"0":"post-387523","1":"product","2":"type-product","3":"status-publish","4":"has-post-thumbnail","6":"product_cat-infusores-de-cha-2","7":"product_cat-infusores-te","8":"product_cat-menaje","9":"product_cat-tapetes-de-microfibra","10":"product_cat-ultimas-unidades","12":"first","13":"instock","14":"taxable","15":"shipping-taxable","16":"purchasable","17":"product-type-simple"},"acf":[],"df_price":9.63,"df_sale_price":4.82,"df_regular_price":9.63,"df_image_link":"https:\/\/glotomania.com\/wp-content\/uploads\/2025\/09\/img_14805_4fbf302337485bb158862ba632cba1b0_1-300x300.png","brands":[],"_links":{"self":[{"href":"https:\/\/glotomania.com\/pt-pt\/wp-json\/wp\/v2\/product\/387523","targetHints":{"allow":["GET"]}}],"collection":[{"href":"https:\/\/glotomania.com\/pt-pt\/wp-json\/wp\/v2\/product"}],"about":[{"href":"https:\/\/glotomania.com\/pt-pt\/wp-json\/wp\/v2\/types\/product"}],"replies":[{"embeddable":true,"href":"https:\/\/glotomania.com\/pt-pt\/wp-json\/wp\/v2\/comments?post=387523"}],"wp:featuredmedia":[{"embeddable":true,"href":"https:\/\/glotomania.com\/pt-pt\/wp-json\/wp\/v2\/media\/152074"}],"wp:attachment":[{"href":"https:\/\/glotomania.com\/pt-pt\/wp-json\/wp\/v2\/media?parent=387523"}],"wp:term":[{"taxonomy":"pwb-brand","embeddable":true,"href":"https:\/\/glotomania.com\/pt-pt\/wp-json\/wp\/v2\/pwb-brand?post=387523"},{"taxonomy":"product_brand","embeddable":true,"href":"https:\/\/glotomania.com\/pt-pt\/wp-json\/wp\/v2\/product_brand?post=387523"},{"taxonomy":"product_cat","embeddable":true,"href":"https:\/\/glotomania.com\/pt-pt\/wp-json\/wp\/v2\/product_cat?post=387523"},{"taxonomy":"product_tag","embeddable":true,"href":"https:\/\/glotomania.com\/pt-pt\/wp-json\/wp\/v2\/product_tag?post=387523"}],"curies":[{"name":"wp","href":"https:\/\/api.w.org\/{rel}","templated":true}]}}