{"id":387532,"date":"2025-09-02T10:23:32","date_gmt":"2025-09-02T10:23:32","guid":{"rendered":"https:\/\/glotomania.com\/p\/cortador-de-acero-postura-kamasutra-n1-2\/"},"modified":"2026-04-23T00:20:51","modified_gmt":"2026-04-23T00:20:51","slug":"cortador-de-acero-postura-kamasutra-n1-2","status":"publish","type":"product","link":"https:\/\/glotomania.com\/pt-pt\/p\/cortador-de-acero-postura-kamasutra-n1-2\/","title":{"rendered":"Cortador De A\u00c7o &#8211; Kamasutra N1"},"content":{"rendered":"<p>&nbsp;<\/p>\n<div><span style=\"font-size: 14px\">Feito de metal de qualidade premium, adequado para uso alimentar, f&aacute;cil de limpar. Fabricado em&nbsp;<strong>a&ccedil;o inoxid&aacute;vel&nbsp;<\/strong>AISI 304 com 0,4 mm de espessura, com aro de 3 mm para proteger ao pressionar.<\/span><\/div>\n<div>\n<span style=\"font-size: 14px\"><strong>Medidas<\/strong>:&nbsp;Comprimento 9 cm<\/span><\/div>\n","protected":false},"excerpt":{"rendered":"<p>Personalize suas cria\u00e7\u00f5es com esses moldes tem\u00e1ticos divertidos e ousados.<\/p>\n","protected":false},"featured_media":152106,"comment_status":"open","ping_status":"closed","template":"","meta":{"_acf_changed":false},"pwb-brand":[],"product_brand":[],"product_cat":[3199,3199,3087,3087],"product_tag":[],"class_list":{"0":"post-387532","1":"product","2":"type-product","3":"status-publish","4":"has-post-thumbnail","6":"product_cat-cortadores-de-metal","8":"product_cat-ordem-e-armazenamento","11":"first","12":"instock","13":"taxable","14":"shipping-taxable","15":"purchasable","16":"product-type-simple"},"acf":[],"df_price":2.99,"df_sale_price":1.79,"df_regular_price":2.99,"df_image_link":"https:\/\/glotomania.com\/wp-content\/uploads\/2025\/09\/img_20115_7c61cf1e755f349e9e6f6f318fff6926_1-300x300.png","brands":[],"_links":{"self":[{"href":"https:\/\/glotomania.com\/pt-pt\/wp-json\/wp\/v2\/product\/387532","targetHints":{"allow":["GET"]}}],"collection":[{"href":"https:\/\/glotomania.com\/pt-pt\/wp-json\/wp\/v2\/product"}],"about":[{"href":"https:\/\/glotomania.com\/pt-pt\/wp-json\/wp\/v2\/types\/product"}],"replies":[{"embeddable":true,"href":"https:\/\/glotomania.com\/pt-pt\/wp-json\/wp\/v2\/comments?post=387532"}],"wp:featuredmedia":[{"embeddable":true,"href":"https:\/\/glotomania.com\/pt-pt\/wp-json\/wp\/v2\/media\/152106"}],"wp:attachment":[{"href":"https:\/\/glotomania.com\/pt-pt\/wp-json\/wp\/v2\/media?parent=387532"}],"wp:term":[{"taxonomy":"pwb-brand","embeddable":true,"href":"https:\/\/glotomania.com\/pt-pt\/wp-json\/wp\/v2\/pwb-brand?post=387532"},{"taxonomy":"product_brand","embeddable":true,"href":"https:\/\/glotomania.com\/pt-pt\/wp-json\/wp\/v2\/product_brand?post=387532"},{"taxonomy":"product_cat","embeddable":true,"href":"https:\/\/glotomania.com\/pt-pt\/wp-json\/wp\/v2\/product_cat?post=387532"},{"taxonomy":"product_tag","embeddable":true,"href":"https:\/\/glotomania.com\/pt-pt\/wp-json\/wp\/v2\/product_tag?post=387532"}],"curies":[{"name":"wp","href":"https:\/\/api.w.org\/{rel}","templated":true}]}}