{"id":387536,"date":"2025-09-02T10:23:33","date_gmt":"2025-09-02T10:23:33","guid":{"rendered":"https:\/\/glotomania.com\/p\/pulverizador-de-purpurina-oro-brillante-10-g-2\/"},"modified":"2026-04-15T09:14:17","modified_gmt":"2026-04-15T09:14:17","slug":"pulverizador-de-purpurina-oro-brillante-10-g-2","status":"publish","type":"product","link":"https:\/\/glotomania.com\/pt-pt\/p\/pulverizador-de-purpurina-oro-brillante-10-g-2\/","title":{"rendered":"Spray De Brilhantes Dourados 10 G"},"content":{"rendered":"<p>&nbsp;<\/p>\n<p><span style=\"font-size:14px\">Spray de corante comest&iacute;vel dourado.<\/span><\/p>\n<p><span style=\"font-size:14px\">Funciona com ar, n&atilde;o cont&eacute;m &aacute;lcool.<\/span><\/p>\n<p><span style=\"font-size:14px\"><strong>M&eacute;todo de utiliza&ccedil;&atilde;o:<\/strong><br \/>\nPulverizar a uma dist&acirc;ncia de aproximadamente 10 cm, premindo o bot&atilde;o. A utiliza&ccedil;&atilde;o de uma escova &eacute; recomendada para um resultado mais preciso.<\/span><\/p>\n","protected":false},"excerpt":{"rendered":"<p>Spray glitter comest\u00edvel com um efeito dourado brilhante, perfeito para decorar as nossas cria\u00e7\u00f5es.<\/p>\n","protected":false},"featured_media":37765,"comment_status":"open","ping_status":"closed","template":"","meta":{"_acf_changed":false},"pwb-brand":[],"product_brand":[],"product_cat":[2955,2953,2996,3001,3004,1900,1835,1832,1845,1833],"product_tag":[],"class_list":{"0":"post-387536","1":"product","2":"type-product","3":"status-publish","4":"has-post-thumbnail","6":"product_cat-brilhos-comestiveis-2","7":"product_cat-corantes-e-pinturas","8":"product_cat-produtos-vegetarianos","9":"product_cat-sem-e-171-2","10":"product_cat-sem-gluten-2","11":"product_cat-brillos-comestibles","12":"product_cat-colorantes","13":"product_cat-diestas-especiales","14":"product_cat-dieta-sin-e-171","15":"product_cat-dieta-sin-gluten","17":"first","18":"instock","19":"taxable","20":"shipping-taxable","21":"purchasable","22":"product-type-simple"},"acf":[],"df_price":7.5,"df_sale_price":"","df_regular_price":7.5,"df_image_link":"https:\/\/glotomania.com\/wp-content\/uploads\/2023\/07\/img_16716_b2f8d386e44be7bf7ce2c227480d64ea_1-300x300.jpg","brands":[],"_links":{"self":[{"href":"https:\/\/glotomania.com\/pt-pt\/wp-json\/wp\/v2\/product\/387536","targetHints":{"allow":["GET"]}}],"collection":[{"href":"https:\/\/glotomania.com\/pt-pt\/wp-json\/wp\/v2\/product"}],"about":[{"href":"https:\/\/glotomania.com\/pt-pt\/wp-json\/wp\/v2\/types\/product"}],"replies":[{"embeddable":true,"href":"https:\/\/glotomania.com\/pt-pt\/wp-json\/wp\/v2\/comments?post=387536"}],"wp:featuredmedia":[{"embeddable":true,"href":"https:\/\/glotomania.com\/pt-pt\/wp-json\/wp\/v2\/media\/37765"}],"wp:attachment":[{"href":"https:\/\/glotomania.com\/pt-pt\/wp-json\/wp\/v2\/media?parent=387536"}],"wp:term":[{"taxonomy":"pwb-brand","embeddable":true,"href":"https:\/\/glotomania.com\/pt-pt\/wp-json\/wp\/v2\/pwb-brand?post=387536"},{"taxonomy":"product_brand","embeddable":true,"href":"https:\/\/glotomania.com\/pt-pt\/wp-json\/wp\/v2\/product_brand?post=387536"},{"taxonomy":"product_cat","embeddable":true,"href":"https:\/\/glotomania.com\/pt-pt\/wp-json\/wp\/v2\/product_cat?post=387536"},{"taxonomy":"product_tag","embeddable":true,"href":"https:\/\/glotomania.com\/pt-pt\/wp-json\/wp\/v2\/product_tag?post=387536"}],"curies":[{"name":"wp","href":"https:\/\/api.w.org\/{rel}","templated":true}]}}