{"id":387540,"date":"2025-09-02T10:23:37","date_gmt":"2025-09-02T10:23:37","guid":{"rendered":"https:\/\/glotomania.com\/p\/figura-para-tarta-mujer-con-vestido-corto-2\/"},"modified":"2026-03-10T12:33:52","modified_gmt":"2026-03-10T12:33:52","slug":"figura-para-tarta-mujer-con-vestido-corto-2","status":"publish","type":"product","link":"https:\/\/glotomania.com\/pt-pt\/p\/figura-para-tarta-mujer-con-vestido-corto-2\/","title":{"rendered":"Figura Para Bolo Mulher Vestido Curto"},"content":{"rendered":"<p>\n<span style=\"color:#000000\"><span style=\"font-size:14px\">Figura n&atilde;o comest&iacute;vel, deve ser removida antes de se consumir o bolo.&nbsp;<br \/>\nFeito de base PET, polyresin.<\/span><\/span><\/p>\n<p><span style=\"color:#000000\"><span style=\"font-size:14px\">Regulamento (UE)<strong>&nbsp;10\/2011<\/strong>: materiais e objectos de pl&aacute;stico destinados a entrar em contacto com os alimentos.&nbsp;<\/span><\/span><\/p>\n<p><span style=\"color:#000000\"><span style=\"font-size:14px\"><strong>Medidas:&nbsp;<\/strong>Altura 16 cm.<\/span><\/span><\/p>\n<p><span style=\"color:#000000\"><span style=\"font-size:14px\"><u><strong>Conserva&ccedil;&atilde;o:<\/strong><\/u>&nbsp;&eacute; essencial mant&ecirc;-la na sua embalagem original e caixa durante o armazenamento.<\/span><\/span><\/p>\n","protected":false},"excerpt":{"rendered":"<p>Figura n\u00e3o comest\u00edvel, ideal para as nossas celebra\u00e7\u00f5es mais especiais.<\/p>\n","protected":false},"featured_media":152115,"comment_status":"open","ping_status":"closed","template":"","meta":{"_acf_changed":false},"pwb-brand":[],"product_brand":[],"product_cat":[2910,1792,2907,1889,3202,3206,1860,1888,1849,1767],"product_tag":[],"class_list":{"0":"post-387540","1":"product","2":"type-product","3":"status-publish","4":"has-post-thumbnail","6":"product_cat-casamentos-2","7":"product_cat-decoracion-no-comestible","8":"product_cat-festas","9":"product_cat-figuras-bodas","10":"product_cat-figuras-para-bolos","11":"product_cat-figuras-para-casamentos","12":"product_cat-figuras-tartas","13":"product_cat-bodas","14":"product_cat-fiestas","15":"product_cat-utensilios","17":"first","18":"instock","19":"taxable","20":"shipping-taxable","21":"purchasable","22":"product-type-simple"},"acf":[],"df_price":6.85,"df_sale_price":"","df_regular_price":6.85,"df_image_link":"https:\/\/glotomania.com\/wp-content\/uploads\/2025\/09\/img_8147_18a18e190f657a18f4470124fa68a615_1-300x300.jpg","brands":[],"_links":{"self":[{"href":"https:\/\/glotomania.com\/pt-pt\/wp-json\/wp\/v2\/product\/387540","targetHints":{"allow":["GET"]}}],"collection":[{"href":"https:\/\/glotomania.com\/pt-pt\/wp-json\/wp\/v2\/product"}],"about":[{"href":"https:\/\/glotomania.com\/pt-pt\/wp-json\/wp\/v2\/types\/product"}],"replies":[{"embeddable":true,"href":"https:\/\/glotomania.com\/pt-pt\/wp-json\/wp\/v2\/comments?post=387540"}],"wp:featuredmedia":[{"embeddable":true,"href":"https:\/\/glotomania.com\/pt-pt\/wp-json\/wp\/v2\/media\/152115"}],"wp:attachment":[{"href":"https:\/\/glotomania.com\/pt-pt\/wp-json\/wp\/v2\/media?parent=387540"}],"wp:term":[{"taxonomy":"pwb-brand","embeddable":true,"href":"https:\/\/glotomania.com\/pt-pt\/wp-json\/wp\/v2\/pwb-brand?post=387540"},{"taxonomy":"product_brand","embeddable":true,"href":"https:\/\/glotomania.com\/pt-pt\/wp-json\/wp\/v2\/product_brand?post=387540"},{"taxonomy":"product_cat","embeddable":true,"href":"https:\/\/glotomania.com\/pt-pt\/wp-json\/wp\/v2\/product_cat?post=387540"},{"taxonomy":"product_tag","embeddable":true,"href":"https:\/\/glotomania.com\/pt-pt\/wp-json\/wp\/v2\/product_tag?post=387540"}],"curies":[{"name":"wp","href":"https:\/\/api.w.org\/{rel}","templated":true}]}}