{"id":387550,"date":"2025-09-02T10:23:54","date_gmt":"2025-09-02T10:23:54","guid":{"rendered":"https:\/\/glotomania.com\/p\/velas-cumpleanos-metalicas-color-plata-2\/"},"modified":"2026-03-10T12:34:48","modified_gmt":"2026-03-10T12:34:48","slug":"velas-cumpleanos-metalicas-color-plata-2","status":"publish","type":"product","link":"https:\/\/glotomania.com\/pt-pt\/p\/velas-cumpleanos-metalicas-color-plata-2\/","title":{"rendered":"Velas De Anivers\u00c1rio Met\u00c1licas Prata"},"content":{"rendered":"<p>&nbsp;<\/p>\n<p><span style=\"font-size:14px\"><strong>Composi&ccedil;&atilde;o:<\/strong><br \/>\nPl&aacute;stico, algod&atilde;o, cera de parafina n&atilde;o perfumada, pigmento de cor.&nbsp;<br \/>\n<strong>Regulamento (UE) 10\/2011<\/strong>: materiais pl&aacute;sticos destinados a entrar em contacto com os alimentos.&nbsp;<\/span><\/p>\n<p><span style=\"font-size:14px\"><strong>Tamanho<\/strong>: 10 x 235 x 65 mm.<\/span><\/p>\n<p><span style=\"font-size:14px\"><strong>Peso<\/strong>: 50 g.<\/span><\/p>\n<p><span style=\"font-size:14px\"><strong>Conserva&ccedil;&atilde;o<\/strong>: &eacute; essencial mant&ecirc;-la na sua embalagem original e caixa durante o armazenamento.<\/span><\/p>\n<p><span style=\"font-size:14px\">Manter abaixo do ponto de fus&atilde;o: 56-68 &ordm;C.<\/span><\/p>\n","protected":false},"excerpt":{"rendered":"<p>Blister com 12 unidades de 13 cm cada, para dar luz \u00e0s suas celebra\u00e7\u00f5es mais especiais.<\/p>\n","protected":false},"featured_media":35770,"comment_status":"open","ping_status":"closed","template":"","meta":{"_acf_changed":false},"pwb-brand":[],"product_brand":[],"product_cat":[1792,3200,3087,1767,3211,1796,3209,1795],"product_tag":[],"class_list":{"0":"post-387550","1":"product","2":"type-product","3":"status-publish","4":"has-post-thumbnail","6":"product_cat-decoracion-no-comestible","7":"product_cat-decoracoes-nao-comestiveis","8":"product_cat-ordem-e-armazenamento","9":"product_cat-utensilios","10":"product_cat-velas-originais","11":"product_cat-velas-originales","12":"product_cat-velas-para-bolos","13":"product_cat-velas","15":"first","16":"instock","17":"taxable","18":"shipping-taxable","19":"purchasable","20":"product-type-simple"},"acf":[],"df_price":3.75,"df_sale_price":"","df_regular_price":3.75,"df_image_link":"https:\/\/glotomania.com\/wp-content\/uploads\/2022\/09\/img_8598_52762d51424ca908b7937477598e4e78_1.png","brands":[],"_links":{"self":[{"href":"https:\/\/glotomania.com\/pt-pt\/wp-json\/wp\/v2\/product\/387550","targetHints":{"allow":["GET"]}}],"collection":[{"href":"https:\/\/glotomania.com\/pt-pt\/wp-json\/wp\/v2\/product"}],"about":[{"href":"https:\/\/glotomania.com\/pt-pt\/wp-json\/wp\/v2\/types\/product"}],"replies":[{"embeddable":true,"href":"https:\/\/glotomania.com\/pt-pt\/wp-json\/wp\/v2\/comments?post=387550"}],"wp:featuredmedia":[{"embeddable":true,"href":"https:\/\/glotomania.com\/pt-pt\/wp-json\/wp\/v2\/media\/35770"}],"wp:attachment":[{"href":"https:\/\/glotomania.com\/pt-pt\/wp-json\/wp\/v2\/media?parent=387550"}],"wp:term":[{"taxonomy":"pwb-brand","embeddable":true,"href":"https:\/\/glotomania.com\/pt-pt\/wp-json\/wp\/v2\/pwb-brand?post=387550"},{"taxonomy":"product_brand","embeddable":true,"href":"https:\/\/glotomania.com\/pt-pt\/wp-json\/wp\/v2\/product_brand?post=387550"},{"taxonomy":"product_cat","embeddable":true,"href":"https:\/\/glotomania.com\/pt-pt\/wp-json\/wp\/v2\/product_cat?post=387550"},{"taxonomy":"product_tag","embeddable":true,"href":"https:\/\/glotomania.com\/pt-pt\/wp-json\/wp\/v2\/product_tag?post=387550"}],"curies":[{"name":"wp","href":"https:\/\/api.w.org\/{rel}","templated":true}]}}