{"id":387552,"date":"2025-09-24T15:30:21","date_gmt":"2025-09-24T15:30:21","guid":{"rendered":"https:\/\/glotomania.com\/p\/colorante-en-polvo-pastkolor-2\/"},"modified":"2026-03-10T12:34:53","modified_gmt":"2026-03-10T12:34:53","slug":"colorante-en-polvo-pastkolor-2","status":"publish","type":"product","link":"https:\/\/glotomania.com\/pt-pt\/p\/colorante-en-polvo-pastkolor-2\/","title":{"rendered":"Corante Em P\u00d3 Pastkolor &#8211; Laranja Met\u00c1lico 3 G"},"content":{"rendered":"<p>\n<span style=\"font-size: 14px\"><strong>Instru&ccedil;&otilde;es de utiliza&ccedil;&atilde;o:<\/strong><br \/>\nRecomendamos a dissolu&ccedil;&atilde;o do produto anteriormente em &aacute;gua desmineralizada. Isto evita o aparecimento de manchas devido a uma m&aacute; dispers&atilde;o do corante, e garante a optimiza&ccedil;&atilde;o do produto. Recomenda-se a incorpora&ccedil;&atilde;o no final da elabora&ccedil;&atilde;o.<\/span><\/p>\n<p><span style=\"font-size: 14px\"><strong>Dosagem recomendada:&nbsp;<\/strong>m&aacute;x. 2 g por 1 kg de massa (entre 0,1 e 2 %).<\/span><\/p>\n","protected":false},"excerpt":{"rendered":"<p>Corante em p\u00f3 de alta concentra\u00e7\u00e3o, ideal para dar belas tonalidades de cor \u00e0s nossas cria\u00e7\u00f5es.<\/p>\n","protected":false},"featured_media":350425,"comment_status":"open","ping_status":"closed","template":"","meta":{"_acf_changed":false},"pwb-brand":[],"product_brand":[],"product_cat":[2905,1829],"product_tag":[],"class_list":{"0":"post-387552","1":"product","2":"type-product","3":"status-publish","4":"has-post-thumbnail","6":"product_cat-data-de-expiracao-proxima","7":"product_cat-ingredientes","9":"first","10":"instock","11":"taxable","12":"shipping-taxable","13":"purchasable","14":"product-type-simple"},"acf":[],"df_price":2.95,"df_sale_price":"","df_regular_price":2.95,"df_image_link":"https:\/\/glotomania.com\/wp-content\/uploads\/2025\/11\/img_19894_08d6069a972fa146915f288853a78a3b_1-164-300x300.jpg","brands":[],"_links":{"self":[{"href":"https:\/\/glotomania.com\/pt-pt\/wp-json\/wp\/v2\/product\/387552","targetHints":{"allow":["GET"]}}],"collection":[{"href":"https:\/\/glotomania.com\/pt-pt\/wp-json\/wp\/v2\/product"}],"about":[{"href":"https:\/\/glotomania.com\/pt-pt\/wp-json\/wp\/v2\/types\/product"}],"replies":[{"embeddable":true,"href":"https:\/\/glotomania.com\/pt-pt\/wp-json\/wp\/v2\/comments?post=387552"}],"wp:featuredmedia":[{"embeddable":true,"href":"https:\/\/glotomania.com\/pt-pt\/wp-json\/wp\/v2\/media\/350425"}],"wp:attachment":[{"href":"https:\/\/glotomania.com\/pt-pt\/wp-json\/wp\/v2\/media?parent=387552"}],"wp:term":[{"taxonomy":"pwb-brand","embeddable":true,"href":"https:\/\/glotomania.com\/pt-pt\/wp-json\/wp\/v2\/pwb-brand?post=387552"},{"taxonomy":"product_brand","embeddable":true,"href":"https:\/\/glotomania.com\/pt-pt\/wp-json\/wp\/v2\/product_brand?post=387552"},{"taxonomy":"product_cat","embeddable":true,"href":"https:\/\/glotomania.com\/pt-pt\/wp-json\/wp\/v2\/product_cat?post=387552"},{"taxonomy":"product_tag","embeddable":true,"href":"https:\/\/glotomania.com\/pt-pt\/wp-json\/wp\/v2\/product_tag?post=387552"}],"curies":[{"name":"wp","href":"https:\/\/api.w.org\/{rel}","templated":true}]}}