{"id":387553,"date":"2026-03-05T10:09:25","date_gmt":"2026-03-05T10:09:25","guid":{"rendered":"https:\/\/glotomania.com\/p\/calabaza-roja-confitada-en-tiras-4-kg-2\/"},"modified":"2026-03-10T12:35:32","modified_gmt":"2026-03-10T12:35:32","slug":"calabaza-roja-confitada-en-tiras-4-kg-2","status":"publish","type":"product","link":"https:\/\/glotomania.com\/pt-pt\/p\/calabaza-roja-confitada-en-tiras-4-kg-2\/","title":{"rendered":"Tiras De Ab\u00d3bora Vermelha Cristalizada 4 Kg"},"content":{"rendered":"<div>&nbsp;<\/div>\n<div><span style=\"font-size:14px\"><span style=\"color:#000000\">Tiras de ab&oacute;bora vermelha cristalizada com textura firme e cor vermelha intensa. Proporcionam grande impacto visual e refor&ccedil;am o car&aacute;ter artesanal do produto final.<\/span><\/span><br \/>\n&nbsp;<\/div>\n<div><span style=\"font-size:14px\"><span style=\"color:#000000\"><strong>Ideias de utiliza&ccedil;&atilde;o:<\/strong><\/span><\/span><\/div>\n<ul>\n<li><span style=\"font-size:14px\"><span style=\"color:#000000\">Bolo-Rei tradicional.<\/span><\/span><\/li>\n<li><span style=\"font-size:14px\"><span style=\"color:#000000\">Bolos festivos.<\/span><\/span><\/li>\n<li><span style=\"font-size:14px\"><span style=\"color:#000000\">Decora&ccedil;&otilde;es de Natal.<\/span><\/span><\/li>\n<li><span style=\"font-size:14px\"><span style=\"color:#000000\">Pastelaria tradicional com contraste visual.<\/span><\/span><\/li>\n<\/ul>\n","protected":false},"excerpt":{"rendered":"<p>As tiras de ab\u00f3bora vermelha cristalizada oferecem uma cor vibrante e textura consistente, ideais para decora\u00e7\u00f5es apelativas e produtos de pastelaria sazonais.<\/p>\n","protected":false},"featured_media":386243,"comment_status":"open","ping_status":"closed","template":"","meta":{"_acf_changed":false},"pwb-brand":[],"product_brand":[],"product_cat":[2890,1839,1832,1829,1844,1833,1849,1866],"product_tag":[],"class_list":{"0":"post-387553","1":"product","2":"type-product","3":"status-publish","4":"has-post-thumbnail","6":"product_cat-fruta-confitada","7":"product_cat-decoracion-comestible","8":"product_cat-diestas-especiales","9":"product_cat-ingredientes","10":"product_cat-ingredientes-reposteria","11":"product_cat-dieta-sin-gluten","12":"product_cat-fiestas","13":"product_cat-navidad","15":"first","16":"instock","17":"taxable","18":"shipping-taxable","19":"purchasable","20":"product-type-simple"},"acf":[],"df_price":58.75,"df_sale_price":"","df_regular_price":58.75,"df_image_link":"https:\/\/glotomania.com\/wp-content\/uploads\/2026\/03\/img_28486_854fde8e4e6479bd423c3a55e99f8e4e_1.jpg","brands":[],"_links":{"self":[{"href":"https:\/\/glotomania.com\/pt-pt\/wp-json\/wp\/v2\/product\/387553","targetHints":{"allow":["GET"]}}],"collection":[{"href":"https:\/\/glotomania.com\/pt-pt\/wp-json\/wp\/v2\/product"}],"about":[{"href":"https:\/\/glotomania.com\/pt-pt\/wp-json\/wp\/v2\/types\/product"}],"replies":[{"embeddable":true,"href":"https:\/\/glotomania.com\/pt-pt\/wp-json\/wp\/v2\/comments?post=387553"}],"wp:featuredmedia":[{"embeddable":true,"href":"https:\/\/glotomania.com\/pt-pt\/wp-json\/wp\/v2\/media\/386243"}],"wp:attachment":[{"href":"https:\/\/glotomania.com\/pt-pt\/wp-json\/wp\/v2\/media?parent=387553"}],"wp:term":[{"taxonomy":"pwb-brand","embeddable":true,"href":"https:\/\/glotomania.com\/pt-pt\/wp-json\/wp\/v2\/pwb-brand?post=387553"},{"taxonomy":"product_brand","embeddable":true,"href":"https:\/\/glotomania.com\/pt-pt\/wp-json\/wp\/v2\/product_brand?post=387553"},{"taxonomy":"product_cat","embeddable":true,"href":"https:\/\/glotomania.com\/pt-pt\/wp-json\/wp\/v2\/product_cat?post=387553"},{"taxonomy":"product_tag","embeddable":true,"href":"https:\/\/glotomania.com\/pt-pt\/wp-json\/wp\/v2\/product_tag?post=387553"}],"curies":[{"name":"wp","href":"https:\/\/api.w.org\/{rel}","templated":true}]}}