{"id":387554,"date":"2026-03-05T10:09:32","date_gmt":"2026-03-05T10:09:32","guid":{"rendered":"https:\/\/glotomania.com\/p\/calabaza-verde-confitada-en-tiras-4-kg-2\/"},"modified":"2026-03-10T12:35:33","modified_gmt":"2026-03-10T12:35:33","slug":"calabaza-verde-confitada-en-tiras-4-kg-2","status":"publish","type":"product","link":"https:\/\/glotomania.com\/pt-pt\/p\/calabaza-verde-confitada-en-tiras-4-kg-2\/","title":{"rendered":"Tiras De Ab\u00d3bora Verde Cristalizada 4 Kg"},"content":{"rendered":"<div>&nbsp;<\/div>\n<div><span style=\"font-size:14px\"><span style=\"color:#000000\">Tiras de ab&oacute;bora verde cristalizada com textura firme e cor verde intensa. Ideais para padarias, pastelarias e ateliers profissionais que desejam manter a est&eacute;tica tradicional do Bolo-Rei com um acabamento profissional.<\/span><\/span><br \/>\n&nbsp;<\/div>\n<div><span style=\"font-size:14px\"><span style=\"color:#000000\"><strong>Ideias de utiliza&ccedil;&atilde;o:<\/strong><\/span><\/span><\/div>\n<ul>\n<li><span style=\"font-size:14px\"><span style=\"color:#000000\">Decora&ccedil;&atilde;o tradicional de Bolo-Rei.<\/span><\/span><\/li>\n<li><span style=\"font-size:14px\"><span style=\"color:#000000\">Pastelaria artesanal.<\/span><\/span><\/li>\n<li><span style=\"font-size:14px\"><span style=\"color:#000000\">Pastelaria tradicional.<\/span><\/span><\/li>\n<li><span style=\"font-size:14px\"><span style=\"color:#000000\">Combina&ccedil;&otilde;es tricolor (vermelho, verde, laranja).<\/span><\/span><\/li>\n<\/ul>\n","protected":false},"excerpt":{"rendered":"<p>As tiras de ab\u00f3bora verde cristalizada s\u00e3o um dos elementos decorativos mais tradicionais da pastelaria. O seu brilho e textura firme acrescentam volume e um acabamento artesanal \u00e0s prepara\u00e7\u00f5es.<\/p>\n","protected":false},"featured_media":386244,"comment_status":"open","ping_status":"closed","template":"","meta":{"_acf_changed":false},"pwb-brand":[],"product_brand":[],"product_cat":[2890,1839,1832,1829,1844,1833,1849,1866],"product_tag":[],"class_list":{"0":"post-387554","1":"product","2":"type-product","3":"status-publish","4":"has-post-thumbnail","6":"product_cat-fruta-confitada","7":"product_cat-decoracion-comestible","8":"product_cat-diestas-especiales","9":"product_cat-ingredientes","10":"product_cat-ingredientes-reposteria","11":"product_cat-dieta-sin-gluten","12":"product_cat-fiestas","13":"product_cat-navidad","15":"first","16":"instock","17":"taxable","18":"shipping-taxable","19":"purchasable","20":"product-type-simple"},"acf":[],"df_price":58.75,"df_sale_price":"","df_regular_price":58.75,"df_image_link":"https:\/\/glotomania.com\/wp-content\/uploads\/2026\/03\/img_28483_d7f277d7546341393cbc7a5f830086af_1.jpg","brands":[],"_links":{"self":[{"href":"https:\/\/glotomania.com\/pt-pt\/wp-json\/wp\/v2\/product\/387554","targetHints":{"allow":["GET"]}}],"collection":[{"href":"https:\/\/glotomania.com\/pt-pt\/wp-json\/wp\/v2\/product"}],"about":[{"href":"https:\/\/glotomania.com\/pt-pt\/wp-json\/wp\/v2\/types\/product"}],"replies":[{"embeddable":true,"href":"https:\/\/glotomania.com\/pt-pt\/wp-json\/wp\/v2\/comments?post=387554"}],"wp:featuredmedia":[{"embeddable":true,"href":"https:\/\/glotomania.com\/pt-pt\/wp-json\/wp\/v2\/media\/386244"}],"wp:attachment":[{"href":"https:\/\/glotomania.com\/pt-pt\/wp-json\/wp\/v2\/media?parent=387554"}],"wp:term":[{"taxonomy":"pwb-brand","embeddable":true,"href":"https:\/\/glotomania.com\/pt-pt\/wp-json\/wp\/v2\/pwb-brand?post=387554"},{"taxonomy":"product_brand","embeddable":true,"href":"https:\/\/glotomania.com\/pt-pt\/wp-json\/wp\/v2\/product_brand?post=387554"},{"taxonomy":"product_cat","embeddable":true,"href":"https:\/\/glotomania.com\/pt-pt\/wp-json\/wp\/v2\/product_cat?post=387554"},{"taxonomy":"product_tag","embeddable":true,"href":"https:\/\/glotomania.com\/pt-pt\/wp-json\/wp\/v2\/product_tag?post=387554"}],"curies":[{"name":"wp","href":"https:\/\/api.w.org\/{rel}","templated":true}]}}