{"id":387555,"date":"2026-03-05T10:09:36","date_gmt":"2026-03-05T10:09:36","guid":{"rendered":"https:\/\/glotomania.com\/p\/naranja-confitada-en-discos-4-kg-2\/"},"modified":"2026-03-10T12:35:34","modified_gmt":"2026-03-10T12:35:34","slug":"naranja-confitada-en-discos-4-kg-2","status":"publish","type":"product","link":"https:\/\/glotomania.com\/pt-pt\/p\/naranja-confitada-en-discos-4-kg-2\/","title":{"rendered":"Laranja Cristalizada Em Rodelas 4 Kg"},"content":{"rendered":"<div>&nbsp;<\/div>\n<div><span style=\"font-size:14px\"><span style=\"color:#000000\">Laranja cristalizada elaborada por cozedura em xaropes at&eacute; total impregna&ccedil;&atilde;o. Textura firme e <strong>sabor doce c&iacute;trico<\/strong> caracter&iacute;stico.<\/span><\/span><br \/>\n&nbsp;<\/div>\n<div><span style=\"font-size:14px\"><span style=\"color:#000000\"><strong>Sugest&otilde;es de utiliza&ccedil;&atilde;o:<\/strong><\/span><\/span><\/div>\n<ul>\n<li><span style=\"font-size:14px\"><span style=\"color:#000000\">Bolo Rei artesanal.<\/span><\/span><\/li>\n<li><span style=\"font-size:14px\"><span style=\"color:#000000\">P&atilde;o doce e massas fermentadas.<\/span><\/span><\/li>\n<li><span style=\"font-size:14px\"><span style=\"color:#000000\">Plum cakes e bolos especiados.<\/span><\/span><\/li>\n<li><span style=\"font-size:14px\"><span style=\"color:#000000\">Pastelaria gourmet com contraste doce-c&iacute;trico.<\/span><\/span><\/li>\n<li><span style=\"font-size:14px\"><span style=\"color:#000000\">Decora&ccedil;&atilde;o de bolos cl&aacute;ssicos.<\/span><\/span><\/li>\n<\/ul>\n","protected":false},"excerpt":{"rendered":"<p>A laranja cristalizada combina dul\u00e7or e notas c\u00edtricas numa rodela firme e arom\u00e1tica que valoriza qualquer prepara\u00e7\u00e3o. A sua presen\u00e7a na superf\u00edcie proporciona um acabamento profissional e tradicional.<\/p>\n","protected":false},"featured_media":386273,"comment_status":"open","ping_status":"closed","template":"","meta":{"_acf_changed":false},"pwb-brand":[],"product_brand":[],"product_cat":[2890,1839,1832,1829,1844,1833,1849,1866],"product_tag":[],"class_list":{"0":"post-387555","1":"product","2":"type-product","3":"status-publish","4":"has-post-thumbnail","6":"product_cat-fruta-confitada","7":"product_cat-decoracion-comestible","8":"product_cat-diestas-especiales","9":"product_cat-ingredientes","10":"product_cat-ingredientes-reposteria","11":"product_cat-dieta-sin-gluten","12":"product_cat-fiestas","13":"product_cat-navidad","15":"first","16":"instock","17":"taxable","18":"shipping-taxable","19":"purchasable","20":"product-type-simple"},"acf":[],"df_price":69.95,"df_sale_price":"","df_regular_price":69.95,"df_image_link":"https:\/\/glotomania.com\/wp-content\/uploads\/2026\/03\/img_28479_da6f8ec23f8134029290a12e7bf610d3_1.jpg","brands":[],"_links":{"self":[{"href":"https:\/\/glotomania.com\/pt-pt\/wp-json\/wp\/v2\/product\/387555","targetHints":{"allow":["GET"]}}],"collection":[{"href":"https:\/\/glotomania.com\/pt-pt\/wp-json\/wp\/v2\/product"}],"about":[{"href":"https:\/\/glotomania.com\/pt-pt\/wp-json\/wp\/v2\/types\/product"}],"replies":[{"embeddable":true,"href":"https:\/\/glotomania.com\/pt-pt\/wp-json\/wp\/v2\/comments?post=387555"}],"wp:featuredmedia":[{"embeddable":true,"href":"https:\/\/glotomania.com\/pt-pt\/wp-json\/wp\/v2\/media\/386273"}],"wp:attachment":[{"href":"https:\/\/glotomania.com\/pt-pt\/wp-json\/wp\/v2\/media?parent=387555"}],"wp:term":[{"taxonomy":"pwb-brand","embeddable":true,"href":"https:\/\/glotomania.com\/pt-pt\/wp-json\/wp\/v2\/pwb-brand?post=387555"},{"taxonomy":"product_brand","embeddable":true,"href":"https:\/\/glotomania.com\/pt-pt\/wp-json\/wp\/v2\/product_brand?post=387555"},{"taxonomy":"product_cat","embeddable":true,"href":"https:\/\/glotomania.com\/pt-pt\/wp-json\/wp\/v2\/product_cat?post=387555"},{"taxonomy":"product_tag","embeddable":true,"href":"https:\/\/glotomania.com\/pt-pt\/wp-json\/wp\/v2\/product_tag?post=387555"}],"curies":[{"name":"wp","href":"https:\/\/api.w.org\/{rel}","templated":true}]}}