{"id":387556,"date":"2026-03-05T10:09:40","date_gmt":"2026-03-05T10:09:40","guid":{"rendered":"https:\/\/glotomania.com\/p\/cereza-roja-confitada-en-mitades-4-kg-2\/"},"modified":"2026-03-10T12:35:36","modified_gmt":"2026-03-10T12:35:36","slug":"cereza-roja-confitada-en-mitades-4-kg-2","status":"publish","type":"product","link":"https:\/\/glotomania.com\/pt-pt\/p\/cereza-roja-confitada-en-mitades-4-kg-2\/","title":{"rendered":"Cereja Vermelha Cristalizada Em Metades 4 Kg"},"content":{"rendered":"<div>&nbsp;<\/div>\n<div><span style=\"font-size:14px\"><span style=\"color:#000000\">Cerejas vermelhas cristalizadas em metades, escorridas, elaboradas atrav&eacute;s de cozedura em xaropes de concentra&ccedil;&atilde;o crescente at&eacute; total impregna&ccedil;&atilde;o. Apresenta uma <strong>cor vermelha intensa, textura firme e brilho atraente<\/strong>, ideal para decora&ccedil;&atilde;o tradicional.\u200b<\/span><\/span><br \/>\n&nbsp;<\/div>\n<div><span style=\"font-size:14px\"><span style=\"color:#000000\">O seu dul&ccedil;or equilibrado e estabilidade em superf&iacute;cie tornam-na perfeita tanto para decora&ccedil;&atilde;o cl&aacute;ssica como para cria&ccedil;&otilde;es modernas com contraste visual.<\/span><\/span><br \/>\n&nbsp;<\/div>\n<div><span style=\"font-size:14px\"><span style=\"color:#000000\"><strong>Sugest&otilde;es de utiliza&ccedil;&atilde;o:<\/strong><\/span><\/span><\/div>\n<ul>\n<li><span style=\"font-size:14px\"><span style=\"color:#000000\">Decora&ccedil;&atilde;o tradicional de Bolo Rei.<\/span><\/span><\/li>\n<li><span style=\"font-size:14px\"><span style=\"color:#000000\">Bolos festivos e pastelaria sazonal.<\/span><\/span><\/li>\n<li><span style=\"font-size:14px\"><span style=\"color:#000000\">Cakes e p&atilde;o de l&oacute; premium.<\/span><\/span><\/li>\n<li><span style=\"font-size:14px\"><span style=\"color:#000000\">Geladaria artesanal.<\/span><\/span><\/li>\n<li><span style=\"font-size:14px\"><span style=\"color:#000000\">Sobremesas vintage e cria&ccedil;&otilde;es gourmet.<\/span><\/span><\/li>\n<\/ul>\n","protected":false},"excerpt":{"rendered":"<p>Cor vermelha intensa, brilho atrativo e textura firme. A cereja vermelha cristalizada \u00e9 um elemento essencial da pastelaria festiva e uma das decora\u00e7\u00f5es mais tradicionais do Bolo Rei.<\/p>\n","protected":false},"featured_media":386246,"comment_status":"open","ping_status":"closed","template":"","meta":{"_acf_changed":false},"pwb-brand":[],"product_brand":[],"product_cat":[1839,1832,2890,1829,1844,1833,1849,1866],"product_tag":[],"class_list":{"0":"post-387556","1":"product","2":"type-product","3":"status-publish","4":"has-post-thumbnail","6":"product_cat-decoracion-comestible","7":"product_cat-diestas-especiales","8":"product_cat-fruta-confitada","9":"product_cat-ingredientes","10":"product_cat-ingredientes-reposteria","11":"product_cat-dieta-sin-gluten","12":"product_cat-fiestas","13":"product_cat-navidad","15":"first","16":"instock","17":"taxable","18":"shipping-taxable","19":"purchasable","20":"product-type-simple"},"acf":[],"df_price":74.5,"df_sale_price":"","df_regular_price":74.5,"df_image_link":"https:\/\/glotomania.com\/wp-content\/uploads\/2026\/03\/img_28475_94f847520577eaf9f7046ce250db75b1_1.jpg","brands":[],"_links":{"self":[{"href":"https:\/\/glotomania.com\/pt-pt\/wp-json\/wp\/v2\/product\/387556","targetHints":{"allow":["GET"]}}],"collection":[{"href":"https:\/\/glotomania.com\/pt-pt\/wp-json\/wp\/v2\/product"}],"about":[{"href":"https:\/\/glotomania.com\/pt-pt\/wp-json\/wp\/v2\/types\/product"}],"replies":[{"embeddable":true,"href":"https:\/\/glotomania.com\/pt-pt\/wp-json\/wp\/v2\/comments?post=387556"}],"wp:featuredmedia":[{"embeddable":true,"href":"https:\/\/glotomania.com\/pt-pt\/wp-json\/wp\/v2\/media\/386246"}],"wp:attachment":[{"href":"https:\/\/glotomania.com\/pt-pt\/wp-json\/wp\/v2\/media?parent=387556"}],"wp:term":[{"taxonomy":"pwb-brand","embeddable":true,"href":"https:\/\/glotomania.com\/pt-pt\/wp-json\/wp\/v2\/pwb-brand?post=387556"},{"taxonomy":"product_brand","embeddable":true,"href":"https:\/\/glotomania.com\/pt-pt\/wp-json\/wp\/v2\/product_brand?post=387556"},{"taxonomy":"product_cat","embeddable":true,"href":"https:\/\/glotomania.com\/pt-pt\/wp-json\/wp\/v2\/product_cat?post=387556"},{"taxonomy":"product_tag","embeddable":true,"href":"https:\/\/glotomania.com\/pt-pt\/wp-json\/wp\/v2\/product_tag?post=387556"}],"curies":[{"name":"wp","href":"https:\/\/api.w.org\/{rel}","templated":true}]}}