{"id":387557,"date":"2026-03-05T10:09:46","date_gmt":"2026-03-05T10:09:46","guid":{"rendered":"https:\/\/glotomania.com\/p\/cereza-verde-confitada-en-mitades-4-kg-2\/"},"modified":"2026-03-10T12:35:38","modified_gmt":"2026-03-10T12:35:38","slug":"cereza-verde-confitada-en-mitades-4-kg-2","status":"publish","type":"product","link":"https:\/\/glotomania.com\/pt-pt\/p\/cereza-verde-confitada-en-mitades-4-kg-2\/","title":{"rendered":"Cereja Verde Cristalizada Em Metades 4 Kg"},"content":{"rendered":"<div>&nbsp;<\/div>\n<div><span style=\"font-size:14px\"><span style=\"color:#000000\">Cerejas verdes cristalizadas em metades, <strong>escorridas, firmes e doces<\/strong>. Ideais para Bolo Rei e pastelaria festiva. Perfeitas para profissionais que procuram equil&iacute;brio crom&aacute;tico e decora&ccedil;&atilde;o limpa.<\/span><\/span><br \/>\n&nbsp;<\/div>\n<div><span style=\"font-size:14px\"><span style=\"color:#000000\"><strong>Sugest&otilde;es de utiliza&ccedil;&atilde;o:<\/strong><\/span><\/span><\/div>\n<ul>\n<li><span style=\"font-size:14px\"><span style=\"color:#000000\">Combina&ccedil;&atilde;o vermelho\/verde em Bolo Rei.<\/span><\/span><\/li>\n<li><span style=\"font-size:14px\"><span style=\"color:#000000\">Decora&ccedil;&atilde;o de brioches e tort&eacute;is.<\/span><\/span><\/li>\n<li><span style=\"font-size:14px\"><span style=\"color:#000000\">Pastelaria natal&iacute;cia.<\/span><\/span><\/li>\n<li><span style=\"font-size:14px\"><span style=\"color:#000000\">Sobremesas de inspira&ccedil;&atilde;o retro.<\/span><\/span><\/li>\n<\/ul>\n","protected":false},"excerpt":{"rendered":"<p>A cereja verde cristalizada proporciona o contraste vibrante que define a est\u00e9tica cl\u00e1ssica do Bolo Rei e da pastelaria tradicional. A sua textura firme e acabamento brilhante mant\u00eam presen\u00e7a mesmo ap\u00f3s o forno.<\/p>\n","protected":false},"featured_media":386274,"comment_status":"open","ping_status":"closed","template":"","meta":{"_acf_changed":false},"pwb-brand":[],"product_brand":[],"product_cat":[2890,1839,1832,1829,1844,1833,1849,1866],"product_tag":[],"class_list":{"0":"post-387557","1":"product","2":"type-product","3":"status-publish","4":"has-post-thumbnail","6":"product_cat-fruta-confitada","7":"product_cat-decoracion-comestible","8":"product_cat-diestas-especiales","9":"product_cat-ingredientes","10":"product_cat-ingredientes-reposteria","11":"product_cat-dieta-sin-gluten","12":"product_cat-fiestas","13":"product_cat-navidad","15":"first","16":"instock","17":"taxable","18":"shipping-taxable","19":"purchasable","20":"product-type-simple"},"acf":[],"df_price":74.5,"df_sale_price":"","df_regular_price":74.5,"df_image_link":"https:\/\/glotomania.com\/wp-content\/uploads\/2026\/03\/img_28477_0be17600e46980ab61b1c217bb27eac6_1.jpg","brands":[],"_links":{"self":[{"href":"https:\/\/glotomania.com\/pt-pt\/wp-json\/wp\/v2\/product\/387557","targetHints":{"allow":["GET"]}}],"collection":[{"href":"https:\/\/glotomania.com\/pt-pt\/wp-json\/wp\/v2\/product"}],"about":[{"href":"https:\/\/glotomania.com\/pt-pt\/wp-json\/wp\/v2\/types\/product"}],"replies":[{"embeddable":true,"href":"https:\/\/glotomania.com\/pt-pt\/wp-json\/wp\/v2\/comments?post=387557"}],"wp:featuredmedia":[{"embeddable":true,"href":"https:\/\/glotomania.com\/pt-pt\/wp-json\/wp\/v2\/media\/386274"}],"wp:attachment":[{"href":"https:\/\/glotomania.com\/pt-pt\/wp-json\/wp\/v2\/media?parent=387557"}],"wp:term":[{"taxonomy":"pwb-brand","embeddable":true,"href":"https:\/\/glotomania.com\/pt-pt\/wp-json\/wp\/v2\/pwb-brand?post=387557"},{"taxonomy":"product_brand","embeddable":true,"href":"https:\/\/glotomania.com\/pt-pt\/wp-json\/wp\/v2\/product_brand?post=387557"},{"taxonomy":"product_cat","embeddable":true,"href":"https:\/\/glotomania.com\/pt-pt\/wp-json\/wp\/v2\/product_cat?post=387557"},{"taxonomy":"product_tag","embeddable":true,"href":"https:\/\/glotomania.com\/pt-pt\/wp-json\/wp\/v2\/product_tag?post=387557"}],"curies":[{"name":"wp","href":"https:\/\/api.w.org\/{rel}","templated":true}]}}