{"id":387559,"date":"2025-09-02T10:24:07","date_gmt":"2025-09-02T10:24:07","guid":{"rendered":"https:\/\/glotomania.com\/p\/colorante-en-gel-pastkolor-extra-rojo-50-g-2\/"},"modified":"2026-04-05T19:03:04","modified_gmt":"2026-04-05T19:03:04","slug":"colorante-en-gel-pastkolor-extra-rojo-50-g-2","status":"publish","type":"product","link":"https:\/\/glotomania.com\/pt-pt\/p\/colorante-en-gel-pastkolor-extra-rojo-50-g-2\/","title":{"rendered":"Corante Em Gel Pastkolor &#8211; Extra Vermelho 50 G"},"content":{"rendered":"<p>&nbsp;<\/p>\n<p><span style=\"font-size: 14px\"><span>Corante alimentar em gel ideal para utilizar em bolos, cupcakes, bolachas, pasta de goma, pasta de flores, fondant, cremes, coberturas, gelatinas,&#8230; e muito mais!&nbsp;&Eacute; feito para todos os tipos de usos, sendo ideal para<strong>&nbsp;tingir ou colorir&nbsp;<\/strong>qualquer massa.<\/span><\/span><\/p>\n<p><span style=\"font-size: 14px\"><span>Possui a consist&ecirc;ncia adequada que permite uma colora&ccedil;&atilde;o r&aacute;pida e f&aacute;cil,<strong>&nbsp;sem desestabilizar a prepara&ccedil;&atilde;o<\/strong>. Possui pigmentos de qualidade, com&nbsp;<u>uma das maiores concentra&ccedil;&otilde;es do mercado<\/u>, para que possamos obter<strong>&nbsp;cores intensas<\/strong>.<\/span><\/span><\/p>\n<p><span style=\"font-size: 14px\"><span>Com a aplica&ccedil;&atilde;o de pequenas quantidades, conseguimos colorir a prepara&ccedil;&atilde;o com o tom de cor desejado.<\/span><\/span><\/p>\n<p style=\"margin: 0px 0px 12px;font-size: 11px;line-height: normal\"><span style=\"font-size: 14px\"><span><strong>Dose m&aacute;xima recomendada:<\/strong>&nbsp;1,25 g \/ kg.<\/span><\/span><\/p>\n","protected":false},"excerpt":{"rendered":"<p>Ideal para tingir ou colorir qualquer massa. Permite-nos obter cores intensas gra\u00e7as \u00e0 sua alta concentra\u00e7\u00e3o.<\/p>\n","protected":false},"featured_media":152165,"comment_status":"open","ping_status":"closed","template":"","meta":{"_acf_changed":false,"_joinchat":[]},"pwb-brand":[],"product_brand":[],"product_cat":[2924,2953,2957,2957,2996,3001,3004,2907,2920],"product_tag":[],"class_list":{"0":"post-387559","1":"product","2":"type-product","3":"status-publish","4":"has-post-thumbnail","6":"product_cat-sao-valentim-2","7":"product_cat-corantes-e-pinturas","8":"product_cat-corantes-em-gel-2","10":"product_cat-produtos-vegetarianos","11":"product_cat-sem-e-171-2","12":"product_cat-sem-gluten-2","13":"product_cat-festas","14":"product_cat-natal-2","16":"first","17":"instock","18":"taxable","19":"shipping-taxable","20":"purchasable","21":"product-type-simple"},"acf":[],"df_price":5.75,"df_sale_price":"","df_regular_price":5.75,"df_image_link":"https:\/\/e622tfk5wxd.exactdn.com\/wp-content\/uploads\/2025\/09\/img_20331_1076bb6858347453ae36f12ded33eaac_1-300x300.png?strip=all","brands":[],"_links":{"self":[{"href":"https:\/\/glotomania.com\/pt-pt\/wp-json\/wp\/v2\/product\/387559","targetHints":{"allow":["GET"]}}],"collection":[{"href":"https:\/\/glotomania.com\/pt-pt\/wp-json\/wp\/v2\/product"}],"about":[{"href":"https:\/\/glotomania.com\/pt-pt\/wp-json\/wp\/v2\/types\/product"}],"replies":[{"embeddable":true,"href":"https:\/\/glotomania.com\/pt-pt\/wp-json\/wp\/v2\/comments?post=387559"}],"wp:featuredmedia":[{"embeddable":true,"href":"https:\/\/glotomania.com\/pt-pt\/wp-json\/wp\/v2\/media\/152165"}],"wp:attachment":[{"href":"https:\/\/glotomania.com\/pt-pt\/wp-json\/wp\/v2\/media?parent=387559"}],"wp:term":[{"taxonomy":"pwb-brand","embeddable":true,"href":"https:\/\/glotomania.com\/pt-pt\/wp-json\/wp\/v2\/pwb-brand?post=387559"},{"taxonomy":"product_brand","embeddable":true,"href":"https:\/\/glotomania.com\/pt-pt\/wp-json\/wp\/v2\/product_brand?post=387559"},{"taxonomy":"product_cat","embeddable":true,"href":"https:\/\/glotomania.com\/pt-pt\/wp-json\/wp\/v2\/product_cat?post=387559"},{"taxonomy":"product_tag","embeddable":true,"href":"https:\/\/glotomania.com\/pt-pt\/wp-json\/wp\/v2\/product_tag?post=387559"}],"curies":[{"name":"wp","href":"https:\/\/api.w.org\/{rel}","templated":true}]}}