{"id":387560,"date":"2025-09-02T10:24:09","date_gmt":"2025-09-02T10:24:09","guid":{"rendered":"https:\/\/glotomania.com\/p\/molde-policarbonato-para-chocolate-unicornio-3d-2\/"},"modified":"2026-05-05T00:18:35","modified_gmt":"2026-05-05T00:18:35","slug":"molde-policarbonato-para-chocolate-unicornio-3d-2","status":"publish","type":"product","link":"https:\/\/glotomania.com\/pt-pt\/p\/molde-policarbonato-para-chocolate-unicornio-3d-2\/","title":{"rendered":"Molde De Policarbonato Para Chocolate &#8211; Unic\u00d3rnio 3d"},"content":{"rendered":"<p>\n<span style=\"font-size:14px\">Molde para elaborar dois unic\u00f3rnios 3D de chocolate, perfeitamente detalhados obtendo um resultado original em 3D. Gra\u00e7as \u00e0 sua transpar\u00eancia, podemos saber a todo o momento onde e como o chocolate est\u00e1 no molde.\u00a0<\/span><\/p>\n<p><span style=\"font-size:14px\">Cada unic\u00f3rnio \u00e9 composto por 2 partes que se abrem ao meio para remover facilmente a figura.<\/span><\/p>\n<p><span style=\"font-size:14px\">Feito de policarbonato de excelente qualidade, conseguindo um acabamento brilhante e perfeito do chocolate. \u00c9 adequado para a alimenta\u00e7\u00e3o e refrigera\u00e7\u00e3o. S\u00e3o muito resistentes, dur\u00e1veis e f\u00e1ceis de limpar.\u00a0<\/span><\/p>\n<p><span style=\"font-size:14px\">Recomenda\u00e7\u00e3o: lavar o molde com \u00e1gua morna e sab\u00e3o, tanto antes como depois da sua primeira utiliza\u00e7\u00e3o.<\/span><\/p>\n<p><span style=\"font-size:14px\"><strong>Medidas<\/strong>: <u>Molde grande:<\/u> Altura 13,4 cm &#8211; Comprimento 12 cm &#8211; Largura 3 cm.<br \/>\n<u>Molde pequeno<\/u>: Altura 7 cm &#8211; Comprimento 7,2 cm &#8211; Largura 1,5 cm.<\/span><\/p>\n","protected":false},"excerpt":{"rendered":"<p>Molde forte e transparente, ideal para as figuras de chocolate 3D mais originais.<\/p>\n","protected":false},"featured_media":37300,"comment_status":"open","ping_status":"closed","template":"","meta":{"_acf_changed":false},"pwb-brand":[],"product_brand":[],"product_cat":[3214,1801,3223,1884,3087,1767],"product_tag":[],"class_list":{"0":"post-387560","1":"product","2":"type-product","3":"status-publish","4":"has-post-thumbnail","6":"product_cat-moldes-de-pastelaria","7":"product_cat-moldes","8":"product_cat-moldes-para-chocolate","9":"product_cat-moldes-chocolate","10":"product_cat-ordem-e-armazenamento","11":"product_cat-utensilios","13":"first","14":"instock","15":"taxable","16":"shipping-taxable","17":"purchasable","18":"product-type-simple"},"acf":[],"df_price":15.67,"df_sale_price":6.27,"df_regular_price":15.67,"df_image_link":"https:\/\/glotomania.com\/wp-content\/uploads\/2022\/09\/img_19935_cc7ef619ae0f4a10d32ce0528c47b7cd_1-300x300.png","brands":[],"_links":{"self":[{"href":"https:\/\/glotomania.com\/pt-pt\/wp-json\/wp\/v2\/product\/387560","targetHints":{"allow":["GET"]}}],"collection":[{"href":"https:\/\/glotomania.com\/pt-pt\/wp-json\/wp\/v2\/product"}],"about":[{"href":"https:\/\/glotomania.com\/pt-pt\/wp-json\/wp\/v2\/types\/product"}],"replies":[{"embeddable":true,"href":"https:\/\/glotomania.com\/pt-pt\/wp-json\/wp\/v2\/comments?post=387560"}],"wp:featuredmedia":[{"embeddable":true,"href":"https:\/\/glotomania.com\/pt-pt\/wp-json\/wp\/v2\/media\/37300"}],"wp:attachment":[{"href":"https:\/\/glotomania.com\/pt-pt\/wp-json\/wp\/v2\/media?parent=387560"}],"wp:term":[{"taxonomy":"pwb-brand","embeddable":true,"href":"https:\/\/glotomania.com\/pt-pt\/wp-json\/wp\/v2\/pwb-brand?post=387560"},{"taxonomy":"product_brand","embeddable":true,"href":"https:\/\/glotomania.com\/pt-pt\/wp-json\/wp\/v2\/product_brand?post=387560"},{"taxonomy":"product_cat","embeddable":true,"href":"https:\/\/glotomania.com\/pt-pt\/wp-json\/wp\/v2\/product_cat?post=387560"},{"taxonomy":"product_tag","embeddable":true,"href":"https:\/\/glotomania.com\/pt-pt\/wp-json\/wp\/v2\/product_tag?post=387560"}],"curies":[{"name":"wp","href":"https:\/\/api.w.org\/{rel}","templated":true}]}}