{"id":387563,"date":"2025-09-18T15:51:54","date_gmt":"2025-09-18T15:51:54","guid":{"rendered":"https:\/\/glotomania.com\/p\/sierra-niveladora-para-tartas-2\/"},"modified":"2026-03-10T12:35:58","modified_gmt":"2026-03-10T12:35:58","slug":"sierra-niveladora-para-tartas-2","status":"publish","type":"product","link":"https:\/\/glotomania.com\/pt-pt\/p\/sierra-niveladora-para-tartas-2\/","title":{"rendered":"Serra Niveladora Para Bolos"},"content":{"rendered":"<p>\n<span style=\"font-size:14px\">Serra de nivelamento profissional com <strong>3 fios<\/strong> ondulados que cortam de forma limpa e suave, para um nivelamento perfeito. F&aacute;cil de usar, com altura de <strong>corte ajust&aacute;vel<\/strong> para escolher a espessura das camadas, e <strong>pegas<\/strong>.<\/span><\/p>\n<p><span style=\"font-size:14px\">Tem um <strong>guia de medi&ccedil;&atilde;o<\/strong> em cada lado.<\/span><\/p>\n<p><span style=\"font-size:14px\">Fabricado em a&ccedil;o inoxid&aacute;vel e liga de alum&iacute;nio de alta qualidade, adequado para uso alimentar. F&aacute;cil de limpar.<\/span><\/p>\n<p><span style=\"font-size:14px\"><strong>Medidas aproximadas:<\/strong> Comprimento 53 cm &#8211; Altura 23 cm &#8211; Largura 3 cm.<\/span><\/p>\n<p><span style=\"font-size:14px\"><strong>Aten&ccedil;&atilde;o: <\/strong>ajustar a dist&acirc;ncia da l&acirc;mina, sem deixar o parafuso de asa demasiado solto, evitando assim a perda da l&acirc;mina fixa.<\/span><\/p>\n","protected":false},"excerpt":{"rendered":"<p>Nivelador profissional com l\u00e2minas de serra ajust\u00e1veis, perfeito para dividir os nossos bolos em n\u00edveis perfeitos.<\/p>\n","protected":false},"featured_media":365147,"comment_status":"open","ping_status":"closed","template":"","meta":{"_acf_changed":false},"pwb-brand":[],"product_brand":[],"product_cat":[1820,1823,1767],"product_tag":[],"class_list":{"0":"post-387563","1":"product","2":"type-product","3":"status-publish","4":"has-post-thumbnail","6":"product_cat-basicos","7":"product_cat-herramientas-corte-y-modelado","8":"product_cat-utensilios","10":"first","11":"outofstock","12":"taxable","13":"shipping-taxable","14":"purchasable","15":"product-type-simple"},"acf":[],"df_price":25,"df_sale_price":"","df_regular_price":25,"df_image_link":"https:\/\/glotomania.com\/wp-content\/uploads\/2025\/12\/img_12293_cbb7c3dea916a831c666a6408b0a81bc_1.png","brands":[],"_links":{"self":[{"href":"https:\/\/glotomania.com\/pt-pt\/wp-json\/wp\/v2\/product\/387563","targetHints":{"allow":["GET"]}}],"collection":[{"href":"https:\/\/glotomania.com\/pt-pt\/wp-json\/wp\/v2\/product"}],"about":[{"href":"https:\/\/glotomania.com\/pt-pt\/wp-json\/wp\/v2\/types\/product"}],"replies":[{"embeddable":true,"href":"https:\/\/glotomania.com\/pt-pt\/wp-json\/wp\/v2\/comments?post=387563"}],"wp:featuredmedia":[{"embeddable":true,"href":"https:\/\/glotomania.com\/pt-pt\/wp-json\/wp\/v2\/media\/365147"}],"wp:attachment":[{"href":"https:\/\/glotomania.com\/pt-pt\/wp-json\/wp\/v2\/media?parent=387563"}],"wp:term":[{"taxonomy":"pwb-brand","embeddable":true,"href":"https:\/\/glotomania.com\/pt-pt\/wp-json\/wp\/v2\/pwb-brand?post=387563"},{"taxonomy":"product_brand","embeddable":true,"href":"https:\/\/glotomania.com\/pt-pt\/wp-json\/wp\/v2\/product_brand?post=387563"},{"taxonomy":"product_cat","embeddable":true,"href":"https:\/\/glotomania.com\/pt-pt\/wp-json\/wp\/v2\/product_cat?post=387563"},{"taxonomy":"product_tag","embeddable":true,"href":"https:\/\/glotomania.com\/pt-pt\/wp-json\/wp\/v2\/product_tag?post=387563"}],"curies":[{"name":"wp","href":"https:\/\/api.w.org\/{rel}","templated":true}]}}