{"id":387565,"date":"2025-09-02T10:24:11","date_gmt":"2025-09-02T10:24:11","guid":{"rendered":"https:\/\/glotomania.com\/p\/molde-policarbonato-para-chocolate-esfera-3d-2\/"},"modified":"2026-04-26T00:18:14","modified_gmt":"2026-04-26T00:18:14","slug":"molde-policarbonato-para-chocolate-esfera-3d-2","status":"publish","type":"product","link":"https:\/\/glotomania.com\/pt-pt\/p\/molde-policarbonato-para-chocolate-esfera-3d-2\/","title":{"rendered":"Molde De Policarbonato Para Chocolate &#8211; Esfera 3d"},"content":{"rendered":"<p>\u00a0<\/p>\n<p><span style=\"font-size:14px\">Molde para fazer uma esfera em chocolate, perfeitamente detalhado obtendo um resultado original em 3D. Gra\u00e7as \u00e0 sua transpar\u00eancia, podemos saber a todo o momento onde e como o chocolate est\u00e1 no molde.\u00a0<\/span><\/p>\n<p><span style=\"font-size:14px\">\u00c9 composto por 2 partes que se unem gra\u00e7as a dois clipes. Abre-se ao meio para remover facilmente a figura.<\/span><\/p>\n<p><span style=\"font-size:14px\">Feito de policarbonato de excelente qualidade, conseguindo um acabamento brilhante perfeito para o chocolate. \u00c9 adequado para a alimenta\u00e7\u00e3o e refrigera\u00e7\u00e3o. S\u00e3o muito resistentes, dur\u00e1veis e f\u00e1ceis de limpar.\u00a0<\/span><\/p>\n<p><span style=\"font-size:14px\">Recomenda\u00e7\u00e3o: lavar o molde com \u00e1gua morna e sab\u00e3o, tanto antes como depois da sua primeira utiliza\u00e7\u00e3o.<\/span><\/p>\n<p><span style=\"font-size:14px\">Tem uma cavidade para 1 esfera de 18 cm \u00d8.<\/span><\/p>\n<p><span style=\"font-size:14px\"><strong>Medidas do molde:<\/strong> 19,5 cm de comprimento &#8211; 14 cm de altura.<\/span><\/p>\n","protected":false},"excerpt":{"rendered":"<p>Molde forte e transparente, ideal para as figuras de chocolate 3D mais originais.<\/p>\n","protected":false},"featured_media":152172,"comment_status":"open","ping_status":"closed","template":"","meta":{"_acf_changed":false},"pwb-brand":[],"product_brand":[],"product_cat":[3214,3087,1801,1869,1767],"product_tag":[],"class_list":{"0":"post-387565","1":"product","2":"type-product","3":"status-publish","4":"has-post-thumbnail","6":"product_cat-moldes-de-pastelaria","7":"product_cat-ordem-e-armazenamento","8":"product_cat-moldes","9":"product_cat-ultimas-unidades","10":"product_cat-utensilios","12":"first","13":"instock","14":"taxable","15":"shipping-taxable","16":"purchasable","17":"product-type-simple"},"acf":[],"df_price":4.78,"df_sale_price":4.78,"df_regular_price":11.95,"df_image_link":"https:\/\/glotomania.com\/wp-content\/uploads\/2025\/09\/img_19965_e9573ebcbab09be76a009150ea47b89e_1-300x300.png","brands":[],"_links":{"self":[{"href":"https:\/\/glotomania.com\/pt-pt\/wp-json\/wp\/v2\/product\/387565","targetHints":{"allow":["GET"]}}],"collection":[{"href":"https:\/\/glotomania.com\/pt-pt\/wp-json\/wp\/v2\/product"}],"about":[{"href":"https:\/\/glotomania.com\/pt-pt\/wp-json\/wp\/v2\/types\/product"}],"replies":[{"embeddable":true,"href":"https:\/\/glotomania.com\/pt-pt\/wp-json\/wp\/v2\/comments?post=387565"}],"wp:featuredmedia":[{"embeddable":true,"href":"https:\/\/glotomania.com\/pt-pt\/wp-json\/wp\/v2\/media\/152172"}],"wp:attachment":[{"href":"https:\/\/glotomania.com\/pt-pt\/wp-json\/wp\/v2\/media?parent=387565"}],"wp:term":[{"taxonomy":"pwb-brand","embeddable":true,"href":"https:\/\/glotomania.com\/pt-pt\/wp-json\/wp\/v2\/pwb-brand?post=387565"},{"taxonomy":"product_brand","embeddable":true,"href":"https:\/\/glotomania.com\/pt-pt\/wp-json\/wp\/v2\/product_brand?post=387565"},{"taxonomy":"product_cat","embeddable":true,"href":"https:\/\/glotomania.com\/pt-pt\/wp-json\/wp\/v2\/product_cat?post=387565"},{"taxonomy":"product_tag","embeddable":true,"href":"https:\/\/glotomania.com\/pt-pt\/wp-json\/wp\/v2\/product_tag?post=387565"}],"curies":[{"name":"wp","href":"https:\/\/api.w.org\/{rel}","templated":true}]}}