{"id":387567,"date":"2025-09-02T10:24:12","date_gmt":"2025-09-02T10:24:12","guid":{"rendered":"https:\/\/glotomania.com\/p\/marcador-de-tartas-con-regla-medidora-2\/"},"modified":"2026-05-05T00:18:41","modified_gmt":"2026-05-05T00:18:41","slug":"marcador-de-tartas-con-regla-medidora-2","status":"publish","type":"product","link":"https:\/\/glotomania.com\/pt-pt\/p\/marcador-de-tartas-con-regla-medidora-2\/","title":{"rendered":"Marcador De Bolo Com R\u00c9gua De Medida"},"content":{"rendered":"<p>\n<span style=\"font-size:14px\">Ferramenta com guia ajust&aacute;vel e 3 marcadores, para que possamos marcar facilmente as sec&ccedil;&otilde;es do bolo com precis&atilde;o.&nbsp;<\/span><\/p>\n<p><span style=\"font-size:14px\">Fabricado em pl&aacute;stico de alta qualidade, adequado para uso alimentar. F&aacute;cil de limpar.<\/span><\/p>\n<p><span style=\"font-size:14px\"><strong>Medidas:<\/strong> Altura 16,5 cm &#8211; Largura 2,5 cm &#8211; Comprimento 6,5 cm \/ Base: 9,5 x 5,5 cm<\/span><\/p>\n<p><span style=\"font-size:14px\"><strong>M&eacute;todo de utiliza&ccedil;&atilde;o: <\/strong>colocar o marcador sobre uma superf&iacute;cie plana junto ao bolo, e ajustar os marcadores &agrave; altura desejada.<\/span><\/p>\n","protected":false},"excerpt":{"rendered":"<p>Marcador de bolos com r\u00e9gua, ideal para indicar a localiza\u00e7\u00e3o perfeita das sec\u00e7\u00f5es dos nossos bolos.<\/p>\n","protected":false},"featured_media":152174,"comment_status":"open","ping_status":"closed","template":"","meta":{"_acf_changed":false},"pwb-brand":[],"product_brand":[],"product_cat":[3087,1824,3229,1767],"product_tag":[],"class_list":{"0":"post-387567","1":"product","2":"type-product","3":"status-publish","4":"has-post-thumbnail","6":"product_cat-ordem-e-armazenamento","7":"product_cat-medida","8":"product_cat-utensilios-de-medida","9":"product_cat-utensilios","11":"first","12":"instock","13":"taxable","14":"shipping-taxable","15":"purchasable","16":"product-type-simple"},"acf":[],"df_price":8.75,"df_sale_price":3.5,"df_regular_price":8.75,"df_image_link":"https:\/\/glotomania.com\/wp-content\/uploads\/2025\/09\/img_12302_a6b2834ab33b67397ba4529bf81d9449_1-300x300.png","brands":[],"_links":{"self":[{"href":"https:\/\/glotomania.com\/pt-pt\/wp-json\/wp\/v2\/product\/387567","targetHints":{"allow":["GET"]}}],"collection":[{"href":"https:\/\/glotomania.com\/pt-pt\/wp-json\/wp\/v2\/product"}],"about":[{"href":"https:\/\/glotomania.com\/pt-pt\/wp-json\/wp\/v2\/types\/product"}],"replies":[{"embeddable":true,"href":"https:\/\/glotomania.com\/pt-pt\/wp-json\/wp\/v2\/comments?post=387567"}],"wp:featuredmedia":[{"embeddable":true,"href":"https:\/\/glotomania.com\/pt-pt\/wp-json\/wp\/v2\/media\/152174"}],"wp:attachment":[{"href":"https:\/\/glotomania.com\/pt-pt\/wp-json\/wp\/v2\/media?parent=387567"}],"wp:term":[{"taxonomy":"pwb-brand","embeddable":true,"href":"https:\/\/glotomania.com\/pt-pt\/wp-json\/wp\/v2\/pwb-brand?post=387567"},{"taxonomy":"product_brand","embeddable":true,"href":"https:\/\/glotomania.com\/pt-pt\/wp-json\/wp\/v2\/product_brand?post=387567"},{"taxonomy":"product_cat","embeddable":true,"href":"https:\/\/glotomania.com\/pt-pt\/wp-json\/wp\/v2\/product_cat?post=387567"},{"taxonomy":"product_tag","embeddable":true,"href":"https:\/\/glotomania.com\/pt-pt\/wp-json\/wp\/v2\/product_tag?post=387567"}],"curies":[{"name":"wp","href":"https:\/\/api.w.org\/{rel}","templated":true}]}}