{"id":387572,"date":"2025-09-02T10:24:13","date_gmt":"2025-09-02T10:24:13","guid":{"rendered":"https:\/\/glotomania.com\/p\/molde-texturizador-de-silicona-hojas-de-hortensia-2\/"},"modified":"2026-03-10T12:36:14","modified_gmt":"2026-03-10T12:36:14","slug":"molde-texturizador-de-silicona-hojas-de-hortensia-2","status":"publish","type":"product","link":"https:\/\/glotomania.com\/pt-pt\/p\/molde-texturizador-de-silicona-hojas-de-hortensia-2\/","title":{"rendered":"Molde Texturizador De Silicone &#8211; Folhas De Hort\u00cansias"},"content":{"rendered":"<p>\n<span style=\"font-size:14px\">Moldes de silicone que captam a forma original da folha da hort\u00eansia, a estrutura das veias e a impress\u00e3o bot\u00e2nica \u00fanica, dando-lhe as \u00faltimas ferramentas para reproduzir resultados surpreendentes.<\/span><\/p>\n<p><span style=\"font-size:14px\">Pode ser usado para fazer decora\u00e7\u00f5es de pasta de a\u00e7\u00facar, chocolate, isomalte, gelatina para modelar,&#8230; Mesmo com argila para modelar, porcelana fria.\u00a0<\/span><\/p>\n<p><span style=\"font-size:14px\">Fabricado em silicone de alta qualidade, adequado para uso alimentar.\u00a0<\/span><\/p>\n<p><span style=\"font-size:14px\">Suporta temperaturas de <strong>-50 a +240 \u00baC<\/strong> de forma intermitente. Se exposto a temperaturas extremas durante longos per\u00edodos de tempo, o silicone pode tornar-se fr\u00e1gil.<\/span><\/p>\n<p><span style=\"font-size:14px\"><strong>Tamanho aproximado:<\/strong> 6,6 x 3,6 cm.<\/span><\/p>\n","protected":false},"excerpt":{"rendered":"<p>Inclui 2 moldes texturizantes de silicone para as nossas decora\u00e7\u00f5es florais.<\/p>\n","protected":false},"featured_media":152179,"comment_status":"open","ping_status":"closed","template":"","meta":{"_acf_changed":false},"pwb-brand":[],"product_brand":[],"product_cat":[1801,1810,1813,1767],"product_tag":[],"class_list":{"0":"post-387572","1":"product","2":"type-product","3":"status-publish","4":"has-post-thumbnail","6":"product_cat-moldes","7":"product_cat-moldes-silicona","8":"product_cat-utensilios-flores","9":"product_cat-utensilios","11":"first","12":"instock","13":"taxable","14":"shipping-taxable","15":"purchasable","16":"product-type-simple"},"acf":[],"df_price":5.95,"df_sale_price":"","df_regular_price":5.95,"df_image_link":"https:\/\/glotomania.com\/wp-content\/uploads\/2025\/09\/img_19975_7255548c2d214982428a2848a44806f9_1-300x300.png","brands":[],"_links":{"self":[{"href":"https:\/\/glotomania.com\/pt-pt\/wp-json\/wp\/v2\/product\/387572","targetHints":{"allow":["GET"]}}],"collection":[{"href":"https:\/\/glotomania.com\/pt-pt\/wp-json\/wp\/v2\/product"}],"about":[{"href":"https:\/\/glotomania.com\/pt-pt\/wp-json\/wp\/v2\/types\/product"}],"replies":[{"embeddable":true,"href":"https:\/\/glotomania.com\/pt-pt\/wp-json\/wp\/v2\/comments?post=387572"}],"wp:featuredmedia":[{"embeddable":true,"href":"https:\/\/glotomania.com\/pt-pt\/wp-json\/wp\/v2\/media\/152179"}],"wp:attachment":[{"href":"https:\/\/glotomania.com\/pt-pt\/wp-json\/wp\/v2\/media?parent=387572"}],"wp:term":[{"taxonomy":"pwb-brand","embeddable":true,"href":"https:\/\/glotomania.com\/pt-pt\/wp-json\/wp\/v2\/pwb-brand?post=387572"},{"taxonomy":"product_brand","embeddable":true,"href":"https:\/\/glotomania.com\/pt-pt\/wp-json\/wp\/v2\/product_brand?post=387572"},{"taxonomy":"product_cat","embeddable":true,"href":"https:\/\/glotomania.com\/pt-pt\/wp-json\/wp\/v2\/product_cat?post=387572"},{"taxonomy":"product_tag","embeddable":true,"href":"https:\/\/glotomania.com\/pt-pt\/wp-json\/wp\/v2\/product_tag?post=387572"}],"curies":[{"name":"wp","href":"https:\/\/api.w.org\/{rel}","templated":true}]}}