{"id":387587,"date":"2025-09-02T10:24:20","date_gmt":"2025-09-02T10:24:20","guid":{"rendered":"https:\/\/glotomania.com\/p\/tubos-para-flores-medianos-2\/"},"modified":"2026-03-10T12:36:44","modified_gmt":"2026-03-10T12:36:44","slug":"tubos-para-flores-medianos-2","status":"publish","type":"product","link":"https:\/\/glotomania.com\/pt-pt\/p\/tubos-para-flores-medianos-2\/","title":{"rendered":"Tubos Medios Para Flores"},"content":{"rendered":"<p>\n<span style=\"font-size: 14px\">Fabricado em pl&aacute;stico de alta qualidade e resistente, adequado para uso alimentar.<\/span><\/p>\n<p><span style=\"font-size: 14px\"><strong>Medidas<\/strong>: 50 x 8&nbsp;mm.<\/span><\/p>\n","protected":false},"excerpt":{"rendered":"<p>Inclui 12 tubos de pl\u00e1stico, ideais para fixar as nossas decora\u00e7\u00f5es de arame floral nos nossos bolos.<\/p>\n","protected":false},"featured_media":348796,"comment_status":"open","ping_status":"closed","template":"","meta":{"_acf_changed":false},"pwb-brand":[],"product_brand":[],"product_cat":[3087,3230,1813,1767],"product_tag":[],"class_list":{"0":"post-387587","1":"product","2":"type-product","3":"status-publish","4":"has-post-thumbnail","6":"product_cat-ordem-e-armazenamento","7":"product_cat-tubos-para-flores","8":"product_cat-utensilios-flores","9":"product_cat-utensilios","11":"first","12":"instock","13":"taxable","14":"shipping-taxable","15":"purchasable","16":"product-type-simple"},"acf":[],"df_price":3.45,"df_sale_price":"","df_regular_price":3.45,"df_image_link":"https:\/\/glotomania.com\/wp-content\/uploads\/2025\/11\/img_12334_cbdae89bcd8ad5ae5b71834072f1497f_1-15-300x300.jpg","brands":[],"_links":{"self":[{"href":"https:\/\/glotomania.com\/pt-pt\/wp-json\/wp\/v2\/product\/387587","targetHints":{"allow":["GET"]}}],"collection":[{"href":"https:\/\/glotomania.com\/pt-pt\/wp-json\/wp\/v2\/product"}],"about":[{"href":"https:\/\/glotomania.com\/pt-pt\/wp-json\/wp\/v2\/types\/product"}],"replies":[{"embeddable":true,"href":"https:\/\/glotomania.com\/pt-pt\/wp-json\/wp\/v2\/comments?post=387587"}],"wp:featuredmedia":[{"embeddable":true,"href":"https:\/\/glotomania.com\/pt-pt\/wp-json\/wp\/v2\/media\/348796"}],"wp:attachment":[{"href":"https:\/\/glotomania.com\/pt-pt\/wp-json\/wp\/v2\/media?parent=387587"}],"wp:term":[{"taxonomy":"pwb-brand","embeddable":true,"href":"https:\/\/glotomania.com\/pt-pt\/wp-json\/wp\/v2\/pwb-brand?post=387587"},{"taxonomy":"product_brand","embeddable":true,"href":"https:\/\/glotomania.com\/pt-pt\/wp-json\/wp\/v2\/product_brand?post=387587"},{"taxonomy":"product_cat","embeddable":true,"href":"https:\/\/glotomania.com\/pt-pt\/wp-json\/wp\/v2\/product_cat?post=387587"},{"taxonomy":"product_tag","embeddable":true,"href":"https:\/\/glotomania.com\/pt-pt\/wp-json\/wp\/v2\/product_tag?post=387587"}],"curies":[{"name":"wp","href":"https:\/\/api.w.org\/{rel}","templated":true}]}}