{"id":387589,"date":"2025-09-02T10:24:21","date_gmt":"2025-09-02T10:24:21","guid":{"rendered":"https:\/\/glotomania.com\/p\/tubos-para-flores-grandes-2\/"},"modified":"2026-04-28T00:12:45","modified_gmt":"2026-04-28T00:12:45","slug":"tubos-para-flores-grandes-2","status":"publish","type":"product","link":"https:\/\/glotomania.com\/pt-pt\/p\/tubos-para-flores-grandes-2\/","title":{"rendered":"Tubos Grandes Para Flores"},"content":{"rendered":"<p>\n<span style=\"font-size: 14px\">Fabricado em pl&aacute;stico de alta qualidade e resistente, adequado para uso alimentar.<\/span><\/p>\n<p><span style=\"font-size: 14px\"><strong>Medidas<\/strong>:&nbsp;<\/span><span style=\"font-size: 14px\">70 x 14&nbsp;mm.<\/span><\/p>\n","protected":false},"excerpt":{"rendered":"<p>Inclui 6 tubos de pl\u00e1stico, ideais para fixar as nossas decora\u00e7\u00f5es de arame floral nos nossos bolos.<\/p>\n","protected":false},"featured_media":152196,"comment_status":"open","ping_status":"closed","template":"","meta":{"_acf_changed":false},"pwb-brand":[],"product_brand":[],"product_cat":[3087,3230,1813,1767],"product_tag":[],"class_list":{"0":"post-387589","1":"product","2":"type-product","3":"status-publish","4":"has-post-thumbnail","6":"product_cat-ordem-e-armazenamento","7":"product_cat-tubos-para-flores","8":"product_cat-utensilios-flores","9":"product_cat-utensilios","11":"first","12":"instock","13":"taxable","14":"shipping-taxable","15":"purchasable","16":"product-type-simple"},"acf":[],"df_price":1.38,"df_sale_price":1.38,"df_regular_price":3.45,"df_image_link":"https:\/\/glotomania.com\/wp-content\/uploads\/2025\/09\/img_16706_5cec18856fde53eb79ebf56c92a6b0cf_1-300x300.jpg","brands":[],"_links":{"self":[{"href":"https:\/\/glotomania.com\/pt-pt\/wp-json\/wp\/v2\/product\/387589","targetHints":{"allow":["GET"]}}],"collection":[{"href":"https:\/\/glotomania.com\/pt-pt\/wp-json\/wp\/v2\/product"}],"about":[{"href":"https:\/\/glotomania.com\/pt-pt\/wp-json\/wp\/v2\/types\/product"}],"replies":[{"embeddable":true,"href":"https:\/\/glotomania.com\/pt-pt\/wp-json\/wp\/v2\/comments?post=387589"}],"wp:featuredmedia":[{"embeddable":true,"href":"https:\/\/glotomania.com\/pt-pt\/wp-json\/wp\/v2\/media\/152196"}],"wp:attachment":[{"href":"https:\/\/glotomania.com\/pt-pt\/wp-json\/wp\/v2\/media?parent=387589"}],"wp:term":[{"taxonomy":"pwb-brand","embeddable":true,"href":"https:\/\/glotomania.com\/pt-pt\/wp-json\/wp\/v2\/pwb-brand?post=387589"},{"taxonomy":"product_brand","embeddable":true,"href":"https:\/\/glotomania.com\/pt-pt\/wp-json\/wp\/v2\/product_brand?post=387589"},{"taxonomy":"product_cat","embeddable":true,"href":"https:\/\/glotomania.com\/pt-pt\/wp-json\/wp\/v2\/product_cat?post=387589"},{"taxonomy":"product_tag","embeddable":true,"href":"https:\/\/glotomania.com\/pt-pt\/wp-json\/wp\/v2\/product_tag?post=387589"}],"curies":[{"name":"wp","href":"https:\/\/api.w.org\/{rel}","templated":true}]}}