{"id":387592,"date":"2025-09-02T10:24:22","date_gmt":"2025-09-02T10:24:22","guid":{"rendered":"https:\/\/glotomania.com\/p\/stand-para-cupcake-blanco-tauro-2\/"},"modified":"2026-05-02T00:19:53","modified_gmt":"2026-05-02T00:19:53","slug":"stand-para-cupcake-blanco-tauro-2","status":"publish","type":"product","link":"https:\/\/glotomania.com\/pt-pt\/p\/stand-para-cupcake-blanco-tauro-2\/","title":{"rendered":"Stand Para Cupcake Branco &#8211; Touro"},"content":{"rendered":"<p>\u00a0<\/p>\n<p><span style=\"font-size:14px\">D\u00ea um toque elegante \u00e0s suas doces mesas com este suporte para cupcake branco, com detalhes agrad\u00e1veis nas extremidades. Ideal para a apresenta\u00e7\u00e3o dos nossos bolos, cupcakes, bolachas,&#8230; com o seu desenho original de carruagem.<\/span><\/p>\n<p><span style=\"font-size:14px\">Feito de metal de alta qualidade, adequado para uso alimentar.<\/span><\/p>\n<p><span style=\"font-size:14px\"><strong>Medidas:<\/strong> \u00d8 6 cm &#8211; Altura 5,5 cm &#8211; Comprimento 10,5 cm.<\/span><\/p>\n","protected":false},"excerpt":{"rendered":"<p>Decore as suas mesas doces com este fant\u00e1stico suporte para 1 cupcake com um design original de carruagem.<\/p>\n","protected":false},"featured_media":152199,"comment_status":"open","ping_status":"closed","template":"","meta":{"_acf_changed":false},"pwb-brand":[],"product_brand":[],"product_cat":[3093,1768,3087,1769,3228,1767],"product_tag":[],"class_list":{"0":"post-387592","1":"product","2":"type-product","3":"status-publish","4":"has-post-thumbnail","6":"product_cat-bases-para-bolos-2","7":"product_cat-bases","8":"product_cat-ordem-e-armazenamento","9":"product_cat-soportes","10":"product_cat-suportes-para-doces-e-bolos","11":"product_cat-utensilios","13":"first","14":"instock","15":"taxable","16":"shipping-taxable","17":"purchasable","18":"product-type-simple"},"acf":[],"df_price":2.6,"df_sale_price":2.6,"df_regular_price":6.5,"df_image_link":"https:\/\/glotomania.com\/wp-content\/uploads\/2025\/09\/img_20867_3dbb0844a846904e93f485f2c825b8c5_1-300x300.png","brands":[],"_links":{"self":[{"href":"https:\/\/glotomania.com\/pt-pt\/wp-json\/wp\/v2\/product\/387592","targetHints":{"allow":["GET"]}}],"collection":[{"href":"https:\/\/glotomania.com\/pt-pt\/wp-json\/wp\/v2\/product"}],"about":[{"href":"https:\/\/glotomania.com\/pt-pt\/wp-json\/wp\/v2\/types\/product"}],"replies":[{"embeddable":true,"href":"https:\/\/glotomania.com\/pt-pt\/wp-json\/wp\/v2\/comments?post=387592"}],"wp:featuredmedia":[{"embeddable":true,"href":"https:\/\/glotomania.com\/pt-pt\/wp-json\/wp\/v2\/media\/152199"}],"wp:attachment":[{"href":"https:\/\/glotomania.com\/pt-pt\/wp-json\/wp\/v2\/media?parent=387592"}],"wp:term":[{"taxonomy":"pwb-brand","embeddable":true,"href":"https:\/\/glotomania.com\/pt-pt\/wp-json\/wp\/v2\/pwb-brand?post=387592"},{"taxonomy":"product_brand","embeddable":true,"href":"https:\/\/glotomania.com\/pt-pt\/wp-json\/wp\/v2\/product_brand?post=387592"},{"taxonomy":"product_cat","embeddable":true,"href":"https:\/\/glotomania.com\/pt-pt\/wp-json\/wp\/v2\/product_cat?post=387592"},{"taxonomy":"product_tag","embeddable":true,"href":"https:\/\/glotomania.com\/pt-pt\/wp-json\/wp\/v2\/product_tag?post=387592"}],"curies":[{"name":"wp","href":"https:\/\/api.w.org\/{rel}","templated":true}]}}