{"id":387606,"date":"2025-09-02T10:24:27","date_gmt":"2025-09-02T10:24:27","guid":{"rendered":"https:\/\/glotomania.com\/p\/alcohol-alimenticio-sugarflair-rejuvenator-spirit-280-ml-2\/"},"modified":"2026-04-30T10:28:09","modified_gmt":"2026-04-30T10:28:09","slug":"alcohol-alimenticio-sugarflair-rejuvenator-spirit-280-ml-2","status":"publish","type":"product","link":"https:\/\/glotomania.com\/pt-pt\/p\/alcohol-alimenticio-sugarflair-rejuvenator-spirit-280-ml-2\/","title":{"rendered":"\u00c1lcool Alimentar Sugarflair &#8211; Rejuvenator Spirit 280 Ml"},"content":{"rendered":"<div>\n<span style=\"font-size: 14px\">Ideal para converter corantes em p&oacute; ou glitter em glitter l&iacute;quido comest&iacute;vel. Al&eacute;m disso, tamb&eacute;m pode ser utilizado como adesivo para pequenas decora&ccedil;&otilde;es.<\/span><\/div>\n<div>\n<span style=\"font-size: 14px\"><strong>Composi&ccedil;&atilde;o:<\/strong><br \/>\n&Aacute;lcool isoprop&iacute;lico de qualidade alimentar.<\/span><\/div>\n","protected":false},"excerpt":{"rendered":"<p>\u00c1lcool alimentar a\u00e7ucarado, especialmente para a transforma\u00e7\u00e3o de corantes em p\u00f3 ou brilho em tintas l\u00edquidas.<\/p>\n","protected":false},"featured_media":152210,"comment_status":"open","ping_status":"closed","template":"","meta":{"_acf_changed":false},"pwb-brand":[],"product_brand":[],"product_cat":[3018,2996,3004,1832,1844,1833],"product_tag":[],"class_list":{"0":"post-387606","1":"product","2":"type-product","3":"status-publish","4":"has-post-thumbnail","6":"product_cat-ingredientes-de-pastelaria-2","7":"product_cat-produtos-vegetarianos","8":"product_cat-sem-gluten-2","9":"product_cat-diestas-especiales","10":"product_cat-ingredientes-reposteria","11":"product_cat-dieta-sin-gluten","13":"first","14":"instock","15":"taxable","16":"shipping-taxable","17":"purchasable","18":"product-type-simple"},"acf":[],"df_price":10.35,"df_sale_price":"","df_regular_price":10.35,"df_image_link":"https:\/\/glotomania.com\/wp-content\/uploads\/2025\/09\/img_12474_988f5ddfdb61641b9c2de416748113bf_1-300x300.jpg","brands":[],"_links":{"self":[{"href":"https:\/\/glotomania.com\/pt-pt\/wp-json\/wp\/v2\/product\/387606","targetHints":{"allow":["GET"]}}],"collection":[{"href":"https:\/\/glotomania.com\/pt-pt\/wp-json\/wp\/v2\/product"}],"about":[{"href":"https:\/\/glotomania.com\/pt-pt\/wp-json\/wp\/v2\/types\/product"}],"replies":[{"embeddable":true,"href":"https:\/\/glotomania.com\/pt-pt\/wp-json\/wp\/v2\/comments?post=387606"}],"wp:featuredmedia":[{"embeddable":true,"href":"https:\/\/glotomania.com\/pt-pt\/wp-json\/wp\/v2\/media\/152210"}],"wp:attachment":[{"href":"https:\/\/glotomania.com\/pt-pt\/wp-json\/wp\/v2\/media?parent=387606"}],"wp:term":[{"taxonomy":"pwb-brand","embeddable":true,"href":"https:\/\/glotomania.com\/pt-pt\/wp-json\/wp\/v2\/pwb-brand?post=387606"},{"taxonomy":"product_brand","embeddable":true,"href":"https:\/\/glotomania.com\/pt-pt\/wp-json\/wp\/v2\/product_brand?post=387606"},{"taxonomy":"product_cat","embeddable":true,"href":"https:\/\/glotomania.com\/pt-pt\/wp-json\/wp\/v2\/product_cat?post=387606"},{"taxonomy":"product_tag","embeddable":true,"href":"https:\/\/glotomania.com\/pt-pt\/wp-json\/wp\/v2\/product_tag?post=387606"}],"curies":[{"name":"wp","href":"https:\/\/api.w.org\/{rel}","templated":true}]}}