{"id":387609,"date":"2025-09-02T10:24:29","date_gmt":"2025-09-02T10:24:29","guid":{"rendered":"https:\/\/glotomania.com\/p\/molde-de-aluminio-para-tarta-numero-2-2\/"},"modified":"2026-04-11T04:36:09","modified_gmt":"2026-04-11T04:36:09","slug":"molde-de-aluminio-para-tarta-numero-2-2","status":"publish","type":"product","link":"https:\/\/glotomania.com\/pt-pt\/p\/molde-de-aluminio-para-tarta-numero-2-2\/","title":{"rendered":"Molde De Bolo De Alum\u00cdnio &#8211; N\u00damero 2"},"content":{"rendered":"<p>\n<span style=\"font-size: 14px\">Molde num&eacute;rico de alum&iacute;nio anodizado de alta qualidade, ideal para cozer os nossos bolos, obtendo resultados incr&iacute;veis e muito originais.<\/span><\/p>\n<p><span style=\"font-size: 14px\"><strong>Medidas:<\/strong>&nbsp;Comprimento 32 cm &#8211; Largura m&aacute;xima 18,3 cm &#8211; Altura 5 cm.<\/span><\/p>\n","protected":false},"excerpt":{"rendered":"<p>Molde num\u00e9rico de alum\u00ednio anodizado, ideal para celebrar os anivers\u00e1rios da forma mais original.<\/p>\n","protected":false},"featured_media":35213,"comment_status":"open","ping_status":"closed","template":"","meta":{"_acf_changed":false,"_joinchat":[]},"pwb-brand":[],"product_brand":[],"product_cat":[3217,3214,3087,1802,1801,1767],"product_tag":[],"class_list":{"0":"post-387609","1":"product","2":"type-product","3":"status-publish","4":"has-post-thumbnail","6":"product_cat-moldes-de-formas-especiais","7":"product_cat-moldes-de-pastelaria","8":"product_cat-ordem-e-armazenamento","9":"product_cat-moldes-metal","10":"product_cat-moldes","11":"product_cat-utensilios","13":"first","14":"instock","15":"taxable","16":"shipping-taxable","17":"purchasable","18":"product-type-simple"},"acf":[],"df_price":7.95,"df_sale_price":4.78,"df_regular_price":7.95,"df_image_link":"https:\/\/e622tfk5wxd.exactdn.com\/wp-content\/uploads\/2022\/09\/img_24528_4029512dc212aac26984fdcbbfa101a6_1-300x300.png?strip=all","brands":[],"_links":{"self":[{"href":"https:\/\/glotomania.com\/pt-pt\/wp-json\/wp\/v2\/product\/387609","targetHints":{"allow":["GET"]}}],"collection":[{"href":"https:\/\/glotomania.com\/pt-pt\/wp-json\/wp\/v2\/product"}],"about":[{"href":"https:\/\/glotomania.com\/pt-pt\/wp-json\/wp\/v2\/types\/product"}],"replies":[{"embeddable":true,"href":"https:\/\/glotomania.com\/pt-pt\/wp-json\/wp\/v2\/comments?post=387609"}],"wp:featuredmedia":[{"embeddable":true,"href":"https:\/\/glotomania.com\/pt-pt\/wp-json\/wp\/v2\/media\/35213"}],"wp:attachment":[{"href":"https:\/\/glotomania.com\/pt-pt\/wp-json\/wp\/v2\/media?parent=387609"}],"wp:term":[{"taxonomy":"pwb-brand","embeddable":true,"href":"https:\/\/glotomania.com\/pt-pt\/wp-json\/wp\/v2\/pwb-brand?post=387609"},{"taxonomy":"product_brand","embeddable":true,"href":"https:\/\/glotomania.com\/pt-pt\/wp-json\/wp\/v2\/product_brand?post=387609"},{"taxonomy":"product_cat","embeddable":true,"href":"https:\/\/glotomania.com\/pt-pt\/wp-json\/wp\/v2\/product_cat?post=387609"},{"taxonomy":"product_tag","embeddable":true,"href":"https:\/\/glotomania.com\/pt-pt\/wp-json\/wp\/v2\/product_tag?post=387609"}],"curies":[{"name":"wp","href":"https:\/\/api.w.org\/{rel}","templated":true}]}}