{"id":387616,"date":"2025-09-02T10:24:33","date_gmt":"2025-09-02T10:24:33","guid":{"rendered":"https:\/\/glotomania.com\/p\/soporte-transparente-para-macarons-cuadrado-2\/"},"modified":"2026-03-10T12:38:03","modified_gmt":"2026-03-10T12:38:03","slug":"soporte-transparente-para-macarons-cuadrado-2","status":"publish","type":"product","link":"https:\/\/glotomania.com\/pt-pt\/p\/soporte-transparente-para-macarons-cuadrado-2\/","title":{"rendered":"Suporte Para Macarons Transparente &#8211; Quadrado"},"content":{"rendered":"<p>&nbsp;<\/p>\n<p><span style=\"font-size:14px\"><span style=\"color:#000000\">Incluye <strong>9 niveles de pl&aacute;stico apilables<\/strong>, que debemos ir encajando hasta conseguir la altura deseada. Es perfecto para la presentaci&oacute;n de macarons, galletas, bombones, pastelitos,&#8230; para darle un toque original a las mesas dulces en eventos especiales.<\/span><\/span><\/p>\n<p><span style=\"font-size:14px\"><span style=\"color:#000000\">Fabricado en pl&aacute;stico resistente de alta calidad, apto para uso alimentario.<\/span><\/span><\/p>\n<div><span style=\"font-size:14px\"><span style=\"color:#000000\"><strong>Medidas:<\/strong> Alto 44 cm.<\/span><\/span><\/div>\n<div><span style=\"font-size:14px\"><span style=\"color:#000000\"><span><u>Medidas&nbsp;de los niveles:<\/u> 33,5 cm &#8211; 31 cm &#8211; 28,4 cm &#8211; 25,7&nbsp;cm &#8211; 23,3&nbsp;cm &#8211; 20,6&nbsp;cm &#8211; 18 cm &#8211; 15,4 cm &#8211; 12,8 cm.<\/span><\/span><\/span><\/div>\n","protected":false},"excerpt":{"rendered":"<p>Suporte transparente em forma de pir\u00e2mide para macarr\u00f5es, ideal para exibir pequenas prepara\u00e7\u00f5es nas nossas mesas de doces.<\/p>\n","protected":false},"featured_media":346192,"comment_status":"open","ping_status":"closed","template":"","meta":{"_acf_changed":false},"pwb-brand":[],"product_brand":[],"product_cat":[2907,3087,3228,1849,1769,1767],"product_tag":[],"class_list":{"0":"post-387616","1":"product","2":"type-product","3":"status-publish","4":"has-post-thumbnail","6":"product_cat-festas","7":"product_cat-ordem-e-armazenamento","8":"product_cat-suportes-para-doces-e-bolos","9":"product_cat-fiestas","10":"product_cat-soportes","11":"product_cat-utensilios","13":"first","14":"instock","15":"taxable","16":"shipping-taxable","17":"purchasable","18":"product-type-simple"},"acf":[],"df_price":29.95,"df_sale_price":"","df_regular_price":29.95,"df_image_link":"https:\/\/glotomania.com\/wp-content\/uploads\/2025\/11\/img_12348_b19c61b56c9e11d7609ca69cd7aaab8b_1-15-300x300.jpg","brands":[],"_links":{"self":[{"href":"https:\/\/glotomania.com\/pt-pt\/wp-json\/wp\/v2\/product\/387616","targetHints":{"allow":["GET"]}}],"collection":[{"href":"https:\/\/glotomania.com\/pt-pt\/wp-json\/wp\/v2\/product"}],"about":[{"href":"https:\/\/glotomania.com\/pt-pt\/wp-json\/wp\/v2\/types\/product"}],"replies":[{"embeddable":true,"href":"https:\/\/glotomania.com\/pt-pt\/wp-json\/wp\/v2\/comments?post=387616"}],"wp:featuredmedia":[{"embeddable":true,"href":"https:\/\/glotomania.com\/pt-pt\/wp-json\/wp\/v2\/media\/346192"}],"wp:attachment":[{"href":"https:\/\/glotomania.com\/pt-pt\/wp-json\/wp\/v2\/media?parent=387616"}],"wp:term":[{"taxonomy":"pwb-brand","embeddable":true,"href":"https:\/\/glotomania.com\/pt-pt\/wp-json\/wp\/v2\/pwb-brand?post=387616"},{"taxonomy":"product_brand","embeddable":true,"href":"https:\/\/glotomania.com\/pt-pt\/wp-json\/wp\/v2\/product_brand?post=387616"},{"taxonomy":"product_cat","embeddable":true,"href":"https:\/\/glotomania.com\/pt-pt\/wp-json\/wp\/v2\/product_cat?post=387616"},{"taxonomy":"product_tag","embeddable":true,"href":"https:\/\/glotomania.com\/pt-pt\/wp-json\/wp\/v2\/product_tag?post=387616"}],"curies":[{"name":"wp","href":"https:\/\/api.w.org\/{rel}","templated":true}]}}