{"id":387617,"date":"2025-09-02T10:24:34","date_gmt":"2025-09-02T10:24:34","guid":{"rendered":"https:\/\/glotomania.com\/p\/molde-para-secado-de-flores-8-cavidades-2\/"},"modified":"2026-04-25T00:29:09","modified_gmt":"2026-04-25T00:29:09","slug":"molde-para-secado-de-flores-8-cavidades-2","status":"publish","type":"product","link":"https:\/\/glotomania.com\/pt-pt\/p\/molde-para-secado-de-flores-8-cavidades-2\/","title":{"rendered":"Molde De Secagem De Flores &#8211; 8 Cavidades"},"content":{"rendered":"<p>\n<span style=\"font-size:14px\">Moldes feitos de pl&aacute;stico de alta qualidade e resistente, adequados para uso alimentar.<\/span><\/p>\n<p><span style=\"font-size:14px\">Inclui 2 moldes, com 8 cavidades cada um. N&atilde;o cola, flex&iacute;vel e reutiliz&aacute;vel.<\/span><\/p>\n<p><span style=\"font-size:14px\"><strong>Medidas:<\/strong> &Oslash; cavidade 3,9 cm &#8211; Largura 8,5 cm &#8211; Comprimento 24,5 cm.<\/span><\/p>\n","protected":false},"excerpt":{"rendered":"<p>Inclui 2 moldes de pl\u00e1stico transparente, ideais para moldar as nossas decora\u00e7\u00f5es florais, e tamb\u00e9m, para as deixar secar.<\/p>\n","protected":false},"featured_media":346193,"comment_status":"open","ping_status":"closed","template":"","meta":{"_acf_changed":false},"pwb-brand":[],"product_brand":[],"product_cat":[3214,1801,3219,1807,3087,1767],"product_tag":[],"class_list":{"0":"post-387617","1":"product","2":"type-product","3":"status-publish","4":"has-post-thumbnail","6":"product_cat-moldes-de-pastelaria","7":"product_cat-moldes","8":"product_cat-moldes-multi-porcoes","9":"product_cat-moldes-multiporciones","10":"product_cat-ordem-e-armazenamento","11":"product_cat-utensilios","13":"first","14":"instock","15":"taxable","16":"shipping-taxable","17":"purchasable","18":"product-type-simple"},"acf":[],"df_price":2.15,"df_sale_price":1.4,"df_regular_price":2.15,"df_image_link":"https:\/\/glotomania.com\/wp-content\/uploads\/2025\/11\/img_19991_bfd129508eba9fb92c77922a76788e11_1-17-300x300.jpg","brands":[],"_links":{"self":[{"href":"https:\/\/glotomania.com\/pt-pt\/wp-json\/wp\/v2\/product\/387617","targetHints":{"allow":["GET"]}}],"collection":[{"href":"https:\/\/glotomania.com\/pt-pt\/wp-json\/wp\/v2\/product"}],"about":[{"href":"https:\/\/glotomania.com\/pt-pt\/wp-json\/wp\/v2\/types\/product"}],"replies":[{"embeddable":true,"href":"https:\/\/glotomania.com\/pt-pt\/wp-json\/wp\/v2\/comments?post=387617"}],"wp:featuredmedia":[{"embeddable":true,"href":"https:\/\/glotomania.com\/pt-pt\/wp-json\/wp\/v2\/media\/346193"}],"wp:attachment":[{"href":"https:\/\/glotomania.com\/pt-pt\/wp-json\/wp\/v2\/media?parent=387617"}],"wp:term":[{"taxonomy":"pwb-brand","embeddable":true,"href":"https:\/\/glotomania.com\/pt-pt\/wp-json\/wp\/v2\/pwb-brand?post=387617"},{"taxonomy":"product_brand","embeddable":true,"href":"https:\/\/glotomania.com\/pt-pt\/wp-json\/wp\/v2\/product_brand?post=387617"},{"taxonomy":"product_cat","embeddable":true,"href":"https:\/\/glotomania.com\/pt-pt\/wp-json\/wp\/v2\/product_cat?post=387617"},{"taxonomy":"product_tag","embeddable":true,"href":"https:\/\/glotomania.com\/pt-pt\/wp-json\/wp\/v2\/product_tag?post=387617"}],"curies":[{"name":"wp","href":"https:\/\/api.w.org\/{rel}","templated":true}]}}