{"id":387621,"date":"2025-09-02T10:24:35","date_gmt":"2025-09-02T10:24:35","guid":{"rendered":"https:\/\/glotomania.com\/p\/stand-para-tartas-blanco-trineo-2\/"},"modified":"2026-03-10T12:38:19","modified_gmt":"2026-03-10T12:38:19","slug":"stand-para-tartas-blanco-trineo-2","status":"publish","type":"product","link":"https:\/\/glotomania.com\/pt-pt\/p\/stand-para-tartas-blanco-trineo-2\/","title":{"rendered":"Stand Para Bolos Branco &#8211; Tren\u00d3"},"content":{"rendered":"<p>\n<span style=\"font-size:14px\">D\u00ea um toque elegante \u00e0s suas doces mesas com este suporte para bolos branco, com uma forma original de tren\u00f3. Ideal para a apresenta\u00e7\u00e3o dos nossos bolos, tortas, bolinhos, bolachas,&#8230;<\/span><\/p>\n<p><span style=\"font-size:14px\">Feito de metal de alta qualidade, adequado para uso alimentar.<\/span><\/p>\n<p><span style=\"font-size:14px\"><strong>Dimens\u00f5es:\u00a0 <\/strong>\u00d8 bases 21 cm &#8211; \u00d8 bases totais 31,5 cm &#8211; Altura das bases: 19 \/ 10 cm.\u00a0<\/span><\/p>\n<p><span style=\"font-size:14px\">Largura total 31,5 cm &#8211; Largura da base 25,5 cm &#8211; Comprimento total 64 cm.<\/span><\/p>\n","protected":false},"excerpt":{"rendered":"<p>Decore as suas doces mesas com esta fant\u00e1stica banca de bolos com design original de tren\u00f3.<\/p>\n","protected":false},"featured_media":38473,"comment_status":"open","ping_status":"closed","template":"","meta":{"_acf_changed":false},"pwb-brand":[],"product_brand":[],"product_cat":[3093,1768,2910,2907,1888,1849,1769,3228,1767],"product_tag":[],"class_list":{"0":"post-387621","1":"product","2":"type-product","3":"status-publish","4":"has-post-thumbnail","6":"product_cat-bases-para-bolos-2","7":"product_cat-bases","8":"product_cat-casamentos-2","9":"product_cat-festas","10":"product_cat-bodas","11":"product_cat-fiestas","12":"product_cat-soportes","13":"product_cat-suportes-para-doces-e-bolos","14":"product_cat-utensilios","16":"first","17":"outofstock","18":"taxable","19":"shipping-taxable","20":"purchasable","21":"product-type-simple"},"acf":[],"df_price":40.95,"df_sale_price":"","df_regular_price":40.95,"df_image_link":"https:\/\/glotomania.com\/wp-content\/uploads\/2022\/09\/img_20860_44f0d90c49ac235697de92bdb0b9f27c_1-300x300.png","brands":[],"_links":{"self":[{"href":"https:\/\/glotomania.com\/pt-pt\/wp-json\/wp\/v2\/product\/387621","targetHints":{"allow":["GET"]}}],"collection":[{"href":"https:\/\/glotomania.com\/pt-pt\/wp-json\/wp\/v2\/product"}],"about":[{"href":"https:\/\/glotomania.com\/pt-pt\/wp-json\/wp\/v2\/types\/product"}],"replies":[{"embeddable":true,"href":"https:\/\/glotomania.com\/pt-pt\/wp-json\/wp\/v2\/comments?post=387621"}],"wp:featuredmedia":[{"embeddable":true,"href":"https:\/\/glotomania.com\/pt-pt\/wp-json\/wp\/v2\/media\/38473"}],"wp:attachment":[{"href":"https:\/\/glotomania.com\/pt-pt\/wp-json\/wp\/v2\/media?parent=387621"}],"wp:term":[{"taxonomy":"pwb-brand","embeddable":true,"href":"https:\/\/glotomania.com\/pt-pt\/wp-json\/wp\/v2\/pwb-brand?post=387621"},{"taxonomy":"product_brand","embeddable":true,"href":"https:\/\/glotomania.com\/pt-pt\/wp-json\/wp\/v2\/product_brand?post=387621"},{"taxonomy":"product_cat","embeddable":true,"href":"https:\/\/glotomania.com\/pt-pt\/wp-json\/wp\/v2\/product_cat?post=387621"},{"taxonomy":"product_tag","embeddable":true,"href":"https:\/\/glotomania.com\/pt-pt\/wp-json\/wp\/v2\/product_tag?post=387621"}],"curies":[{"name":"wp","href":"https:\/\/api.w.org\/{rel}","templated":true}]}}