{"id":387622,"date":"2025-09-24T15:34:01","date_gmt":"2025-09-24T15:34:01","guid":{"rendered":"https:\/\/glotomania.com\/p\/caja-para-tarta-deluxe-3\/"},"modified":"2026-03-10T12:38:24","modified_gmt":"2026-03-10T12:38:24","slug":"caja-para-tarta-deluxe-3","status":"publish","type":"product","link":"https:\/\/glotomania.com\/pt-pt\/p\/caja-para-tarta-deluxe-3\/","title":{"rendered":"Caixa De Bolo De Luxo Rosa &#8211; 30 X 34 Cm"},"content":{"rendered":"<p>\n<span style=\"color:#000000\"><span style=\"font-size: 14px\">Caixa de apresenta&ccedil;&atilde;o para bolos com uma parte central transparente, perfeita para todos verem o seu interior sem correr riscos e preservando a sua forma original.<\/span><\/span><\/p>\n<p><span style=\"color:#000000\"><span style=\"font-size: 14px\">Gra&ccedil;as &agrave; cor da base e da tampa, juntamente com o arco que a envolve, torna-se a caixa ideal para entregar as nossas fant&aacute;sticas cria&ccedil;&otilde;es, e at&eacute; para decorar os nossos locais de trabalho.<\/span><\/span><\/p>\n<p><span style=\"color:#000000\"><span style=\"font-size: 14px\">A parte central transparente &eacute; feita de material PET de alta qualidade, adequado para uso alimentar. A base e a tampa s&atilde;o feitas de cart&atilde;o forte e seguro para os alimentos.<\/span><\/span><\/p>\n<p><span style=\"color:#000000\"><span style=\"font-size: 14px\">Inclui a fita, com uma mensagem escrita &quot;<\/span><em style=\"font-size: 14px\">Best wishes for you<\/em><span style=\"font-size: 14px\">&quot;.<\/span><\/span><\/p>\n<p><span style=\"color:#000000\"><span style=\"font-size: 14px\">Dispon&iacute;vel em diferentes formatos e desenhos.<\/span><\/span><\/p>\n<p><span style=\"color:#000000\"><span style=\"font-size: 14px\"><strong>Medidas:&nbsp;<\/strong><\/span><span style=\"font-family: Helvetica;font-size: 14px\">30 x 30 x 34 cm.<\/span><\/span><\/p><\/p>\n","protected":false},"excerpt":{"rendered":"<p>Elegante caixa de apresenta\u00e7\u00e3o transparente, ideal para mostrar as nossas elabora\u00e7\u00f5es de uma forma segura e bonita.<\/p>\n","protected":false},"featured_media":0,"comment_status":"open","ping_status":"closed","template":"","meta":{"_acf_changed":false},"pwb-brand":[],"product_brand":[],"product_cat":[1829],"product_tag":[],"class_list":{"0":"post-387622","1":"product","2":"type-product","3":"status-publish","5":"product_cat-ingredientes","7":"first","8":"outofstock","9":"taxable","10":"shipping-taxable","11":"purchasable","12":"product-type-simple"},"acf":[],"df_price":2.85,"df_sale_price":"","df_regular_price":2.85,"df_image_link":"https:\/\/glotomania.com\/wp-content\/uploads\/2025\/11\/2922280_27002-1-300x300.webp","brands":[],"_links":{"self":[{"href":"https:\/\/glotomania.com\/pt-pt\/wp-json\/wp\/v2\/product\/387622","targetHints":{"allow":["GET"]}}],"collection":[{"href":"https:\/\/glotomania.com\/pt-pt\/wp-json\/wp\/v2\/product"}],"about":[{"href":"https:\/\/glotomania.com\/pt-pt\/wp-json\/wp\/v2\/types\/product"}],"replies":[{"embeddable":true,"href":"https:\/\/glotomania.com\/pt-pt\/wp-json\/wp\/v2\/comments?post=387622"}],"wp:attachment":[{"href":"https:\/\/glotomania.com\/pt-pt\/wp-json\/wp\/v2\/media?parent=387622"}],"wp:term":[{"taxonomy":"pwb-brand","embeddable":true,"href":"https:\/\/glotomania.com\/pt-pt\/wp-json\/wp\/v2\/pwb-brand?post=387622"},{"taxonomy":"product_brand","embeddable":true,"href":"https:\/\/glotomania.com\/pt-pt\/wp-json\/wp\/v2\/product_brand?post=387622"},{"taxonomy":"product_cat","embeddable":true,"href":"https:\/\/glotomania.com\/pt-pt\/wp-json\/wp\/v2\/product_cat?post=387622"},{"taxonomy":"product_tag","embeddable":true,"href":"https:\/\/glotomania.com\/pt-pt\/wp-json\/wp\/v2\/product_tag?post=387622"}],"curies":[{"name":"wp","href":"https:\/\/api.w.org\/{rel}","templated":true}]}}