{"id":387628,"date":"2025-09-02T10:25:16","date_gmt":"2025-09-02T10:25:16","guid":{"rendered":"https:\/\/glotomania.com\/p\/caja-para-tarta-3-alturas-ajustables-15-cm-2\/"},"modified":"2026-04-21T09:11:57","modified_gmt":"2026-04-21T09:11:57","slug":"caja-para-tarta-3-alturas-ajustables-15-cm-2","status":"publish","type":"product","link":"https:\/\/glotomania.com\/pt-pt\/p\/caja-para-tarta-3-alturas-ajustables-15-cm-2\/","title":{"rendered":"Caixa De Bolos 3 Alturas Modul\u00c1veis &#8211; 15 Cm"},"content":{"rendered":"<p>\n<span style=\"color:#000000\"><span style=\"font-size:14px\">A caixa &eacute; constitu&iacute;da por 2 partes (base e tampa) e &eacute; enviada desmontada para evitar danos durante o transporte.<\/span><\/span><\/p>\n<p><span style=\"color:#000000\"><span style=\"font-size:14px\">Fabricado em cart&atilde;o resistente, adequado para uso alimentar.<\/span><\/span><\/p>\n<p><span style=\"color:#000000\"><span style=\"font-size:14px\"><strong>Medidas:<\/strong> 15 x 15 &#8211; Alturas&nbsp;20 \/ 21 \/ 24 cm.<\/span><\/span><\/p>\n<p>&nbsp;<\/p>\n","protected":false},"excerpt":{"rendered":"<p>Feito de cart\u00e3o resistente, ideal para o cuidado e transporte das suas cria\u00e7\u00f5es.<\/p>\n","protected":false},"featured_media":342797,"comment_status":"open","ping_status":"closed","template":"","meta":{"_acf_changed":false},"pwb-brand":[],"product_brand":[],"product_cat":[3158,3178,3180,3087,1931,1782,1783,1767],"product_tag":[],"class_list":{"0":"post-387628","1":"product","2":"type-product","3":"status-publish","4":"has-post-thumbnail","6":"product_cat-caixas-de-pastelaria","7":"product_cat-caixas-para-bolos-2","8":"product_cat-caixas-regulaveis-em-altura","9":"product_cat-ordem-e-armazenamento","10":"product_cat-cajas-altura-ajustable","11":"product_cat-cajas","12":"product_cat-cajas-tartas","13":"product_cat-utensilios","15":"first","16":"outofstock","17":"taxable","18":"shipping-taxable","19":"purchasable","20":"product-type-simple"},"acf":[],"df_price":0.9,"df_sale_price":"","df_regular_price":0.9,"df_image_link":"https:\/\/glotomania.com\/wp-content\/uploads\/2025\/11\/img_21668_bfa1f30e0d8937c21c766f214bb1f1dd_1-17-300x300.jpg","brands":[],"_links":{"self":[{"href":"https:\/\/glotomania.com\/pt-pt\/wp-json\/wp\/v2\/product\/387628","targetHints":{"allow":["GET"]}}],"collection":[{"href":"https:\/\/glotomania.com\/pt-pt\/wp-json\/wp\/v2\/product"}],"about":[{"href":"https:\/\/glotomania.com\/pt-pt\/wp-json\/wp\/v2\/types\/product"}],"replies":[{"embeddable":true,"href":"https:\/\/glotomania.com\/pt-pt\/wp-json\/wp\/v2\/comments?post=387628"}],"wp:featuredmedia":[{"embeddable":true,"href":"https:\/\/glotomania.com\/pt-pt\/wp-json\/wp\/v2\/media\/342797"}],"wp:attachment":[{"href":"https:\/\/glotomania.com\/pt-pt\/wp-json\/wp\/v2\/media?parent=387628"}],"wp:term":[{"taxonomy":"pwb-brand","embeddable":true,"href":"https:\/\/glotomania.com\/pt-pt\/wp-json\/wp\/v2\/pwb-brand?post=387628"},{"taxonomy":"product_brand","embeddable":true,"href":"https:\/\/glotomania.com\/pt-pt\/wp-json\/wp\/v2\/product_brand?post=387628"},{"taxonomy":"product_cat","embeddable":true,"href":"https:\/\/glotomania.com\/pt-pt\/wp-json\/wp\/v2\/product_cat?post=387628"},{"taxonomy":"product_tag","embeddable":true,"href":"https:\/\/glotomania.com\/pt-pt\/wp-json\/wp\/v2\/product_tag?post=387628"}],"curies":[{"name":"wp","href":"https:\/\/api.w.org\/{rel}","templated":true}]}}