{"id":387638,"date":"2025-09-02T10:25:26","date_gmt":"2025-09-02T10:25:26","guid":{"rendered":"https:\/\/glotomania.com\/p\/caja-para-1-galleta-con-corazones-kraft\/"},"modified":"2026-03-10T12:41:48","modified_gmt":"2026-03-10T12:41:48","slug":"caja-para-1-galleta-con-corazones-kraft","status":"publish","type":"product","link":"https:\/\/glotomania.com\/pt-pt\/p\/caja-para-1-galleta-con-corazones-kraft\/","title":{"rendered":"Caixa Para Um Biscoito Kraft Com Cora\u00c7\u00d5es"},"content":{"rendered":"<p>&nbsp;<\/p>\n<p><span style=\"font-size: 14px\">Fabricado em cart&atilde;o resistente de alta qualidade, e janela de pl&aacute;stico, adequado para uso alimentar.<\/span><\/p>\n<p><span style=\"font-size: 14px\"><strong>Medidas<\/strong>: Comprimento 10&nbsp;cm &#8211; Largura 10 cm &#8211; Altura 3,5 cm.<\/span><\/p>\n","protected":false},"excerpt":{"rendered":"<p>Ideal por apresentar as nossas pequenas cria\u00e7\u00f5es de uma forma rom\u00e2ntica e original.<\/p>\n","protected":false},"featured_media":339115,"comment_status":"open","ping_status":"closed","template":"","meta":{"_acf_changed":false},"pwb-brand":[],"product_brand":[],"product_cat":[3158,3168,3087,2924,1852,1785,1782,1767],"product_tag":[],"class_list":{"0":"post-387638","1":"product","2":"type-product","3":"status-publish","4":"has-post-thumbnail","6":"product_cat-caixas-de-pastelaria","7":"product_cat-caixas-para-bolachas-2","8":"product_cat-ordem-e-armazenamento","9":"product_cat-sao-valentim-2","10":"product_cat-san-valentin","11":"product_cat-cajas-galletas","12":"product_cat-cajas","13":"product_cat-utensilios","15":"first","16":"instock","17":"taxable","18":"shipping-taxable","19":"purchasable","20":"product-type-simple"},"acf":[],"df_price":0.36,"df_sale_price":"","df_regular_price":0.36,"df_image_link":"https:\/\/glotomania.com\/wp-content\/uploads\/2025\/11\/img_12376_05a25bbcb03f684ce958c0e70292131e_1-16-300x300.jpg","brands":[],"_links":{"self":[{"href":"https:\/\/glotomania.com\/pt-pt\/wp-json\/wp\/v2\/product\/387638","targetHints":{"allow":["GET"]}}],"collection":[{"href":"https:\/\/glotomania.com\/pt-pt\/wp-json\/wp\/v2\/product"}],"about":[{"href":"https:\/\/glotomania.com\/pt-pt\/wp-json\/wp\/v2\/types\/product"}],"replies":[{"embeddable":true,"href":"https:\/\/glotomania.com\/pt-pt\/wp-json\/wp\/v2\/comments?post=387638"}],"wp:featuredmedia":[{"embeddable":true,"href":"https:\/\/glotomania.com\/pt-pt\/wp-json\/wp\/v2\/media\/339115"}],"wp:attachment":[{"href":"https:\/\/glotomania.com\/pt-pt\/wp-json\/wp\/v2\/media?parent=387638"}],"wp:term":[{"taxonomy":"pwb-brand","embeddable":true,"href":"https:\/\/glotomania.com\/pt-pt\/wp-json\/wp\/v2\/pwb-brand?post=387638"},{"taxonomy":"product_brand","embeddable":true,"href":"https:\/\/glotomania.com\/pt-pt\/wp-json\/wp\/v2\/product_brand?post=387638"},{"taxonomy":"product_cat","embeddable":true,"href":"https:\/\/glotomania.com\/pt-pt\/wp-json\/wp\/v2\/product_cat?post=387638"},{"taxonomy":"product_tag","embeddable":true,"href":"https:\/\/glotomania.com\/pt-pt\/wp-json\/wp\/v2\/product_tag?post=387638"}],"curies":[{"name":"wp","href":"https:\/\/api.w.org\/{rel}","templated":true}]}}