{"id":387639,"date":"2025-09-02T10:25:27","date_gmt":"2025-09-02T10:25:27","guid":{"rendered":"https:\/\/glotomania.com\/p\/caja-para-galletas-corazones-y-rayas-grande-2\/"},"modified":"2026-03-10T12:41:50","modified_gmt":"2026-03-10T12:41:50","slug":"caja-para-galletas-corazones-y-rayas-grande-2","status":"publish","type":"product","link":"https:\/\/glotomania.com\/pt-pt\/p\/caja-para-galletas-corazones-y-rayas-grande-2\/","title":{"rendered":"Caixa De Biscoitos Cora\u00c7\u00c3o E Riscas &#8211; Grande"},"content":{"rendered":"<p>\n<span style=\"font-size: 14px\">Fabricado em cart&atilde;o de alta qualidade e resistente, com janela de pl&aacute;stico, adequado para uso alimentar.<\/span><\/p>\n<p><span style=\"font-size: 14px\"><strong>Medidas:&nbsp;<\/strong>Comprimento 24 cm &#8211; Largura 24 cm &#8211; Altura 7,5 cm.<\/span><\/p>\n","protected":false},"excerpt":{"rendered":"<p>Ideal para apresentar de uma forma rom\u00e2ntica e original as nossas pequenas elabora\u00e7\u00f5es.<\/p>\n","protected":false},"featured_media":348855,"comment_status":"open","ping_status":"closed","template":"","meta":{"_acf_changed":false},"pwb-brand":[],"product_brand":[],"product_cat":[3158,3168,3087,2924,1852,1785,1782,1767],"product_tag":[],"class_list":{"0":"post-387639","1":"product","2":"type-product","3":"status-publish","4":"has-post-thumbnail","6":"product_cat-caixas-de-pastelaria","7":"product_cat-caixas-para-bolachas-2","8":"product_cat-ordem-e-armazenamento","9":"product_cat-sao-valentim-2","10":"product_cat-san-valentin","11":"product_cat-cajas-galletas","12":"product_cat-cajas","13":"product_cat-utensilios","15":"first","16":"instock","17":"taxable","18":"shipping-taxable","19":"purchasable","20":"product-type-simple"},"acf":[],"df_price":1.25,"df_sale_price":"","df_regular_price":1.25,"df_image_link":"https:\/\/glotomania.com\/wp-content\/uploads\/2025\/11\/img_20977_cf4969356b5fb224120d0526aa312035_1-11-300x300.jpg","brands":[],"_links":{"self":[{"href":"https:\/\/glotomania.com\/pt-pt\/wp-json\/wp\/v2\/product\/387639","targetHints":{"allow":["GET"]}}],"collection":[{"href":"https:\/\/glotomania.com\/pt-pt\/wp-json\/wp\/v2\/product"}],"about":[{"href":"https:\/\/glotomania.com\/pt-pt\/wp-json\/wp\/v2\/types\/product"}],"replies":[{"embeddable":true,"href":"https:\/\/glotomania.com\/pt-pt\/wp-json\/wp\/v2\/comments?post=387639"}],"wp:featuredmedia":[{"embeddable":true,"href":"https:\/\/glotomania.com\/pt-pt\/wp-json\/wp\/v2\/media\/348855"}],"wp:attachment":[{"href":"https:\/\/glotomania.com\/pt-pt\/wp-json\/wp\/v2\/media?parent=387639"}],"wp:term":[{"taxonomy":"pwb-brand","embeddable":true,"href":"https:\/\/glotomania.com\/pt-pt\/wp-json\/wp\/v2\/pwb-brand?post=387639"},{"taxonomy":"product_brand","embeddable":true,"href":"https:\/\/glotomania.com\/pt-pt\/wp-json\/wp\/v2\/product_brand?post=387639"},{"taxonomy":"product_cat","embeddable":true,"href":"https:\/\/glotomania.com\/pt-pt\/wp-json\/wp\/v2\/product_cat?post=387639"},{"taxonomy":"product_tag","embeddable":true,"href":"https:\/\/glotomania.com\/pt-pt\/wp-json\/wp\/v2\/product_tag?post=387639"}],"curies":[{"name":"wp","href":"https:\/\/api.w.org\/{rel}","templated":true}]}}