{"id":387648,"date":"2025-09-02T10:25:30","date_gmt":"2025-09-02T10:25:30","guid":{"rendered":"https:\/\/glotomania.com\/p\/set-8-sellos-con-mango-pavoni-2\/"},"modified":"2026-04-25T00:29:20","modified_gmt":"2026-04-25T00:29:20","slug":"set-8-sellos-con-mango-pavoni-2","status":"publish","type":"product","link":"https:\/\/glotomania.com\/pt-pt\/p\/set-8-sellos-con-mango-pavoni-2\/","title":{"rendered":"Set 8 Selos Con Manga Pavoni"},"content":{"rendered":"<p>\n<span style=\"font-size:14px\">Uma ferramenta muito pr&aacute;tica para criar belas decora&ccedil;&otilde;es em relevo em pasta de a&ccedil;&uacute;car, chocolate de pl&aacute;stico, ma&ccedil;ap&atilde;o&#8230;<\/span><\/p>\n<p><span style=\"font-size:14px\"><strong>Medidas de carimbo<\/strong>: &Oslash; 2 cm.&nbsp;<\/span><\/p>\n","protected":false},"excerpt":{"rendered":"<p>Inclui um cabo ergon\u00f3mico juntamente com 8 carimbos diferentes, perfeito para fazer as nossas decora\u00e7\u00f5es de forma confort\u00e1vel e r\u00e1pida.<\/p>\n","protected":false},"featured_media":346253,"comment_status":"open","ping_status":"closed","template":"","meta":{"_acf_changed":false},"pwb-brand":[],"product_brand":[],"product_cat":[3199,1788,1869],"product_tag":[],"class_list":{"0":"post-387648","1":"product","2":"type-product","3":"status-publish","4":"has-post-thumbnail","6":"product_cat-cortadores-de-metal","7":"product_cat-cortadores-de-cobre","8":"product_cat-ultimas-unidades","10":"first","11":"instock","12":"taxable","13":"shipping-taxable","14":"purchasable","15":"product-type-simple"},"acf":[],"df_price":9.2,"df_sale_price":4.6,"df_regular_price":9.2,"df_image_link":"https:\/\/glotomania.com\/wp-content\/uploads\/2025\/11\/img_13677_57e205de18ef99303914ca3fa286164b_1-11-300x300.jpg","brands":[],"_links":{"self":[{"href":"https:\/\/glotomania.com\/pt-pt\/wp-json\/wp\/v2\/product\/387648","targetHints":{"allow":["GET"]}}],"collection":[{"href":"https:\/\/glotomania.com\/pt-pt\/wp-json\/wp\/v2\/product"}],"about":[{"href":"https:\/\/glotomania.com\/pt-pt\/wp-json\/wp\/v2\/types\/product"}],"replies":[{"embeddable":true,"href":"https:\/\/glotomania.com\/pt-pt\/wp-json\/wp\/v2\/comments?post=387648"}],"wp:featuredmedia":[{"embeddable":true,"href":"https:\/\/glotomania.com\/pt-pt\/wp-json\/wp\/v2\/media\/346253"}],"wp:attachment":[{"href":"https:\/\/glotomania.com\/pt-pt\/wp-json\/wp\/v2\/media?parent=387648"}],"wp:term":[{"taxonomy":"pwb-brand","embeddable":true,"href":"https:\/\/glotomania.com\/pt-pt\/wp-json\/wp\/v2\/pwb-brand?post=387648"},{"taxonomy":"product_brand","embeddable":true,"href":"https:\/\/glotomania.com\/pt-pt\/wp-json\/wp\/v2\/product_brand?post=387648"},{"taxonomy":"product_cat","embeddable":true,"href":"https:\/\/glotomania.com\/pt-pt\/wp-json\/wp\/v2\/product_cat?post=387648"},{"taxonomy":"product_tag","embeddable":true,"href":"https:\/\/glotomania.com\/pt-pt\/wp-json\/wp\/v2\/product_tag?post=387648"}],"curies":[{"name":"wp","href":"https:\/\/api.w.org\/{rel}","templated":true}]}}