{"id":387649,"date":"2025-09-18T16:00:25","date_gmt":"2025-09-18T16:00:25","guid":{"rendered":"https:\/\/glotomania.com\/p\/molde-silicona-pavoni-6-arboles-navidad-2\/"},"modified":"2026-04-27T00:16:10","modified_gmt":"2026-04-27T00:16:10","slug":"molde-silicona-pavoni-6-arboles-navidad-2","status":"publish","type":"product","link":"https:\/\/glotomania.com\/pt-pt\/p\/molde-silicona-pavoni-6-arboles-navidad-2\/","title":{"rendered":"Molde De Silicone Pavoni &#8211; 6 \u00c1rvores De Natal"},"content":{"rendered":"<p>&nbsp;<\/p>\n<p><span style=\"font-size:14px\"><span style=\"color:#000000\">Fabricado em silicone dur&aacute;vel, este molde suporta temperaturas de -40&deg;C a 250&deg;C, permitindo-lhe utiliz&aacute;-lo para cozer no forno ou congelar no congelador sem preocupa&ccedil;&otilde;es. Al&eacute;m disso, gra&ccedil;as ao seu design flex&iacute;vel, &eacute; f&aacute;cil de retirar do molde sem risco de se danificar e pode ser lavado na m&aacute;quina de lavar loi&ccedil;a, poupando tempo na limpeza.<\/span><\/span><\/p>\n<p><span style=\"font-size:14px\"><span style=\"color:#000000\">Este molde apresenta 4 designs diferentes de &aacute;rvores de Natal, dando variedade e criatividade &agrave;s suas decora&ccedil;&otilde;es e doces de Natal. Perfeito para fazer chocolates, geleias, bolos, fondant e muito mais, torne as suas celebra&ccedil;&otilde;es festivas &uacute;nicas com estas encantadoras figuras de Natal!<\/span><\/span><\/p>\n<p><span style=\"font-size:14px\"><span style=\"color:#000000\"><strong>Dimens&otilde;es aproximadas: <\/strong><u>Molde<\/u> 30 x 17,5 cm &#8211; <u>Cavidades<\/u> 5 x 7 x 3,5 cm.<br \/>\n<strong>Capacidade aproximada por cavidade: <\/strong>100 ml.<\/span><\/span><\/p>\n","protected":false},"excerpt":{"rendered":"<p>D\u00ea vida \u00e0s suas cria\u00e7\u00f5es de Natal com este molde de silicone vers\u00e1til e de alta qualidade! Tem 6 cavidades ideais tanto para cozer como para fazer figuras de \u00e1rvores de Natal congeladas.<\/p>\n","protected":false},"featured_media":157277,"comment_status":"open","ping_status":"closed","template":"","meta":{"_acf_changed":false},"pwb-brand":[],"product_brand":[],"product_cat":[2907,3214,1801,1810,3222,2920,3087,1849,1866,1767],"product_tag":[],"class_list":{"0":"post-387649","1":"product","2":"type-product","3":"status-publish","4":"has-post-thumbnail","6":"product_cat-festas","7":"product_cat-moldes-de-pastelaria","8":"product_cat-moldes","9":"product_cat-moldes-silicona","10":"product_cat-moldes-de-silicone","11":"product_cat-natal-2","12":"product_cat-ordem-e-armazenamento","13":"product_cat-fiestas","14":"product_cat-navidad","15":"product_cat-utensilios","17":"first","18":"instock","19":"taxable","20":"shipping-taxable","21":"purchasable","22":"product-type-simple"},"acf":[],"df_price":11.13,"df_sale_price":5.57,"df_regular_price":11.13,"df_image_link":"https:\/\/glotomania.com\/wp-content\/uploads\/2025\/09\/img_27075_c0ff91a65c94035b832cd871473ce120_1-300x300.jpg","brands":[],"_links":{"self":[{"href":"https:\/\/glotomania.com\/pt-pt\/wp-json\/wp\/v2\/product\/387649","targetHints":{"allow":["GET"]}}],"collection":[{"href":"https:\/\/glotomania.com\/pt-pt\/wp-json\/wp\/v2\/product"}],"about":[{"href":"https:\/\/glotomania.com\/pt-pt\/wp-json\/wp\/v2\/types\/product"}],"replies":[{"embeddable":true,"href":"https:\/\/glotomania.com\/pt-pt\/wp-json\/wp\/v2\/comments?post=387649"}],"wp:featuredmedia":[{"embeddable":true,"href":"https:\/\/glotomania.com\/pt-pt\/wp-json\/wp\/v2\/media\/157277"}],"wp:attachment":[{"href":"https:\/\/glotomania.com\/pt-pt\/wp-json\/wp\/v2\/media?parent=387649"}],"wp:term":[{"taxonomy":"pwb-brand","embeddable":true,"href":"https:\/\/glotomania.com\/pt-pt\/wp-json\/wp\/v2\/pwb-brand?post=387649"},{"taxonomy":"product_brand","embeddable":true,"href":"https:\/\/glotomania.com\/pt-pt\/wp-json\/wp\/v2\/product_brand?post=387649"},{"taxonomy":"product_cat","embeddable":true,"href":"https:\/\/glotomania.com\/pt-pt\/wp-json\/wp\/v2\/product_cat?post=387649"},{"taxonomy":"product_tag","embeddable":true,"href":"https:\/\/glotomania.com\/pt-pt\/wp-json\/wp\/v2\/product_tag?post=387649"}],"curies":[{"name":"wp","href":"https:\/\/api.w.org\/{rel}","templated":true}]}}