{"id":387651,"date":"2025-09-02T10:25:31","date_gmt":"2025-09-02T10:25:31","guid":{"rendered":"https:\/\/glotomania.com\/p\/harina-de-almendra-meditts-800-g-2\/"},"modified":"2026-04-06T08:19:45","modified_gmt":"2026-04-06T08:19:45","slug":"harina-de-almendra-meditts-800-g-2","status":"publish","type":"product","link":"https:\/\/glotomania.com\/pt-pt\/p\/harina-de-almendra-meditts-800-g-2\/","title":{"rendered":"[p. Caduc.] Farinha De Am\u00candoa Meditts &#8211; 800 G"},"content":{"rendered":"<p>&nbsp;<\/p>\n<p>&nbsp;<\/p>\n","protected":false},"excerpt":{"rendered":"<p>Farinha feita de am\u00eandoas, descascadas e mo\u00eddas para obter uma textura fina e suave, ideal para as nossas prepara\u00e7\u00f5es, tais como macarr\u00f5es.<\/p>\n","protected":false},"featured_media":348861,"comment_status":"open","ping_status":"closed","template":"","meta":{"_acf_changed":false},"pwb-brand":[],"product_brand":[],"product_cat":[3030,2996,3004,1832,1895,1833],"product_tag":[],"class_list":{"0":"post-387651","1":"product","2":"type-product","3":"status-publish","4":"has-post-thumbnail","6":"product_cat-frutos-secos-2","7":"product_cat-produtos-vegetarianos","8":"product_cat-sem-gluten-2","9":"product_cat-diestas-especiales","10":"product_cat-frutos-secos","11":"product_cat-dieta-sin-gluten","13":"first","14":"instock","15":"taxable","16":"shipping-taxable","17":"purchasable","18":"product-type-simple"},"acf":[],"df_price":12.51,"df_sale_price":"","df_regular_price":12.51,"df_image_link":"https:\/\/glotomania.com\/wp-content\/uploads\/2025\/11\/img_12357_4d02c57587b40725d6264429d962b120_1-15-300x300.jpg","brands":[],"_links":{"self":[{"href":"https:\/\/glotomania.com\/pt-pt\/wp-json\/wp\/v2\/product\/387651","targetHints":{"allow":["GET"]}}],"collection":[{"href":"https:\/\/glotomania.com\/pt-pt\/wp-json\/wp\/v2\/product"}],"about":[{"href":"https:\/\/glotomania.com\/pt-pt\/wp-json\/wp\/v2\/types\/product"}],"replies":[{"embeddable":true,"href":"https:\/\/glotomania.com\/pt-pt\/wp-json\/wp\/v2\/comments?post=387651"}],"wp:featuredmedia":[{"embeddable":true,"href":"https:\/\/glotomania.com\/pt-pt\/wp-json\/wp\/v2\/media\/348861"}],"wp:attachment":[{"href":"https:\/\/glotomania.com\/pt-pt\/wp-json\/wp\/v2\/media?parent=387651"}],"wp:term":[{"taxonomy":"pwb-brand","embeddable":true,"href":"https:\/\/glotomania.com\/pt-pt\/wp-json\/wp\/v2\/pwb-brand?post=387651"},{"taxonomy":"product_brand","embeddable":true,"href":"https:\/\/glotomania.com\/pt-pt\/wp-json\/wp\/v2\/product_brand?post=387651"},{"taxonomy":"product_cat","embeddable":true,"href":"https:\/\/glotomania.com\/pt-pt\/wp-json\/wp\/v2\/product_cat?post=387651"},{"taxonomy":"product_tag","embeddable":true,"href":"https:\/\/glotomania.com\/pt-pt\/wp-json\/wp\/v2\/product_tag?post=387651"}],"curies":[{"name":"wp","href":"https:\/\/api.w.org\/{rel}","templated":true}]}}