{"id":387652,"date":"2025-09-02T10:25:33","date_gmt":"2025-09-02T10:25:33","guid":{"rendered":"https:\/\/glotomania.com\/p\/granillo-de-almendra-meditts-1-kg-2\/"},"modified":"2026-04-18T02:26:23","modified_gmt":"2026-04-18T02:26:23","slug":"granillo-de-almendra-meditts-1-kg-2","status":"publish","type":"product","link":"https:\/\/glotomania.com\/pt-pt\/p\/granillo-de-almendra-meditts-1-kg-2\/","title":{"rendered":"Granulado De Am\u00candoa Meditts &#8211; 1 Kg"},"content":{"rendered":"","protected":false},"excerpt":{"rendered":"<p>Granito obtido por esmagamento de am\u00eandoas naturais descascadas, ideal para a prepara\u00e7\u00e3o e decora\u00e7\u00e3o dos nossos doces.<\/p>\n","protected":false},"featured_media":348862,"comment_status":"open","ping_status":"closed","template":"","meta":{"_acf_changed":false},"pwb-brand":[],"product_brand":[],"product_cat":[1832,3030,1895,1833,2996,3004],"product_tag":[],"class_list":{"0":"post-387652","1":"product","2":"type-product","3":"status-publish","4":"has-post-thumbnail","6":"product_cat-diestas-especiales","7":"product_cat-frutos-secos-2","8":"product_cat-frutos-secos","9":"product_cat-dieta-sin-gluten","10":"product_cat-produtos-vegetarianos","11":"product_cat-sem-gluten-2","13":"first","14":"instock","15":"taxable","16":"shipping-taxable","17":"purchasable","18":"product-type-simple"},"acf":[],"df_price":19.9,"df_sale_price":"","df_regular_price":19.9,"df_image_link":"https:\/\/glotomania.com\/wp-content\/uploads\/2025\/11\/img_12358_e287ef4bc07ec7d5bbacfa9de3ce55cd_1-20-300x300.jpg","brands":[],"_links":{"self":[{"href":"https:\/\/glotomania.com\/pt-pt\/wp-json\/wp\/v2\/product\/387652","targetHints":{"allow":["GET"]}}],"collection":[{"href":"https:\/\/glotomania.com\/pt-pt\/wp-json\/wp\/v2\/product"}],"about":[{"href":"https:\/\/glotomania.com\/pt-pt\/wp-json\/wp\/v2\/types\/product"}],"replies":[{"embeddable":true,"href":"https:\/\/glotomania.com\/pt-pt\/wp-json\/wp\/v2\/comments?post=387652"}],"wp:featuredmedia":[{"embeddable":true,"href":"https:\/\/glotomania.com\/pt-pt\/wp-json\/wp\/v2\/media\/348862"}],"wp:attachment":[{"href":"https:\/\/glotomania.com\/pt-pt\/wp-json\/wp\/v2\/media?parent=387652"}],"wp:term":[{"taxonomy":"pwb-brand","embeddable":true,"href":"https:\/\/glotomania.com\/pt-pt\/wp-json\/wp\/v2\/pwb-brand?post=387652"},{"taxonomy":"product_brand","embeddable":true,"href":"https:\/\/glotomania.com\/pt-pt\/wp-json\/wp\/v2\/product_brand?post=387652"},{"taxonomy":"product_cat","embeddable":true,"href":"https:\/\/glotomania.com\/pt-pt\/wp-json\/wp\/v2\/product_cat?post=387652"},{"taxonomy":"product_tag","embeddable":true,"href":"https:\/\/glotomania.com\/pt-pt\/wp-json\/wp\/v2\/product_tag?post=387652"}],"curies":[{"name":"wp","href":"https:\/\/api.w.org\/{rel}","templated":true}]}}