{"id":387669,"date":"2025-09-02T10:25:42","date_gmt":"2025-09-02T10:25:42","guid":{"rendered":"https:\/\/glotomania.com\/p\/colorante-en-gel-pastkolor-azul-marino-50-g-2\/"},"modified":"2026-04-14T18:27:53","modified_gmt":"2026-04-14T18:27:53","slug":"colorante-en-gel-pastkolor-azul-marino-50-g-2","status":"publish","type":"product","link":"https:\/\/glotomania.com\/pt-pt\/p\/colorante-en-gel-pastkolor-azul-marino-50-g-2\/","title":{"rendered":"Corante Em Gel Pastkolor &#8211; Azul Marinho 50 G"},"content":{"rendered":"<p>&nbsp;<\/p>\n<p><span style=\"color:#000000\"><span style=\"font-size: 14px\">Corante alimentar em gel ideal para utilizar em bolos, cupcakes, bolachas, pasta de goma, pasta de flores, fondant, cremes, coberturas, gelatinas,&#8230; e muito mais!&nbsp;&Eacute; feito para todos os tipos de usos, sendo ideal para<strong>&nbsp;tingir ou colorir&nbsp;<\/strong>qualquer massa.<\/span><\/span><\/p>\n<p><span style=\"color:#000000\"><span style=\"font-size: 14px\">N&atilde;o recomendado para utiliza&ccedil;&atilde;o em produtos &agrave; base de gordura, como chocolate ou creme de manteiga. &nbsp;<\/span><\/span><\/p>\n<p><span style=\"color:#000000\"><span style=\"font-size: 14px\">Possui a consist&ecirc;ncia adequada que permite uma colora&ccedil;&atilde;o r&aacute;pida e f&aacute;cil,<strong>&nbsp;sem desestabilizar a prepara&ccedil;&atilde;o<\/strong>. Possui pigmentos de qualidade, com&nbsp;<u>uma das maiores concentra&ccedil;&otilde;es do mercado<\/u>, para que possamos obter<strong>&nbsp;cores intensas<\/strong>.<\/span><\/span><\/p>\n<p><span style=\"color:#000000\"><span style=\"font-size: 14px\">Com a aplica&ccedil;&atilde;o de pequenas quantidades, conseguimos colorir a prepara&ccedil;&atilde;o com o tom de cor desejado.<\/span><\/span><\/p>\n","protected":false},"excerpt":{"rendered":"<p>Ideal para tingir ou colorir qualquer massa. Permite-nos obter cores intensas gra\u00e7as \u00e0 sua alta concentra\u00e7\u00e3o.<\/p>\n","protected":false},"featured_media":348868,"comment_status":"open","ping_status":"closed","template":"","meta":{"_acf_changed":false},"pwb-brand":[],"product_brand":[],"product_cat":[1835,1897,2911,2953,2957,1832,2907,1845,1833,2996,1862,1849,3001,3004],"product_tag":[],"class_list":{"0":"post-387669","1":"product","2":"type-product","3":"status-publish","4":"has-post-thumbnail","6":"product_cat-colorantes","7":"product_cat-colorantes-gel","8":"product_cat-comunhoes","9":"product_cat-corantes-e-pinturas","10":"product_cat-corantes-em-gel-2","11":"product_cat-diestas-especiales","12":"product_cat-festas","13":"product_cat-dieta-sin-e-171","14":"product_cat-dieta-sin-gluten","15":"product_cat-produtos-vegetarianos","16":"product_cat-comuniones","17":"product_cat-fiestas","18":"product_cat-sem-e-171-2","19":"product_cat-sem-gluten-2","21":"first","22":"instock","23":"taxable","24":"shipping-taxable","25":"purchasable","26":"product-type-simple"},"acf":[],"df_price":4.9,"df_sale_price":"","df_regular_price":4.9,"df_image_link":"https:\/\/glotomania.com\/wp-content\/uploads\/2025\/11\/img_20324_de75d1c155baf9b3ef34375775c1e4af_1-16-300x300.jpg","brands":[],"_links":{"self":[{"href":"https:\/\/glotomania.com\/pt-pt\/wp-json\/wp\/v2\/product\/387669","targetHints":{"allow":["GET"]}}],"collection":[{"href":"https:\/\/glotomania.com\/pt-pt\/wp-json\/wp\/v2\/product"}],"about":[{"href":"https:\/\/glotomania.com\/pt-pt\/wp-json\/wp\/v2\/types\/product"}],"replies":[{"embeddable":true,"href":"https:\/\/glotomania.com\/pt-pt\/wp-json\/wp\/v2\/comments?post=387669"}],"wp:featuredmedia":[{"embeddable":true,"href":"https:\/\/glotomania.com\/pt-pt\/wp-json\/wp\/v2\/media\/348868"}],"wp:attachment":[{"href":"https:\/\/glotomania.com\/pt-pt\/wp-json\/wp\/v2\/media?parent=387669"}],"wp:term":[{"taxonomy":"pwb-brand","embeddable":true,"href":"https:\/\/glotomania.com\/pt-pt\/wp-json\/wp\/v2\/pwb-brand?post=387669"},{"taxonomy":"product_brand","embeddable":true,"href":"https:\/\/glotomania.com\/pt-pt\/wp-json\/wp\/v2\/product_brand?post=387669"},{"taxonomy":"product_cat","embeddable":true,"href":"https:\/\/glotomania.com\/pt-pt\/wp-json\/wp\/v2\/product_cat?post=387669"},{"taxonomy":"product_tag","embeddable":true,"href":"https:\/\/glotomania.com\/pt-pt\/wp-json\/wp\/v2\/product_tag?post=387669"}],"curies":[{"name":"wp","href":"https:\/\/api.w.org\/{rel}","templated":true}]}}